{"id":12473,"date":"2025-10-14T21:11:19","date_gmt":"2025-10-14T19:11:19","guid":{"rendered":"https:\/\/sxe-consulting.com\/?page_id=12473"},"modified":"2025-10-14T21:11:19","modified_gmt":"2025-10-14T19:11:19","slug":"pdca-definition","status":"publish","type":"page","link":"https:\/\/sxe-consulting.com\/de\/glossaire-industriel\/pdca-definition\/","title":{"rendered":"PDCA (Plan-Do-Check-Act)"},"content":{"rendered":"<p>Die <strong>PDCA (Plan-Do-Check-Act)<\/strong>, auch bekannt als <strong>Deming-Rad<\/strong> (popul\u00e4r gemacht von W. Edwards Deming), ist eine iterative, zyklische Methode des Qualit\u00e4tsmanagements und der Prozessverbesserung. Sie bietet einen strukturierten und allgemein anerkannten Rahmen f\u00fcr den Lean-Six-Sigma-Ansatz.<\/p>\n<p><!--more--><\/p>\n<p><strong>Vertiefte Definition :<\/strong> PDCA ist ein vierstufiger Lern- und Handlungszyklus, der Folgendes zum Ziel hat <strong>Probleme auf wissenschaftliche Weise l\u00f6sen<\/strong> und die validierten L\u00f6sungen zu standardisieren. Sein zyklischer Charakter bedeutet, dass der Prozess nie abgeschlossen ist: Jede validierte L\u00f6sung wird zum neuen Standard, der wiederum hinterfragt und verbessert werden muss. PDCA ist von entscheidender Bedeutung bei der\u2019<strong>Operative Exzellenz<\/strong> weil es den \u00dcbergang von reaktiven Ma\u00dfnahmen (Fehler korrigieren) zu proaktiven Verbesserungen (die Grundursache des Fehlers beseitigen) erm\u00f6glicht.<\/p>\n<h3><strong>Die vier Schritte des PDCA-Zyklus und ihr Bezug zur Industrietechnik<\/strong><\/h3>\n<p>Der Erfolg eines Verbesserungsprozesses h\u00e4ngt davon ab, dass diese vier Phasen eingehalten werden:<\/p>\n<h3><strong>1. Planen (Plan)<\/strong><\/h3>\n<ul>\n<li><strong>Ziele:<\/strong> Definieren Sie das Problem, analysieren Sie seine tieferen Ursachen und planen Sie die L\u00f6sung.<\/li>\n<li><strong>Key-Actions :<\/strong>\n<ul>\n<li><strong>Identifikation :<\/strong> Verwendung von <strong>KPI<\/strong> (wie das <strong>TRS<\/strong>), um eine Leistungsl\u00fccke zu identifizieren (z. B. ein <strong>Erdrosselungshals<\/strong> oder eine ungew\u00f6hnlich hohe Fehlerquote).<\/li>\n<li><strong>Analyse :<\/strong> F\u00fchren Sie eine <strong>Root Cause Analysis (RCA)<\/strong> um die grundlegende Ursache des Fehlers zu ermitteln (z. B.: Der Bediener h\u00e4lt sich nicht an die\u2019<strong>Arbeitsanweisung<\/strong> Standard, da er nicht ergonomisch ist).<\/li>\n<li><strong>Planung :<\/strong> Entwickeln Sie eine L\u00f6sungshypothese und definieren Sie Erfolgsmetriken.<\/li>\n<\/ul>\n<\/li>\n<\/ul>\n<h3><strong>2. Durchf\u00fchren (Do)<\/strong><\/h3>\n<ul>\n<li><strong>Ziele:<\/strong> Implementieren Sie die geplante L\u00f6sung in kleinem Ma\u00dfstab in einer kontrollierten Umgebung, um ihre Wirksamkeit zu \u00fcberpr\u00fcfen, ohne die <strong>Serienproduktion<\/strong>.<\/li>\n<li><strong>Key-Actions :<\/strong>\n<ul>\n<li><strong>Pilottest :<\/strong> \u00c4nderung der\u2019<strong>Arbeitsanweisung<\/strong> um sie f\u00fcr eine kleine Gruppe von Bedienern ergonomischer zu gestalten.<\/li>\n<li><strong>Datenerhebung :<\/strong> L\u2019<strong>IoT<\/strong> oder das System <strong>MEINE<\/strong> wird verwendet, um Leistungsdaten zu speichern (<em>vor<\/em> und <em>nach<\/em>) die \u00c4nderung, wodurch eine objektive Messung der Auswirkungen gew\u00e4hrleistet wird.<\/li>\n<\/ul>\n<\/li>\n<\/ul>\n<h3><strong>3. \u00dcberpr\u00fcfen (Check)<\/strong><\/h3>\n<ul>\n<li><strong>Ziele:<\/strong> Bewerten Sie die Ergebnisse des Versuchs im Hinblick auf die in der Planphase festgelegten Ziele.<\/li>\n<li><strong>Key-Actions :<\/strong>\n<ul>\n<li><strong>Ergebnisanalyse :<\/strong> Vergleichen Sie den <strong>TRS<\/strong> oder die Nicht-Qualit\u00e4tsrate nach der \u00c4nderung mit den urspr\u00fcnglichen Bezugsdaten.<\/li>\n<li><strong>Schlussfolgerung :<\/strong> Hat die L\u00f6sung die grundlegende Ursache des Problems beseitigt? Ist das Ergebnis nachhaltig? Der Ansatz <strong>Six Sigma<\/strong> wird hier oft verwendet, um die statistischen Auswirkungen der Verbesserung zu validieren.<\/li>\n<\/ul>\n<\/li>\n<\/ul>\n<h3><strong>4. Handeln (Act)<\/strong><\/h3>\n<ul>\n<li><strong>Ziele:<\/strong> Die validierte L\u00f6sung dauerhaft \u00fcbernehmen oder den Zyklus neu starten, wenn der Versuch nicht erfolgreich war.<\/li>\n<li><strong>Key-Actions :<\/strong>\n<ul>\n<li><strong>Standardisierung :<\/strong> Wenn die L\u00f6sung erfolgreich ist, wird sie auf alle betroffenen Stellen ausgeweitet. Die neue Methode wird zum neuen Standard des Unternehmens, formalisiert in den <strong>Arbeitsanweisungen<\/strong> Aktualisierungen und Qualit\u00e4tsverfahren. Die <strong>Herstellungsordner<\/strong> aktualisiert wird.<\/li>\n<li><strong>Zyklus neu starten :<\/strong> Wenn die L\u00f6sung fehlgeschlagen ist, werden die gewonnenen Erkenntnisse genutzt, um eine neue Planungsphase zu starten (PDCA ist also tats\u00e4chlich ein Zyklus).<\/li>\n<\/ul>\n<\/li>\n<\/ul>\n<h3><strong>PDCA und Digitale Transformation (Industrie 4.0)<\/strong><\/h3>\n<p>Die <strong>Industrielle Digitalisierung<\/strong> hat PDCA schneller und m\u00e4chtiger gemacht :<\/p>\n<ul>\n<li><strong>Beschleunigte \u00dcberpr\u00fcfung :<\/strong> L\u2019<strong>IoT<\/strong> und Systeme <strong>MEINE<\/strong> liefern Leistungsdaten in Echtzeit, sodass die Wirksamkeit einer L\u00f6sung fast sofort \u00fcberpr\u00fcft werden kann, was den PDCA-Zyklus beschleunigt.<\/li>\n<li><strong>Simulation und Planung :<\/strong> Die Verwendung von <strong>Digitale Zwillinge (Digital Twin)<\/strong> und Werkzeuge zur\u2019<strong>K\u00fcnstliche Intelligenz (KI)<\/strong> kann die Auswirkungen einer Verbesserung schon in der Phase simulieren <em>Plan<\/em>, Das Risiko, das mit dem physischen Test verbunden ist, wird dadurch verringert.<\/li>\n<li><strong>Standardisierung leicht gemacht :<\/strong> Die elektronische Dokumentenverwaltung (\u00fcber die\u2019<strong>ERP<\/strong> und der <strong>MEINE<\/strong>) stellt sicher, dass der Schritt <em>Akt<\/em> (Standardisierung) einheitlich und schnell in der gesamten Organisation eingesetzt wird.<\/li>\n<\/ul>\n<h3><strong>Die Rolle des Lean-Manufacturing-Beraters bei der Bew\u00e4ltigung von PDCA<\/strong><\/h3>\n<p>Oftmals gelingt es Unternehmen nicht, PDCA anzuwenden, weil sie die Schritte vermischen (direkt von <em>Plan<\/em> \u00e0 <em>Akt<\/em> ohne <em>Do<\/em> und <em>Check<\/em>), oder weil sie beim ersten Erfolg aufh\u00f6ren. Der Lean-Manufacturing-Berater hilft seinen Kunden dabei, :<\/p>\n<ul>\n<li><strong>Strukturierung der Analyse :<\/strong> Teams in der rigorosen Analyse von Wurzelursachen schulen.<\/li>\n<li><strong>Disziplin einf\u00fchren :<\/strong> F\u00fchren Sie t\u00e4gliche Routinen und Rituale (KAIZEN-Treffen) ein, um sicherzustellen, dass der Zyklus systematisch und regelm\u00e4\u00dfig durchgef\u00fchrt wird.<\/li>\n<li><strong>Kultur verankern :<\/strong> Verwenden Sie PDCA als gemeinsame Sprache der\u2019<strong>Kontinuierliche Verbesserung<\/strong> auf allen Ebenen der Organisation.<\/li>\n<\/ul>\n<p>Die <strong>PDCA<\/strong> ist das methodische Werkzeug, das sicherstellt, dass die\u2019<strong>Kontinuierliche Verbesserung<\/strong> ist nicht zuf\u00e4llig, sondern ein strukturierter Prozess, der zu einer <strong>Operative Exzellenz<\/strong> nachhaltig.<\/p>\n<p><!-- notionvc: 899552dc-7073-45c4-879e-d6ab452352ff --><\/p>","protected":false},"excerpt":{"rendered":"<p>Le PDCA (Plan-Do-Check-Act), \u00e9galement connu sous le nom de Roue de Deming (popularis\u00e9e par W. Edwards Deming), est une m\u00e9thode it\u00e9rative et cyclique de gestion de la qualit\u00e9 et d&#8217;am\u00e9lioration des processus. Il fournit un cadre structur\u00e9 et universellement reconnu pour l&#8217;approche lean six sigma.<\/p>","protected":false},"author":1,"featured_media":0,"parent":12324,"menu_order":0,"comment_status":"closed","ping_status":"closed","template":"","meta":{"_sitemap_exclude":false,"_sitemap_priority":"","_sitemap_frequency":"","footnotes":""},"definition":[99],"class_list":["post-12473","page","type-page","status-publish","hentry","definition-definition"],"jetpack_sharing_enabled":true,"_links":{"self":[{"href":"https:\/\/sxe-consulting.com\/de\/wp-json\/wp\/v2\/pages\/12473","targetHints":{"allow":["GET"]}}],"collection":[{"href":"https:\/\/sxe-consulting.com\/de\/wp-json\/wp\/v2\/pages"}],"about":[{"href":"https:\/\/sxe-consulting.com\/de\/wp-json\/wp\/v2\/types\/page"}],"author":[{"embeddable":true,"href":"https:\/\/sxe-consulting.com\/de\/wp-json\/wp\/v2\/users\/1"}],"replies":[{"embeddable":true,"href":"https:\/\/sxe-consulting.com\/de\/wp-json\/wp\/v2\/comments?post=12473"}],"version-history":[{"count":0,"href":"https:\/\/sxe-consulting.com\/de\/wp-json\/wp\/v2\/pages\/12473\/revisions"}],"up":[{"embeddable":true,"href":"https:\/\/sxe-consulting.com\/de\/wp-json\/wp\/v2\/pages\/12324"}],"wp:attachment":[{"href":"https:\/\/sxe-consulting.com\/de\/wp-json\/wp\/v2\/media?parent=12473"}],"wp:term":[{"taxonomy":"definition","embeddable":true,"href":"https:\/\/sxe-consulting.com\/de\/wp-json\/wp\/v2\/definition?post=12473"}],"curies":[{"name":"wp","href":"https:\/\/api.w.org\/{rel}","templated":true}]}}