{"id":12472,"date":"2025-10-14T21:10:19","date_gmt":"2025-10-14T19:10:19","guid":{"rendered":"https:\/\/sxe-consulting.com\/?page_id=12472"},"modified":"2025-10-14T21:10:19","modified_gmt":"2025-10-14T19:10:19","slug":"nomenklatur-definition","status":"publish","type":"page","link":"https:\/\/sxe-consulting.com\/de\/glossaire-industriel\/nomenclature-definition\/","title":{"rendered":"Nomenklatur (Bill of Materials - BOM)"},"content":{"rendered":"<p>Die <strong>Nomenklatur (Bill of Materials - BOM)<\/strong> ist ein strukturiertes, hierarchisches Dokument, das alle Bauteile, Unterbaugruppen, Rohteile und Rohstoffe, die zur Herstellung eines Endprodukts erforderlich sind, einschlie\u00dflich der genauen ben\u00f6tigten Mengen vollst\u00e4ndig auflistet.<\/p>\n<p><!--more--><\/p>\n<p><strong>Vertiefte Definition :<\/strong> Die Nomenklatur ist im w\u00f6rtlichen Sinne die <strong>Herstellungsrezept<\/strong> des Produkts. Sie wird in der Phase der\u2019<strong>Industrialisierung<\/strong> durch das Planungsb\u00fcro oder den Dienst <strong>Methoden<\/strong> und ist ein Kernst\u00fcck des <strong>Herstellungsordner<\/strong>. Ihre Baumstruktur (oft auch als \u201cSt\u00fccklistenaufl\u00f6sung\u201d bezeichnet) definiert die Eltern-Kind-Beziehungen zwischen den verschiedenen Montageebenen. Ihre Genauigkeit ist von entscheidender Bedeutung, denn der kleinste Fehler bei den Mengen oder Artikelnummern wirkt sich direkt auf die Selbstkosten, die Einkaufsplanung und die Produktionseffizienz aus. <strong>Serienproduktion<\/strong>.<\/p>\n<h3><strong>Die wichtigsten Funktionen der BOM f\u00fcr die industrielle Leistung<\/strong><\/h3>\n<p>F\u00fcr die\u2019<strong>Operative Exzellenz<\/strong> und die Schritte von <strong>Wirtschaftsingenieurwesen<\/strong>, Die BOM ist ein multifunktionales Werkzeug und ein kritischer Kontrollpunkt:<\/p>\n<h3><strong>A. Planung und Logistik (MRP)<\/strong><\/h3>\n<ul>\n<li><strong>Bedarfsrechnung (MRP) :<\/strong> Die BOM ist die grundlegende Eingabe des Systems <strong>MRP (Material Requirements Planning)<\/strong>. Die MRP verwendet die BOM, um die Nachfrage nach Fertigprodukten auf alle ben\u00f6tigten Komponenten und Rohstoffe \u201caufzusplitten\u201d und so genau zu bestimmen, was wann gekauft oder intern hergestellt werden muss.<\/li>\n<li><strong>Lagerverwaltung :<\/strong> Sie ist wesentlich f\u00fcr die Verfolgung von Warenbewegungen und die Bewertung der Kosten f\u00fcr unfertige Erzeugnisse (<em>WIP<\/em>) und fertige Produkte in der\u2019<strong>ERP (Enterprise Resource Planning)<\/strong>. Ein fairer BOM ist die Voraussetzung <em>sine qua non<\/em> um Verschwendung zu vermeiden (<em>Muda<\/em>), die mit dem \u00dcberbestand oder dem Bruch verbunden ist.<\/li>\n<\/ul>\n<h3><strong>B. Kosten und Finanzen<\/strong><\/h3>\n<ul>\n<li><strong>Berechnung der Gestehungskosten :<\/strong> Die BOM wird in der Finanzwelt verwendet, um die theoretischen Standardkosten eines Produkts zu berechnen. Indem man die Menge jeder Komponente mit ihren St\u00fcckkosten multipliziert, erh\u00e4lt man den Materialwert des Endprodukts, einen <strong>KPI<\/strong> wesentlich f\u00fcr die operative Marge.<\/li>\n<li><strong>Kostenkontrolle :<\/strong> Die BOM-Analyse erm\u00f6glicht es den Ingenieuren des <strong>Wirtschaftsingenieurwesen<\/strong> teure Komponenten zu identifizieren und an ihrer Vereinfachung zu arbeiten (durch den Ansatz <strong>DFMA<\/strong> - <em>Design for Manufacturing and Assembly<\/em>) oder zur Verringerung ihrer Menge.<\/li>\n<\/ul>\n<h3><strong>C. Ausf\u00fchrung und Qualit\u00e4t (MES)<\/strong><\/h3>\n<ul>\n<li><strong>Aufbauanleitung :<\/strong> Sie ist die Grundlage f\u00fcr alle <strong>Arbeitsanweisungen<\/strong> und Listen zur Vorbereitung von Sets. Sie stellt sicher, dass die richtige Komponente am richtigen Ort und in der richtigen Phase der <strong>Herstellungsprogramm<\/strong>.<\/li>\n<li><strong>Nachvollziehbarkeit :<\/strong> Jede BOM-Zeile ist mit einer eindeutigen Referenz verkn\u00fcpft und erm\u00f6glicht so eine <strong>R\u00fcckverfolgbarkeit<\/strong> der Komponente \u00fcber den gesamten Produktlebenszyklus hinweg, insbesondere \u00fcber das System <strong>MES (Manufacturing Execution System)<\/strong>.<\/li>\n<\/ul>\n<h3><strong>Die verschiedenen Arten der Nomenklatur<\/strong><\/h3>\n<p>Je nach Funktion oder Zeitpunkt im Lebenszyklus eines Produkts unterscheidet man haupts\u00e4chlich :<\/p>\n<ol>\n<li><strong>Engineering BOM (<em>EBOM<\/em>) :<\/strong> Spiegelt das Produktdesign wider, wie es von der Forschung und Entwicklung festgelegt wurde.<\/li>\n<li><strong>BOM von Fabrication (<em>MBOM<\/em>) :<\/strong> Stellt die Struktur des Produkts so dar, wie es tats\u00e4chlich hergestellt wird. Sie umfasst Verbrauchsmaterialien (Klebstoffe, Farbe), tempor\u00e4re Montageuntergruppen und die Art und Weise, wie die <strong>Herstellungsprogramm<\/strong> verwendet die Komponenten. Es ist die MBOM, die vom <strong>MEINE<\/strong>.<\/li>\n<li><strong>BOM von Verkauf (<em>SBOM<\/em>) :<\/strong> Beschreibt das Endprodukt, wie der Kunde es erh\u00e4lt. Wird h\u00e4ufig f\u00fcr konfigurierbare Produkte mit verschiedenen Optionen verwendet.<\/li>\n<\/ol>\n<h3><strong>BOM und Digitale Transformation (Industrie 4.0)<\/strong><\/h3>\n<p>In einem Umfeld von <strong>Industrielle Digitalisierung<\/strong>, Die BOM ist ein dynamisches Element:<\/p>\n<ul>\n<li><strong>Elektronische Verwaltung :<\/strong> Sie wird \u00fcber ein System verwaltet <strong>PLM (Product Lifecycle Management)<\/strong> oder direkt in der\u2019<strong>ERP<\/strong>, Das bedeutet, dass nur die aktuellste Version (oft verbunden mit einem <strong>Digitaler Zwilling<\/strong> des Produkts) wird von der Produktion und der Einkaufsabteilung verwendet.<\/li>\n<li><strong>Komplexit\u00e4t der Varianten :<\/strong> Digitale Werkzeuge erm\u00f6glichen es, die Komplexit\u00e4t ultrapersonalisierter Produkte (gro\u00dfe Vielfalt an Artikelnummern) mithilfe von modularen BOMs und automatischen Konfigurationsregeln zu bew\u00e4ltigen.<\/li>\n<\/ul>\n<p>Abschlie\u00dfend <strong>Nomenklatur<\/strong> ist die Grundlage f\u00fcr technische Daten in einem Unternehmen. Seine Strenge ist Ausdruck der Reife in <strong>Wirtschaftsingenieurwesen<\/strong> einer Organisation. Die Sicherstellung ihrer Richtigkeit ist der erste Schritt zu einer effektiven und effizienten Planung und Durchf\u00fchrung.<\/p>\n<p><!-- notionvc: 39589a80-67a6-4d3b-84f5-4067bc1b0563 --><\/p>","protected":false},"excerpt":{"rendered":"<p>La Nomenclature (Bill of Materials &#8211; BOM) est un document structur\u00e9 et hi\u00e9rarchique qui liste de mani\u00e8re exhaustive tous les composants, sous-ensembles, pi\u00e8ces brutes et mati\u00e8res premi\u00e8res n\u00e9cessaires pour fabriquer un produit fini, y compris les quantit\u00e9s exactes requises.<\/p>","protected":false},"author":1,"featured_media":0,"parent":12324,"menu_order":0,"comment_status":"closed","ping_status":"closed","template":"","meta":{"_sitemap_exclude":false,"_sitemap_priority":"","_sitemap_frequency":"","footnotes":""},"definition":[99],"class_list":["post-12472","page","type-page","status-publish","hentry","definition-definition"],"jetpack_sharing_enabled":true,"_links":{"self":[{"href":"https:\/\/sxe-consulting.com\/de\/wp-json\/wp\/v2\/pages\/12472","targetHints":{"allow":["GET"]}}],"collection":[{"href":"https:\/\/sxe-consulting.com\/de\/wp-json\/wp\/v2\/pages"}],"about":[{"href":"https:\/\/sxe-consulting.com\/de\/wp-json\/wp\/v2\/types\/page"}],"author":[{"embeddable":true,"href":"https:\/\/sxe-consulting.com\/de\/wp-json\/wp\/v2\/users\/1"}],"replies":[{"embeddable":true,"href":"https:\/\/sxe-consulting.com\/de\/wp-json\/wp\/v2\/comments?post=12472"}],"version-history":[{"count":0,"href":"https:\/\/sxe-consulting.com\/de\/wp-json\/wp\/v2\/pages\/12472\/revisions"}],"up":[{"embeddable":true,"href":"https:\/\/sxe-consulting.com\/de\/wp-json\/wp\/v2\/pages\/12324"}],"wp:attachment":[{"href":"https:\/\/sxe-consulting.com\/de\/wp-json\/wp\/v2\/media?parent=12472"}],"wp:term":[{"taxonomy":"definition","embeddable":true,"href":"https:\/\/sxe-consulting.com\/de\/wp-json\/wp\/v2\/definition?post=12472"}],"curies":[{"name":"wp","href":"https:\/\/api.w.org\/{rel}","templated":true}]}}