{"id":12471,"date":"2025-10-14T21:09:12","date_gmt":"2025-10-14T19:09:12","guid":{"rendered":"https:\/\/sxe-consulting.com\/?page_id=12471"},"modified":"2025-10-14T21:09:12","modified_gmt":"2025-10-14T19:09:12","slug":"erp-definition","status":"publish","type":"page","link":"https:\/\/sxe-consulting.com\/de\/glossaire-industriel\/erp-definition\/","title":{"rendered":"Was ist ein ERP (Enterprise Resource Planning)?"},"content":{"rendered":"<p>L\u2019<strong>ERP (Enterprise Resource Planning)<\/strong>, oder <strong>Integrierte Verwaltungssoftware (ERP)<\/strong>, Ein zentrales, modulares Informationssystem, mit dem alle Gesch\u00e4ftsprozesse eines Unternehmens (Finanzen, Personal, Verkauf, Einkauf, Produktion usw.) in einem einzigen System verwaltet und koordiniert werden k\u00f6nnen. <strong>einheitliche und gemeinsame Datenbank<\/strong>.<\/p>\n<p><!--more--><\/p>\n<p><strong>Vertiefte Definition :<\/strong> Das ERP ist die <strong>digitales R\u00fcckgrat<\/strong> der Organisation zugrunde liegt. Sein Grundprinzip ist die Integration aller Unternehmensfunktionen, um die Konsistenz der Daten, die Automatisierung abteilungs\u00fcbergreifender Aufgaben und die Zuverl\u00e4ssigkeit der Informationen zu gew\u00e4hrleisten. Im industriellen Kontext ist er das System, das die Nachfrage und die strategische Planung (\u00fcber den <strong>MRP<\/strong>) aus Kundenauftr\u00e4gen und Prognosen und konsolidiert dann die Finanz- und Leistungsergebnisse. ERP ist ein Katalysator f\u00fcr die <strong>Industrielle Digitalisierung<\/strong> indem sie den Austausch zwischen den Abteilungen verfl\u00fcssigen und einen Gesamt\u00fcberblick f\u00fcr die Entscheidungsfindung liefern.<\/p>\n<h3><strong>Schl\u00fcsselfunktionen und ERP-Integration in der Industrie<\/strong><\/h3>\n<p>Die Effizienz eines ERP-Systems beruht auf seiner F\u00e4higkeit, alle Bereiche eines Unternehmens miteinander zu verbinden. Seine Hauptmodule in der Industrie sind :<\/p>\n<h3><strong>A. Finanzen und Buchhaltung<\/strong><\/h3>\n<ul>\n<li><strong>Rolle :<\/strong> Konsolidierung aller Finanzstr\u00f6me (Rechnungsstellung, Hauptbuch, Anlageverm\u00f6gen). Das Finanzmodul ist der endg\u00fcltige Empf\u00e4nger der wirtschaftlichen Auswirkungen aller in der Produktion getroffenen Entscheidungen.<\/li>\n<\/ul>\n<h3><strong>B. Supply Chain Management und Logistik<\/strong><\/h3>\n<ul>\n<li><strong>Rolle :<\/strong> Steuerung des Einkaufs, der Beschaffung, der Lagerverwaltung und des Versands. Hier wird die Bedarfsplanung (<strong>MRP<\/strong>) wird durchgef\u00fchrt und wandelt Kundenauftr\u00e4ge in interne Einkaufs- und Fertigungsauftr\u00e4ge um. Er verwaltet die R\u00fcckverfolgbarkeit der Rohstoffchargen.<\/li>\n<\/ul>\n<h3><strong>C. Verwaltung der Produktion<\/strong><\/h3>\n<ul>\n<li><strong>Rolle :<\/strong> Das ERP verwaltet die langfristige Planung (das <strong>Masterplan f\u00fcr die Produktion<\/strong>) und die Verwaltung kritischer technischer Daten wie die <strong>Nomenklatur (BOM)<\/strong> und hochrangige Arbeitspl\u00e4ne. Anschlie\u00dfend \u00fcbermittelt er die Ausf\u00fchrungsauftr\u00e4ge (die <em>quois<\/em> und die <em>wenn<\/em>) zum System <strong>MES (Manufacturing Execution System)<\/strong>, Die Sch\u00fclerinnen und Sch\u00fcler werden in der Schule von einer Lehrerin oder einem Lehrer betreut, die bzw. der den Unterricht \u00fcbernimmt.<\/li>\n<\/ul>\n<h3><strong>D. Kundenbeziehung und Vertrieb (CRM)<\/strong><\/h3>\n<ul>\n<li><strong>Rolle :<\/strong> Verwaltung von Angeboten, Kundenauftr\u00e4gen und der Rechnungsschnittstelle, wodurch sichergestellt wird, dass das gesch\u00e4ftliche Engagement mit den Produktionskapazit\u00e4ten und Lagerbest\u00e4nden abgestimmt ist.<\/li>\n<\/ul>\n<h3><strong>ERP: Ein strategischer Hebel f\u00fcr operative Exzellenz<\/strong><\/h3>\n<p>Ein gut konfiguriertes und integriertes ERP ist unerl\u00e4sslich, um die Schritte der\u2019<strong>Operative Exzellenz<\/strong> :<\/p>\n<ol>\n<li><strong>Verl\u00e4sslichkeit der Daten :<\/strong> Durch die Nutzung einer einzigen Quelle werden R\u00fcckerfassungsfehler und Inkonsistenzen zwischen Abteilungen (Verkauf, Produktion, Finanzen) eliminiert, was eine Analyse der <strong>Industrielle Leistung<\/strong> auf verl\u00e4sslichen Zahlen beruht.<\/li>\n<li><strong>Globale Vision und Strategische Steuerung :<\/strong> F\u00fchrungskr\u00e4fte k\u00f6nnen konsolidierte Dashboards (Umsatz, operative Marge, tats\u00e4chliche Selbstkosten) erhalten, um die Effizienz der Wertsch\u00f6pfungskette zu bewerten, insbesondere die finanziellen Auswirkungen eines <strong>Erdrosselungshals (Bottleneck)<\/strong>.<\/li>\n<li><strong>Advanced Logistics Support :<\/strong> ERP ist notwendig, um die komplexen Systeme der <strong>Gezogener Fluss<\/strong> und von <strong>Pushed Flow<\/strong> indem sie eine genaue Planung liefert. Sie erm\u00f6glicht eine bessere Dimensionierung der Lagerbest\u00e4nde und eine Reduzierung des BFR (Boin de fonds de Roulement).<\/li>\n<li><strong>Stiftung Digitalisierung 4.0 :<\/strong> Das ERP-System muss in der Lage sein, Schnittstellen zu den Technologien der\u2019<strong>Industrie 4.0<\/strong>. Er versorgt den <strong>MEINE<\/strong> mit den Arbeitsauftr\u00e4gen und erh\u00e4lt im Gegenzug die Ausf\u00fchrungsdaten in Echtzeit (\u00fcber den\u2019<strong>IoT<\/strong>), um die Best\u00e4nde und den Bestellstatus zu aktualisieren.<\/li>\n<\/ol>\n<h3><strong>Die Herausforderungen der Implementierung und die Rolle des Beraters<\/strong><\/h3>\n<p>Die Einf\u00fchrung eines ERP-Systems ist ein gro\u00dfes Umgestaltungsprojekt, das oft teuer und riskant ist, wenn es schlecht gemanagt wird :<\/p>\n<ul>\n<li><strong>Integrationskomplexit\u00e4t :<\/strong> Es muss so konfiguriert werden, dass es die tats\u00e4chlichen Prozesse des Unternehmens widerspiegelt. Eine Diskrepanz zwischen dem physischen Prozess und der ERP-Konfiguration f\u00fchrt zu Widerst\u00e4nden und Fehlfunktionen.<\/li>\n<li><strong>Change Management :<\/strong> ERP erzwingt neue Arbeitsweisen. Die Rolle des Beraters f\u00fcr digitale Transformation besteht darin, das Unternehmen dabei zu unterst\u00fctzen, seine Prozesse anzugleichen (\u00fcber den <strong>Wirtschaftsingenieurwesen<\/strong> und der <strong>Lean Management<\/strong>) vor der Einf\u00fchrung des Systems zu schulen und eine <strong>Change Management<\/strong> die Annahme durch die Teams durch partizipatives Management.<\/li>\n<\/ul>\n<p>Zusammenfassend l\u00e4sst sich sagen, dass die\u2019<strong>ERP<\/strong> ist das System, das Daten in Informationen und Informationen in Planung umwandelt. Es ist das unverzichtbare Werkzeug, das es KMU erm\u00f6glicht, von einem reaktiven Silo-Management zu einer integrierten und proaktiven Steuerung \u00fcberzugehen, die f\u00fcr jedes nachhaltige Wachstum unerl\u00e4sslich ist.<\/p>\n<p><!-- notionvc: 61de8684-bba8-4f58-baef-9da3ebd4a811 --><\/p>","protected":false},"excerpt":{"rendered":"<p>L&#8217;ERP (Enterprise Resource Planning), ou Progiciel de Gestion Int\u00e9gr\u00e9 (PGI), est un syst\u00e8me d&#8217;information centralis\u00e9 et modulaire qui permet de g\u00e9rer et de coordonner l&#8217;ensemble des processus op\u00e9rationnels d&#8217;une entreprise (finance, ressources humaines, ventes, achats, production, etc.) au sein d&#8217;une base de donn\u00e9es unique et partag\u00e9e.<\/p>","protected":false},"author":1,"featured_media":0,"parent":12324,"menu_order":0,"comment_status":"closed","ping_status":"closed","template":"","meta":{"_sitemap_exclude":false,"_sitemap_priority":"","_sitemap_frequency":"","footnotes":""},"definition":[99],"class_list":["post-12471","page","type-page","status-publish","hentry","definition-definition"],"jetpack_sharing_enabled":true,"_links":{"self":[{"href":"https:\/\/sxe-consulting.com\/de\/wp-json\/wp\/v2\/pages\/12471","targetHints":{"allow":["GET"]}}],"collection":[{"href":"https:\/\/sxe-consulting.com\/de\/wp-json\/wp\/v2\/pages"}],"about":[{"href":"https:\/\/sxe-consulting.com\/de\/wp-json\/wp\/v2\/types\/page"}],"author":[{"embeddable":true,"href":"https:\/\/sxe-consulting.com\/de\/wp-json\/wp\/v2\/users\/1"}],"replies":[{"embeddable":true,"href":"https:\/\/sxe-consulting.com\/de\/wp-json\/wp\/v2\/comments?post=12471"}],"version-history":[{"count":0,"href":"https:\/\/sxe-consulting.com\/de\/wp-json\/wp\/v2\/pages\/12471\/revisions"}],"up":[{"embeddable":true,"href":"https:\/\/sxe-consulting.com\/de\/wp-json\/wp\/v2\/pages\/12324"}],"wp:attachment":[{"href":"https:\/\/sxe-consulting.com\/de\/wp-json\/wp\/v2\/media?parent=12471"}],"wp:term":[{"taxonomy":"definition","embeddable":true,"href":"https:\/\/sxe-consulting.com\/de\/wp-json\/wp\/v2\/definition?post=12471"}],"curies":[{"name":"wp","href":"https:\/\/api.w.org\/{rel}","templated":true}]}}