{"id":12469,"date":"2025-10-14T21:06:32","date_gmt":"2025-10-14T19:06:32","guid":{"rendered":"https:\/\/sxe-consulting.com\/?page_id=12469"},"modified":"2025-10-14T21:06:32","modified_gmt":"2025-10-14T19:06:32","slug":"meine-definition","status":"publish","type":"page","link":"https:\/\/sxe-consulting.com\/de\/glossaire-industriel\/mes-definition\/","title":{"rendered":"Was ist ein MES (Manufacturing Execution System)?"},"content":{"rendered":"<p>Die <strong>MES (Manufacturing Execution System)<\/strong>, oder <strong>Manufacturing Execution System (System zur Durchf\u00fchrung der Herstellung)<\/strong>, ist die zentrale Software, die zwischen der Ebene der strategischen Planung (<strong>ERP<\/strong>) und das Kontrollniveau der Maschinen (Automaten und <strong>SCADA<\/strong>). Er ist der Dirigent der Produktionsabl\u00e4ufe in der Werkstatt.<\/p>\n<p><!--more--><\/p>\n<p><strong>Vertiefte Definition :<\/strong> Ein MES ist ein Softwarepaket, das die Herstellung der laufenden Produkte verwaltet, \u00fcberwacht, verfolgt und dokumentiert, <strong>vom Start des Fertigungsauftrags bis zum Ausgang des fertigen Produkts<\/strong>. Es bietet eine entscheidende Informationsbr\u00fccke f\u00fcr die <strong>Industrielle Digitalisierung<\/strong> indem sie die Befehle des\u2019<strong>ERP<\/strong> (was produziert werden soll) in konkrete und ausf\u00fchrbare Anweisungen (wie, wann und wo produziert werden soll). Das MES ist das Werkzeug, mit dem in Echtzeit die <strong>Industrielle Leistung<\/strong>, Die Daten von Ger\u00e4ten werden \u00fcber das\u2019<strong>IoT<\/strong> zur Berechnung von Schl\u00fcsselindikatoren wie <strong>TRS (Synthetische Ertragsrate)<\/strong>. Es ist unerl\u00e4sslich, um eine <strong>Intelligente Fabrik<\/strong> in Echtzeit.<\/p>\n<h3><strong>Die Schl\u00fcsselfunktionen des MES f\u00fcr operative Exzellenz<\/strong><\/h3>\n<p>Ein modernes MES, integriert in eine\u2019<strong>Operative Exzellenz<\/strong>, In der Regel sind die meisten Unternehmen in der Lage, eine Reihe von leistungsrelevanten Funktionen zu erf\u00fcllen, bei deren Umsetzung der Berater f\u00fcr digitale Transformation hilft:<\/p>\n<h3><strong>A. Verwaltung von Fertigungsauftr\u00e4gen und Produktion<\/strong><\/h3>\n<ul>\n<li><strong>Scheduling und Dispatch :<\/strong> Das MES empf\u00e4ngt Auftr\u00e4ge vom ERP-System und sequenziert sie nach Maschinenauslastung und Priorit\u00e4ten, um sicherzustellen, dass die Ressourcen bestm\u00f6glich genutzt werden. Es ist der Schl\u00fcssel zur Implementierung eines <strong>Pull-Fluss (Pull System)<\/strong> oder um den \u00dcbergang von einem <strong>Push-Fluss (Push System)<\/strong> zu einem agileren Fluss.<\/li>\n<li><strong>Echtzeitsteuerung :<\/strong> Er verfolgt den Fortschritt jedes Auftrags, die tats\u00e4chliche Zykluszeit und erkennt sofort jede Abweichung vom Plan, einschlie\u00dflich der Bildung eines <strong>Erdrosselungshals (Bottleneck)<\/strong>.<\/li>\n<\/ul>\n<h3><strong>B. Qualit\u00e4ts- und Dokumentationsmanagement<\/strong><\/h3>\n<ul>\n<li><strong>Qualit\u00e4tskontrolle :<\/strong> Das MES zwingt die Bediener oder Maschinen von <strong>Machine Vision<\/strong> Qualit\u00e4tskontrollen an den kritischen Schritten durchzuf\u00fchren, die im <strong>Herstellungsordner<\/strong>. Er speichert die Ergebnisse und kann eine Charge sperren, wenn ein Fehler auftritt, und garantiert so die <strong>Qualit\u00e4t<\/strong> der <strong>Serienproduktion<\/strong>.<\/li>\n<li><strong>Digitale Arbeitsanweisungen :<\/strong> Er zeigt die elektronische und aktuellste Version der <strong>Arbeitsanweisungen<\/strong> spezifisch f\u00fcr die aktuelle Operation am Arbeitsplatz des Operators, gew\u00e4hrleistet die <strong>Standardisierung<\/strong> Methoden.<\/li>\n<\/ul>\n<h3><strong>C. Datenerfassung und R\u00fcckverfolgbarkeit<\/strong><\/h3>\n<ul>\n<li><strong>Datenerfassung (IoT) :<\/strong> Das MES ist der Aggregator f\u00fcr die Daten aus den Automaten und Sensoren. <strong>IoT<\/strong>. Er konsolidiert Stillstandszeiten, produzierte Mengen, Zykluszeiten und Maschinenparameter.<\/li>\n<li><strong>Nachvollziehbarkeit :<\/strong> Das System speichert die komplette Historie jedes Produkts: Bediener, Maschine, verwendete Rohstoffchargen, Uhrzeit und Ergebnisse der Kontrollen. Diese <strong>R\u00fcckverfolgbarkeit<\/strong> ist integral und lebenswichtig f\u00fcr Audits oder die <strong>Root Cause Analysis (RCA)<\/strong> bei Kundenproblemen.<\/li>\n<\/ul>\n<h3><strong>D. Leistungsanalyse (TRS)<\/strong><\/h3>\n<ul>\n<li><strong>Berechnung des TRS :<\/strong> Der MES liefert die genaueste Berechnung des <strong>TRS<\/strong> in Echtzeit, indem die tats\u00e4chlichen Gr\u00fcnde f\u00fcr Stillst\u00e4nde erfasst werden (die 6 gro\u00dfen Verluste). Diese Informationen sind entscheidend f\u00fcr die gezielte <strong>Lean Management<\/strong>.<\/li>\n<li><strong>Visuelles Management :<\/strong> Es zeigt in Echtzeit den Status von <strong>KPI<\/strong> (Qualit\u00e4t, Kosten, Termine) auf den Bildschirmen in der Werkstatt und erleichtert so die <strong>Visuelles Management<\/strong> und die sofortige Entscheidungsfindung durch die Teams.<\/li>\n<\/ul>\n<h3><strong>MES als S\u00e4ule des Industrial Engineering<\/strong><\/h3>\n<p>Das MES ist das bevorzugte Werkzeug der Ingenieure des <strong>Wirtschaftsingenieurwesen<\/strong> um den Workshop zu strukturieren. Ohne ihn w\u00fcrde die <strong>Industrielle Digitalisierung<\/strong> nicht sein volles Potenzial entfalten kann. Die Integration des MES erm\u00f6glicht :<\/p>\n<ol>\n<li><strong>Das Physische mit dem Digitalen in Einklang zu bringen:<\/strong> Er\/sie stellt sicher, dass die Ausf\u00fchrung in der Werkstatt mit der theoretischen Planung \u00fcbereinstimmt.<\/li>\n<li><strong>Die KI zu f\u00fcttern :<\/strong> Die vom MES historisierten und strukturierten Daten sind der \u201csaubere Treibstoff\u201d f\u00fcr die Modelle der\u2019<strong>K\u00fcnstliche Intelligenz (KI)<\/strong> und von <strong>Machine Learning<\/strong> verwendet f\u00fcr die <strong>Vorausschauende Wartung<\/strong> und die Optimierung von Prozessen.<\/li>\n<li><strong>Die Verbesserungsschleife zu kontrollieren :<\/strong> Durch die Messung der Auswirkungen jeder Lean Six Sigma-Verbesserungsma\u00dfnahme best\u00e4tigt das MES die Relevanz des neuen Standards und unterst\u00fctzt den Zyklus <strong>PDCA<\/strong>.<\/li>\n<\/ol>\n<p>Abschlie\u00dfend <strong>MEINE<\/strong> ist die Investition, die dem Management und den Bedienern vollst\u00e4ndige Einsicht und Kontrolle \u00fcber das verschafft, was tats\u00e4chlich geschieht, und es ihnen erm\u00f6glicht, eine reaktive Werkstatt in ein proaktives, hochleistungsf\u00e4higes Profitcenter zu verwandeln.<\/p>\n<p><!-- notionvc: 4290799d-01b6-4865-90ce-a49369a532b9 --><\/p>","protected":false},"excerpt":{"rendered":"<p>Le MES (Manufacturing Execution System), ou Syst\u00e8me d&#8217;Ex\u00e9cution de la Fabrication, est le logiciel pivot qui se situe entre le niveau de la planification strat\u00e9gique (ERP) et le niveau de contr\u00f4le des machines (automates et SCADA). Il est le chef d&#8217;orchestre des op\u00e9rations de production en atelier.<\/p>","protected":false},"author":1,"featured_media":0,"parent":12324,"menu_order":0,"comment_status":"closed","ping_status":"closed","template":"","meta":{"_sitemap_exclude":false,"_sitemap_priority":"","_sitemap_frequency":"","footnotes":""},"definition":[99],"class_list":["post-12469","page","type-page","status-publish","hentry","definition-definition"],"jetpack_sharing_enabled":true,"_links":{"self":[{"href":"https:\/\/sxe-consulting.com\/de\/wp-json\/wp\/v2\/pages\/12469","targetHints":{"allow":["GET"]}}],"collection":[{"href":"https:\/\/sxe-consulting.com\/de\/wp-json\/wp\/v2\/pages"}],"about":[{"href":"https:\/\/sxe-consulting.com\/de\/wp-json\/wp\/v2\/types\/page"}],"author":[{"embeddable":true,"href":"https:\/\/sxe-consulting.com\/de\/wp-json\/wp\/v2\/users\/1"}],"replies":[{"embeddable":true,"href":"https:\/\/sxe-consulting.com\/de\/wp-json\/wp\/v2\/comments?post=12469"}],"version-history":[{"count":0,"href":"https:\/\/sxe-consulting.com\/de\/wp-json\/wp\/v2\/pages\/12469\/revisions"}],"up":[{"embeddable":true,"href":"https:\/\/sxe-consulting.com\/de\/wp-json\/wp\/v2\/pages\/12324"}],"wp:attachment":[{"href":"https:\/\/sxe-consulting.com\/de\/wp-json\/wp\/v2\/media?parent=12469"}],"wp:term":[{"taxonomy":"definition","embeddable":true,"href":"https:\/\/sxe-consulting.com\/de\/wp-json\/wp\/v2\/definition?post=12469"}],"curies":[{"name":"wp","href":"https:\/\/api.w.org\/{rel}","templated":true}]}}