{"id":12468,"date":"2025-10-14T21:05:20","date_gmt":"2025-10-14T19:05:20","guid":{"rendered":"https:\/\/sxe-consulting.com\/?page_id=12468"},"modified":"2025-10-14T21:05:20","modified_gmt":"2025-10-14T19:05:20","slug":"predictive-maintenance-definition","status":"publish","type":"page","link":"https:\/\/sxe-consulting.com\/de\/glossaire-industriel\/maintenance-predictive-definition\/","title":{"rendered":"Was ist Predictive Maintenance?"},"content":{"rendered":"<p>Die <strong>Vorausschauende Wartung (Predictive Maintenance, PdM)<\/strong> ist die fortschrittlichste Wartungsstrategie. Ihr Ziel ist es, den tats\u00e4chlichen Zustand eines Ger\u00e4ts im Betrieb zu bestimmen, um <strong>zuk\u00fcnftigen Ausfall vorhersagen<\/strong> und die Reparatur- oder Austauschma\u00dfnahme zum optimalen Zeitpunkt zu planen. Sie steht im Gegensatz zur korrektiven Wartung (Reparatur nach einem Ausfall) und zur pr\u00e4ventiven Wartung (Reparatur in festen Intervallen, unabh\u00e4ngig davon, ob sie notwendig ist oder nicht).<\/p>\n<p><!--more--><\/p>\n<p><strong>Vertiefte Definition :<\/strong> Die vorausschauende Wartung ist ein technologischer Ansatz, der auf der kontinuierlichen Erfassung und Analyse von physischen Daten (<strong>IoT<\/strong>), d\u2019<strong>K\u00fcnstliche Intelligenz (KI)<\/strong> und von <strong>Machine Learning<\/strong>. An kritischen Ger\u00e4ten werden hochentwickelte Sensoren (Vibrationen, Temperatur, Ultraschall, \u00d6lanalyse, Stromverbrauch) angebracht, um ihre \u201cschwachen Signale\u201d zu \u00fcberwachen. Algorithmen zur <strong>Machine Learning<\/strong> analysieren diese <strong>Big Data<\/strong> in Echtzeit, um Anomalien zu erkennen, die den Anf\u00e4ngen eines Ausfalls entsprechen. Das System alarmiert das Wartungsteam nicht, dass die Maschine ausfallen wird, sondern dass sie mit hoher Wahrscheinlichkeit in einem bestimmten Zeitfenster (z. B. in den n\u00e4chsten 14 Tagen) ausfallen wird.<\/p>\n<h3><strong>Die Vorteile von PdM in der betrieblichen Exzellenz<\/strong><\/h3>\n<p>Die Einf\u00fchrung von Predictive Maintenance ist ein Schl\u00fcsselfaktor f\u00fcr die\u2019<strong>Operative Exzellenz<\/strong> und ein wichtiger Hebel zur Kostensenkung f\u00fcr KMU :<\/p>\n<h3><strong>A. Maximierung des SRT (Synthetic Return Rate)<\/strong><\/h3>\n<ul>\n<li><strong>Eliminierung ungeplanter Stillst\u00e4nde :<\/strong> Dies ist der sichtbarste Nutzen. Ungeplante Ausf\u00e4lle sind die Hauptursache f\u00fcr eine geringe Maschinenleistung, insbesondere bei Ger\u00e4ten, die identifiziert wurden als <strong>Erdrosselnde Flaschenh\u00e4lse (Bottleneck)<\/strong>. Indem sie ungeplante Ausf\u00e4lle in geplante Stillst\u00e4nde umwandelt, erm\u00f6glicht die PdM eine Maximierung der Produktionszeit.<\/li>\n<li><strong>Optimierung der Intervention :<\/strong> Die Wartungsarbeiten werden unmittelbar vor dem Ausfall durchgef\u00fchrt, wodurch die gesamte Ausfallzeit der Linie minimiert wird.<\/li>\n<\/ul>\n<h3><strong>B. Drastische Senkung der Wartungskosten<\/strong><\/h3>\n<ul>\n<li><strong>Vermeidung von \u00dcberpflege :<\/strong> Bei der herk\u00f6mmlichen vorbeugenden Wartung m\u00fcssen noch gesunde Teile ausgetauscht werden, was eine Verschwendung ist (<em>Muda<\/em>). Durch PdM wird die Nutzungsdauer von Komponenten verl\u00e4ngert und sie werden erst genau dann ausgetauscht, wenn sie das Ende ihrer Lebensdauer erreicht haben, wodurch die Kosten f\u00fcr Ersatzteile und unn\u00f6tige Arbeitskosten gesenkt werden.<\/li>\n<li><strong>Reduzierung der Kosten f\u00fcr sekund\u00e4ren Schaden :<\/strong> Ein pl\u00f6tzlicher Ausfall kann eine Kaskade von Sch\u00e4den an anderen Teilen der Maschine verursachen. Wenn man fr\u00fchzeitig eingreift, beschr\u00e4nkt man sich auf die gezielte Reparatur des ausgefallenen Bauteils und senkt so die Gesamtkosten der Reparatur.<\/li>\n<\/ul>\n<h3><strong>C. Verbesserung der Qualit\u00e4t und des Produktionsflusses<\/strong><\/h3>\n<ul>\n<li><strong>Konstante Qualit\u00e4t :<\/strong> Eine Maschine mit drohendem Ausfall (z. B. ein verschlissenes Lager, das Vibrationen verursacht) kann Teile produzieren, die nicht den Spezifikationen entsprechen. Die PdM stellt sicher, dass die Maschine optimale Betriebsbedingungen aufrechterh\u00e4lt und gew\u00e4hrleistet so die <strong>Qualit\u00e4t<\/strong> der <strong>Serienproduktion<\/strong> und die Einhaltung des <strong>Herstellungsordner<\/strong>.<\/li>\n<li><strong>Zuverl\u00e4ssigkeit des gezogenen Feeds :<\/strong> Die Systeme von <strong>Gezogener Fluss<\/strong> sind sehr anf\u00e4llig f\u00fcr Maschinenstopps. Die PdM ist eine notwendige Voraussetzung f\u00fcr einen reibungslosen Ablauf und die Einhaltung des <strong>Taktzeit<\/strong> erforderlich.<\/li>\n<\/ul>\n<h3><strong>Vorausschauende Wartung im Zentrum der industriellen Digitalisierung<\/strong><\/h3>\n<p>PdM ist die Anwendung par excellence f\u00fcr die Technologien der\u2019<strong>Industrie 4.0<\/strong> :<\/p>\n<ol>\n<li><strong>IoT :<\/strong> Er liefert das Rohmaterial, d. h. physische Daten in Echtzeit.<\/li>\n<li><strong>Machine Learning :<\/strong> Es ist die Technologie, die lernt, schwache Signale zu interpretieren, um eine Vorhersage zu generieren.<\/li>\n<li><strong>Der digitale Zwilling (Digital Twin) :<\/strong> Der PdM kann in den Digitalen Zwilling der Maschine integriert werden, um die Auswirkungen des Ausfalls auf das Gesamtsystem der Fabrik zu simulieren und die Planung der Abschaltung zu optimieren.<\/li>\n<li><strong>Der MES :<\/strong> Das Wartungssystem (CMMS) hat eine direkte Schnittstelle mit dem <strong>MES (Manufacturing Execution System)<\/strong> damit Vorhersagewarnungen in priorisierte Arbeitsauftr\u00e4ge umgewandelt werden.<\/li>\n<\/ol>\n<h3><strong>Herausforderungen und Begleitung<\/strong><\/h3>\n<p>Die Implementierung von PdM erfordert Expertise in <strong>Wirtschaftsingenieurwesen<\/strong> und in der Datenwissenschaft. Die gr\u00f6\u00dfte Herausforderung besteht darin, vom blo\u00dfen Sammeln von Daten zur <strong>Erstellung eines Vorhersagemodells<\/strong> zuverl\u00e4ssig f\u00fcr die spezifische Ausr\u00fcstung des Kunden.<\/p>\n<p>Der Engineering Consultant begleitet seine Kunden bei :<\/p>\n<ul>\n<li><strong>Kritikalit\u00e4t definieren<\/strong> der Ausr\u00fcstung (wo sollen die Sensoren angebracht werden).<\/li>\n<li><strong>Die richtige Technologie ausw\u00e4hlen<\/strong> (Vibrometrie, Thermografie usw.) f\u00fcr jeden Anwendungsfall.<\/li>\n<li><strong>Systeme integrieren<\/strong> der Datensammlung (<strong>IoT<\/strong>) bis hin zu Verwaltungssoftware (CMMS\/MES).<\/li>\n<li><strong>Teams ausbilden<\/strong> beim Lesen von KI-Diagnosen und bei der Nutzung von Vorhersagen zur Planung von Wartungsarbeiten.<\/li>\n<\/ul>\n<p>Vorausschauende Wartung ist eine Investition, die die Wartung von einer Kostenstelle zu einem <strong>Leistungszentrum<\/strong> strategisch und st\u00e4rkt die nachhaltige Wettbewerbsf\u00e4higkeit des Unternehmens.<\/p>\n<p><!-- notionvc: cd3029de-dcde-44b7-9fc8-a0ea3bda5eca --><\/p>","protected":false},"excerpt":{"rendered":"<p>La Maintenance Pr\u00e9dictive (PdM) est la strat\u00e9gie de maintenance la plus avanc\u00e9e. Elle a pour objectif de d\u00e9terminer l&#8217;\u00e9tat r\u00e9el d&#8217;un \u00e9quipement en fonctionnement afin de pr\u00e9dire la d\u00e9faillance future et de planifier l&#8217;intervention de r\u00e9paration ou de remplacement au moment optimal. Elle s&#8217;oppose \u00e0 la maintenance corrective (r\u00e9parer apr\u00e8s la panne) et \u00e0 la [&hellip;]<\/p>\n","protected":false},"author":1,"featured_media":0,"parent":12324,"menu_order":0,"comment_status":"closed","ping_status":"closed","template":"","meta":{"_sitemap_exclude":false,"_sitemap_priority":"","_sitemap_frequency":"","footnotes":""},"definition":[99],"class_list":["post-12468","page","type-page","status-publish","hentry","definition-definition"],"jetpack_sharing_enabled":true,"_links":{"self":[{"href":"https:\/\/sxe-consulting.com\/de\/wp-json\/wp\/v2\/pages\/12468","targetHints":{"allow":["GET"]}}],"collection":[{"href":"https:\/\/sxe-consulting.com\/de\/wp-json\/wp\/v2\/pages"}],"about":[{"href":"https:\/\/sxe-consulting.com\/de\/wp-json\/wp\/v2\/types\/page"}],"author":[{"embeddable":true,"href":"https:\/\/sxe-consulting.com\/de\/wp-json\/wp\/v2\/users\/1"}],"replies":[{"embeddable":true,"href":"https:\/\/sxe-consulting.com\/de\/wp-json\/wp\/v2\/comments?post=12468"}],"version-history":[{"count":0,"href":"https:\/\/sxe-consulting.com\/de\/wp-json\/wp\/v2\/pages\/12468\/revisions"}],"up":[{"embeddable":true,"href":"https:\/\/sxe-consulting.com\/de\/wp-json\/wp\/v2\/pages\/12324"}],"wp:attachment":[{"href":"https:\/\/sxe-consulting.com\/de\/wp-json\/wp\/v2\/media?parent=12468"}],"wp:term":[{"taxonomy":"definition","embeddable":true,"href":"https:\/\/sxe-consulting.com\/de\/wp-json\/wp\/v2\/definition?post=12468"}],"curies":[{"name":"wp","href":"https:\/\/api.w.org\/{rel}","templated":true}]}}