{"id":12467,"date":"2025-10-14T21:03:47","date_gmt":"2025-10-14T19:03:47","guid":{"rendered":"https:\/\/sxe-consulting.com\/?page_id=12467"},"modified":"2025-10-14T21:03:47","modified_gmt":"2025-10-14T19:03:47","slug":"machine-vision-definition","status":"publish","type":"page","link":"https:\/\/sxe-consulting.com\/de\/glossaire-industriel\/machine-vision-definition\/","title":{"rendered":"Was ist Machine Vision?"},"content":{"rendered":"<p>Die <strong>Machine Vision<\/strong>, oder <strong>Computer Vision (VPO)<\/strong>, Der Begriff \"Bildverarbeitung\" bezeichnet eine Technologie, die es Maschinen erm\u00f6glicht, Bilder oder Videos zu einem bestimmten Zweck zu analysieren und zu interpretieren. Sie entspricht den Augen des Automatisierungssystems und wandelt visuelle Informationen in digitale Daten um, die f\u00fcr die Entscheidungsfindung verwertbar sind.<\/p>\n<p><!--more--><\/p>\n<p><strong>Vertiefte Definition :<\/strong> Machine Vision ist ein komplettes System, das aus hochaufl\u00f6senden Industriekameras, speziellen Beleuchtungen, Bildverarbeitungssoftware und Analysealgorithmen besteht. Ihre Aufgabe ist es, Bilder von Teilen oder Prozessen am Flie\u00dfband zu erfassen, zu verarbeiten und zu analysieren. Indem sie sich zunehmend auf die\u2019<strong>K\u00fcnstliche Intelligenz (KI)<\/strong> und der <strong>Machine Learning<\/strong>, Mit Machine Vision k\u00f6nnen Inspektions-, Mess- und F\u00fchrungsaufgaben mit einer Geschwindigkeit, Genauigkeit und Konsistenz ausgef\u00fchrt werden, die die menschlichen Sehf\u00e4higkeiten bei weitem \u00fcbertreffen, insbesondere in Umgebungen mit hoher Luftfeuchtigkeit. <strong>Serienproduktion<\/strong> schnell. Sie ist ein wesentlicher Bestandteil der <strong>Industrielle Digitalisierung<\/strong>.<\/p>\n<h3><strong>Revolution\u00e4re Anwendungen f\u00fcr betriebliche Exzellenz<\/strong><\/h3>\n<p>Die Integration von Machine Vision ist ein wichtiger Hebel f\u00fcr die\u2019<strong>Operative Exzellenz<\/strong>, mit direkten Auswirkungen auf die <strong>Qualit\u00e4t<\/strong>, Die <strong>Industrielle Leistung<\/strong> und Kostensenkung, Schl\u00fcsselbereiche f\u00fcr <strong>SXE Consulting<\/strong> :<\/p>\n<h3><strong>A. Qualit\u00e4tskontrolle bei 100% (Null-Fehler-Inspektion)<\/strong><\/h3>\n<ul>\n<li><strong>Inspektion von Fehlern :<\/strong> Dies ist die h\u00e4ufigste Anwendung. Machine Vision kann Oberfl\u00e4chenfehler (Kratzer, Risse, Einschl\u00fcsse), Etikettierungsfehler, Nichtkonformit\u00e4t der Montage oder Farbabweichungen erkennen. Im Gegensatz zur Stichprobenpr\u00fcfung durch den Menschen erm\u00f6glicht sie die <strong>Kontrolle jedes einzelnen Raums (100%)<\/strong> bei der Geschwindigkeit der Linie, wodurch sichergestellt wird, dass die Kundenlieferung keine gr\u00f6\u00dferen M\u00e4ngel aufweist.<\/li>\n<li><strong>Dimensionale Messung und Konformit\u00e4t :<\/strong> Sie wird verwendet, um zu \u00fcberpr\u00fcfen, ob die kritischen Ma\u00dfe eines Teils innerhalb der Toleranzen liegen, die im <strong>Herstellungsordner<\/strong> und der <strong>Technisches Pflichtenheft (CCT)<\/strong>. Diese \u00dcberpr\u00fcfung ist entscheidend f\u00fcr den Zusammenbau und die Funktionalit\u00e4t des Produkts.<\/li>\n<\/ul>\n<h3><strong>B. Robotische Lenkung und Automatisierung (3D-Vision)<\/strong><\/h3>\n<ul>\n<li><strong>Pick-and-Place :<\/strong> 3D-Vision erm\u00f6glicht es Robotern, ungeordnete Teile zu lokalisieren und zu greifen (<em>Bin Picking<\/em>) oder ihre Flugbahn in Echtzeit anzupassen. Dies erleichtert die Automatisierung komplexer oder ergonomisch schwieriger Aufgaben, erh\u00f6ht die <strong>TRS (Synthetische Ertragsrate)<\/strong> der Zelle.<\/li>\n<li><strong>Ausrichten und Positionieren :<\/strong> Sie sorgt f\u00fcr die pr\u00e4zise Ausrichtung von Teilen vor dem Schwei\u00dfen, Bohren oder einer kritischen Montage und garantiert so Qualit\u00e4t vom ersten Moment an (<em>First Time Right<\/em>).<\/li>\n<\/ul>\n<h3><strong>C. Fortgeschrittene R\u00fcckverfolgbarkeit und Logistik<\/strong><\/h3>\n<ul>\n<li><strong>Lesen von Codes :<\/strong> Die Vision Machine ist in der Lage, Barcodes, QR-Codes oder Data Matrix Codes (DMC) mit sehr hoher Geschwindigkeit zu lesen, selbst auf schwierigen oder besch\u00e4digten Oberfl\u00e4chen. Sie gew\u00e4hrleistet somit die <strong>R\u00fcckverfolgbarkeit<\/strong> nahtlos von jeder Komponente und jedem Endprodukt in der <strong>Lieferkette<\/strong>.<\/li>\n<li><strong>Inventarz\u00e4hlung und -kontrolle :<\/strong> Sie kann den genauen Inhalt einer Verpackung oder einer Palette vor dem Versand \u00fcberpr\u00fcfen und so die Zuverl\u00e4ssigkeit der <strong>Gezogener Fluss<\/strong> und der Bestandskontrolle.<\/li>\n<\/ul>\n<h3><strong>Evolution durch KI und Machine Learning<\/strong><\/h3>\n<p>Das Hinzuf\u00fcgen von\u2019<strong>IA<\/strong> hat Machine Vision von einer einfachen \u00dcberpr\u00fcfung nach Regeln (z. B. \u201cWenn die Oberfl\u00e4che schwarz ist, verwerfen\u201d) zu einer <strong>intelligente Inspektion<\/strong> :<\/p>\n<ol>\n<li><strong>Toleranz gegen\u00fcber Schwankungen :<\/strong> Vision-Systeme, die auf dem <strong>Machine Learning<\/strong> werden an Tausenden von Fehlerbeispielen trainiert. So k\u00f6nnen sie die normale und akzeptable Variabilit\u00e4t tolerieren (z. B. leichte Schwankungen in der Textur eines Rohstoffs) und sich auf die Erkennung echter, kritischer Fehler konzentrieren, wodurch falsche Ausschussware reduziert und die Genauigkeit erh\u00f6ht wird.<\/li>\n<li><strong>Kontinuierliches Lernen :<\/strong> Das System lernt im Laufe der Zeit, neue Arten von Defekten zu erkennen. Jedes Mal, wenn ein Mensch einen nicht erkannten Fehler best\u00e4tigt, wird das Bild der Trainingsdatenbank hinzugef\u00fcgt und sorgt so f\u00fcr eine <strong>Kontinuierliche Verbesserung<\/strong> des Qualit\u00e4tskontrollsystems.<\/li>\n<\/ol>\n<h3><strong>Die Rolle des Industrial Engineering bei der Integration<\/strong><\/h3>\n<p>Die Implementierung von Machine Vision erfordert ein hohes Ma\u00df an Fachwissen. Der Engineering-Berater wird dann t\u00e4tig, um :<\/p>\n<ul>\n<li><strong>Spezifikationen festlegen :<\/strong> W\u00e4hlen Sie die richtige Kombination aus Kamera, Optik und Beleuchtung f\u00fcr eine bestimmte industrielle Umgebung (Geschwindigkeit, Temperatur, Schmutz).<\/li>\n<li><strong>Software-Integration :<\/strong> Sicherstellung der Kommunikation und der Schnittstelle von Vision-Daten (Inspektionsergebnisse) mit dem <strong>MEINE<\/strong> und die\u2019<strong>ERP<\/strong>, Die Daten werden dann f\u00fcr die Analyse der <strong>Root Cause Analysis (RCA)<\/strong>.<\/li>\n<li><strong>Sampling-Strategie :<\/strong> Obwohl Vision 100% machen kann, wird es manchmal nur zur Kontrolle kritischer Punkte eingesetzt, nachdem die Ingenieure des <strong>Wirtschaftsingenieurwesen<\/strong> haben identifiziert den <strong>Erdrosselungshals<\/strong> des Qualit\u00e4tsprozesses.<\/li>\n<\/ul>\n<p>Abschlie\u00dfend <strong>Machine Vision<\/strong> ist das unverzichtbare Werkzeug des\u2019<strong>Intelligente Fabrik<\/strong> um eine kompromisslose Qualit\u00e4t zu gew\u00e4hrleisten und Inspektionsaufgaben zu automatisieren, wodurch Personal f\u00fcr T\u00e4tigkeiten mit h\u00f6herer Wertsch\u00f6pfung freigesetzt wird.<\/p>\n<p><!-- notionvc: 0e33e418-dd2d-44cd-97ea-54e4627a136c --><\/p>","protected":false},"excerpt":{"rendered":"<p>La Machine Vision, ou Vision par Ordinateur (VPO), est une technologie qui permet aux machines d&#8217;analyser et d&#8217;interpr\u00e9ter des images ou des vid\u00e9os dans un but pr\u00e9cis. Elle est l&#8217;\u00e9quivalent des yeux du syst\u00e8me d&#8217;automatisation, transformant l&#8217;information visuelle en donn\u00e9es num\u00e9riques exploitables pour la prise de d\u00e9cision.<\/p>","protected":false},"author":1,"featured_media":0,"parent":12324,"menu_order":0,"comment_status":"closed","ping_status":"closed","template":"","meta":{"_sitemap_exclude":false,"_sitemap_priority":"","_sitemap_frequency":"","footnotes":""},"definition":[99],"class_list":["post-12467","page","type-page","status-publish","hentry","definition-definition"],"jetpack_sharing_enabled":true,"_links":{"self":[{"href":"https:\/\/sxe-consulting.com\/de\/wp-json\/wp\/v2\/pages\/12467","targetHints":{"allow":["GET"]}}],"collection":[{"href":"https:\/\/sxe-consulting.com\/de\/wp-json\/wp\/v2\/pages"}],"about":[{"href":"https:\/\/sxe-consulting.com\/de\/wp-json\/wp\/v2\/types\/page"}],"author":[{"embeddable":true,"href":"https:\/\/sxe-consulting.com\/de\/wp-json\/wp\/v2\/users\/1"}],"replies":[{"embeddable":true,"href":"https:\/\/sxe-consulting.com\/de\/wp-json\/wp\/v2\/comments?post=12467"}],"version-history":[{"count":0,"href":"https:\/\/sxe-consulting.com\/de\/wp-json\/wp\/v2\/pages\/12467\/revisions"}],"up":[{"embeddable":true,"href":"https:\/\/sxe-consulting.com\/de\/wp-json\/wp\/v2\/pages\/12324"}],"wp:attachment":[{"href":"https:\/\/sxe-consulting.com\/de\/wp-json\/wp\/v2\/media?parent=12467"}],"wp:term":[{"taxonomy":"definition","embeddable":true,"href":"https:\/\/sxe-consulting.com\/de\/wp-json\/wp\/v2\/definition?post=12467"}],"curies":[{"name":"wp","href":"https:\/\/api.w.org\/{rel}","templated":true}]}}