{"id":12438,"date":"2025-10-08T16:06:37","date_gmt":"2025-10-08T14:06:37","guid":{"rendered":"https:\/\/sxe-consulting.com\/?page_id=12438"},"modified":"2025-10-08T16:06:37","modified_gmt":"2025-10-08T14:06:37","slug":"lean-management-die-unternehmensphilosophie","status":"publish","type":"page","link":"https:\/\/sxe-consulting.com\/de\/glossaire-industriel\/lean-management-la-philosophie-dentreprise\/","title":{"rendered":"Lean Management : Die Unternehmensphilosophie, die sich auf die Beseitigung von Verschwendung und die Schaffung von Wert konzentriert."},"content":{"rendered":"<h3><strong>Definition und Urspr\u00fcnge des Lean-Managements<\/strong><\/h3>\n<p>Die <strong>Lean-Management<\/strong>, Lean, oft auch einfach nur \u201cLean\u201d genannt, ist eine umfassende Managementphilosophie, die sich aus dem Toyota-Produktionssystem (<strong>TPS<\/strong> - <em>Toyota Produktionssystem<\/em>). Es beschr\u00e4nkt sich nicht mehr auf die Fertigung, sondern wird auf alle Bereiche und Funktionen des Unternehmens angewandt (Lean Office, Lean Services, Lean Engineering).<\/p>\n<p><strong>Vertiefte Definition :<\/strong> Lean Management ist ein systemischer Ansatz zur Maximierung der <strong>Wert Kunde<\/strong> bei gleichzeitiger Minimierung des Ressourcenverbrauchs. Er strebt unerm\u00fcdlich danach <strong>alle Arten von Verschwendung zu identifizieren und zu beseitigen<\/strong> (<em>Muda<\/em>) in die Prozesse einflie\u00dfen lassen und so einen reibungslosen und fl\u00fcssigen Produktionsablauf gew\u00e4hrleisten. Sein Wesen beruht auf f\u00fcnf Grundprinzipien:<\/p>\n<ul>\n<li><strong>1. Wert festlegen<\/strong> aus der Sicht des Klienten<\/li>\n<li><strong>2. Kartierung des Wertstroms<\/strong> (<strong>Value Stream Mapping - VSM<\/strong>)<\/li>\n<li><strong>3. Erstellen Sie einen Stream<\/strong> kontinuierlich<\/li>\n<li><strong>4. Erstellen Sie die Ziehung<\/strong> (<strong>Gezogener Fluss<\/strong>)<\/li>\n<li><strong>5. Nach Perfektion streben<\/strong> (<strong>KAIZEN<\/strong>).<\/li>\n<\/ul>\n<p>Lean ist der methodische Grundpfeiler der\u2019<strong>Operative Exzellenz<\/strong>.<\/p>\n<h3><strong>Die sieben (oder acht) Verschwendungen (Muda): Der Brennpunkt der Verbesserung<\/strong><\/h3>\n<p>Der Kern von Lean liegt in der Jagd nach <strong>Verschwendung (Muda)<\/strong>, Eine Verschwendung ist jede Handlung, die Zeit und Ressourcen verbraucht, aber keinen Wert f\u00fcr den Kunden schafft. Die sieben traditionellen Verschwendungen (mit der achten, die nicht immer einbezogen wird, aber kritisch ist) sind :<\/p>\n<ol>\n<li><strong>Fehler (Defects) :<\/strong> Fehler, Ausschuss, Nicht-Qualit\u00e4t, die teure Nachbesserungen und Inspektionen erfordern.<\/li>\n<li><strong>\u00dcberproduktion (Overproduction) :<\/strong> Produzieren Sie mehr, fr\u00fcher oder in gr\u00f6\u00dferen Mengen als n\u00f6tig. Dies ist die gef\u00e4hrlichste Verschwendung, da sie die anderen verdeckt und eine direkte Folge des <strong>Pushed Flow<\/strong>.<\/li>\n<li><strong>Warten (Waiting) :<\/strong> Zeit, in der Bediener oder Maschinen nicht aktiv sind, oft in Verbindung mit einem <strong>Erdrosselungshals (Bottleneck)<\/strong>.<\/li>\n<li><strong>Transport (Transport) :<\/strong> Unn\u00f6tige Bewegungen von Produkten, Materialien oder Informationen.<\/li>\n<li><strong>Lagerbestand (Inventory) :<\/strong> Die Anh\u00e4ufung von Rohstoffen, unfertigen Arbeiten (<em>WIP<\/em>) oder fertige Produkte. Lagerbest\u00e4nde sind teuer und verdecken die Probleme.<\/li>\n<li><strong>Bewegungen (Motion) :<\/strong> Unn\u00f6tige oder ineffektive Gesten der Arbeiter an ihrem Arbeitsplatz.<\/li>\n<li><strong>\u00dcberverarbeitung (Over-Processing) :<\/strong> Eine Arbeit ausf\u00fchren, die aufw\u00e4ndiger ist als das, was der Kunde verlangt (z. B. eine unsichtbare innere Oberfl\u00e4che polieren).<\/li>\n<li><strong>Nicht genutzte F\u00e4higkeiten (Non-Utilized Talent) :<\/strong> Die Verschwendung von Ideen, Kreativit\u00e4t und F\u00e4higkeiten der Mitarbeiter (das als entscheidend erkannte achte Muda).<\/li>\n<\/ol>\n<h3><strong>Die Schl\u00fcsselwerkzeuge des Lean Management im Dienste der Industrietechnik<\/strong><\/h3>\n<p>Die <strong>Wirtschaftsingenieurwesen<\/strong> verwendet Lean Management, um seinen Optimierungsprozess zu strukturieren. Zu den wesentlichen Werkzeugen geh\u00f6ren :<\/p>\n<ul>\n<li><strong>Value Stream Mapping (VSM) :<\/strong> Das unverzichtbare Analyseinstrument, um den aktuellen Fluss zu kartografieren und den zuk\u00fcnftigen Fluss zu konzipieren, wobei zwischen Mehrwert und Nicht-Mehrwert unterschieden wird.<\/li>\n<li><strong>5S :<\/strong> Eine Methode zur Organisation und Ordnung des Arbeitsplatzes (<em>Seiri, Seiton, Seiso, Seiketsu, Shitsuke<\/em>), die die Grundlage f\u00fcr jede Standardisierung und Verbesserung der Sicherheit ist.<\/li>\n<li><strong>SMED (Single Minute Exchange of Die) :<\/strong> Technik, die darauf abzielt, die Umr\u00fcstzeiten auf ein Minimum zu reduzieren, um die Produktion kleinerer Chargen zu erm\u00f6glichen - ein Muss, um vom <strong>Pushed Flow<\/strong> unter <strong>Gezogener Fluss<\/strong>.<\/li>\n<li><strong>Kanban :<\/strong> Das Signalisierungswerkzeug, das die <strong>Gezogener Fluss<\/strong>, Die Produktion wird durch die Downstream-Nachfrage ausgel\u00f6st.<\/li>\n<li><strong>Poka-Yoke :<\/strong> Vorrichtungen oder Systeme zur Fehlervermeidung, um Fehler unm\u00f6glich zu machen, die Qualit\u00e4t vom ersten Mal an garantieren (<em>First Time Right<\/em>).<\/li>\n<\/ul>\n<h3><strong>Lean Management und digitale Transformation: Die Vereinigung von Methode und Technologie<\/strong><\/h3>\n<p>Die Wirksamkeit von Lean wird verzehnfacht durch die <strong>Industrielle Digitalisierung<\/strong>. L\u2019<strong>Industrie 4.0<\/strong> stellt Werkzeuge zur Verf\u00fcgung, um :<\/p>\n<ol>\n<li><strong>Pr\u00e4zisionsmessung :<\/strong> L\u2019<strong>IoT<\/strong> erm\u00f6glicht das Sammeln von Echtzeitdaten zur Messung von Wartezeiten, Zykluszeiten und der <strong>TRS<\/strong> mit einer Genauigkeit, die mit manuellem Lean nicht erreicht werden konnte. Diese Daten zielen genau auf die Anwendungsbereiche des <strong>KAIZEN<\/strong>.<\/li>\n<li><strong>Schnelleres Streaming :<\/strong> Die Systeme <strong>MEINE<\/strong> und die\u2019<strong>K\u00fcnstliche Intelligenz (KI)<\/strong> k\u00f6nnen Abl\u00e4ufe und Planung dynamisch optimieren und dabei \u00fcber die statischen M\u00f6glichkeiten eines papierbasierten Lean-Systems (manuelles Kanban) hinausgehen.<\/li>\n<li><strong>Visuelles Management Fortgeschrittene :<\/strong> Digitale Bildschirme ersetzen die Whiteboards und zeigen die <strong>KPI<\/strong> und Warnungen von <strong>Erdrosselnde Flaschenh\u00e4lse<\/strong> sofort, was eine schnelle Reaktion und die <strong>Root Cause Analysis (RCA)<\/strong>.<\/li>\n<\/ol>\n<p>Abschlie\u00dfend <strong>Lean Management<\/strong> ist der strategische Ansatz, der es Unternehmen erm\u00f6glicht, sich auf das zu konzentrieren, was z\u00e4hlt: den Kunden. Durch die Eliminierung von Verschwendung werden nicht nur Kosten gesenkt, sondern vor allem agiler, reaktionsschneller und gew\u00e4hrleisten eine <strong>Qualit\u00e4t<\/strong> konstant in <strong>Serienproduktion<\/strong>. Es ist eine Reise zur Perfektion, die den Fortbestand der <strong>Operative Leistung<\/strong>.<\/p>\n<p><!-- notionvc: a0eb6400-ce6f-4162-9aff-95a5cfb4e6df --><\/p>","protected":false},"excerpt":{"rendered":"<p>D\u00e9finition et Origines du Lean-Management Le Lean-Management, souvent simplement appel\u00e9 le &#8220;Lean&#8221;, est une philosophie de gestion globale d\u00e9riv\u00e9e du syst\u00e8me de production Toyota (TPS &#8211; Toyota Production System). Il ne se limite plus \u00e0 la fabrication, mais s&#8217;applique \u00e0 tous les secteurs et fonctions de l&#8217;entreprise (Lean Office, Lean Services, Lean Engineering). D\u00e9finition Approfondie [&hellip;]<\/p>\n","protected":false},"author":1,"featured_media":0,"parent":12324,"menu_order":0,"comment_status":"closed","ping_status":"closed","template":"","meta":{"_sitemap_exclude":false,"_sitemap_priority":"","_sitemap_frequency":"","footnotes":""},"definition":[99],"class_list":["post-12438","page","type-page","status-publish","hentry","definition-definition"],"jetpack_sharing_enabled":true,"_links":{"self":[{"href":"https:\/\/sxe-consulting.com\/de\/wp-json\/wp\/v2\/pages\/12438","targetHints":{"allow":["GET"]}}],"collection":[{"href":"https:\/\/sxe-consulting.com\/de\/wp-json\/wp\/v2\/pages"}],"about":[{"href":"https:\/\/sxe-consulting.com\/de\/wp-json\/wp\/v2\/types\/page"}],"author":[{"embeddable":true,"href":"https:\/\/sxe-consulting.com\/de\/wp-json\/wp\/v2\/users\/1"}],"replies":[{"embeddable":true,"href":"https:\/\/sxe-consulting.com\/de\/wp-json\/wp\/v2\/comments?post=12438"}],"version-history":[{"count":0,"href":"https:\/\/sxe-consulting.com\/de\/wp-json\/wp\/v2\/pages\/12438\/revisions"}],"up":[{"embeddable":true,"href":"https:\/\/sxe-consulting.com\/de\/wp-json\/wp\/v2\/pages\/12324"}],"wp:attachment":[{"href":"https:\/\/sxe-consulting.com\/de\/wp-json\/wp\/v2\/media?parent=12438"}],"wp:term":[{"taxonomy":"definition","embeddable":true,"href":"https:\/\/sxe-consulting.com\/de\/wp-json\/wp\/v2\/definition?post=12438"}],"curies":[{"name":"wp","href":"https:\/\/api.w.org\/{rel}","templated":true}]}}