{"id":12436,"date":"2025-10-08T15:58:10","date_gmt":"2025-10-08T13:58:10","guid":{"rendered":"https:\/\/sxe-consulting.com\/?page_id=12436"},"modified":"2025-10-08T15:58:10","modified_gmt":"2025-10-08T13:58:10","slug":"kaizen-definition-prinzipien-und-auswirkungen-von-lean-management","status":"publish","type":"page","link":"https:\/\/sxe-consulting.com\/de\/glossaire-industriel\/kaizen-definition-principes-et-impact-du-lean-management\/","title":{"rendered":"KAIZEN: Die Philosophie der kontinuierlichen Verbesserung, Motor der operativen Exzellenz"},"content":{"rendered":"<h3><strong>Definition und Positionierung im Herzen des Lean Management<\/strong><\/h3>\n<p>Der Begriff <strong>KAIZEN<\/strong> ist ein japanisches Konzept, das im Zentrum der Philosophie des <strong>Lean Management<\/strong> und des Toyota-Produktionssystems (<strong>TPS<\/strong>). Es besteht aus zwei Ideogrammen: <em>Kai<\/em> (Ver\u00e4nderung) und <em>Zen<\/em> (besser), und bedeutet w\u00f6rtlich <strong>\u00abKontinuierliche Verbesserung\u00bb<\/strong>.<\/p>\n<p><strong>Vertiefte Definition :<\/strong> KAIZEN ist ein strategischer und kultureller Ansatz, der postuliert, dass <strong>kleine, schrittweise, t\u00e4gliche Verbesserungen<\/strong>, unter Einbeziehung <strong>alle Angestellten<\/strong>, Die von uns entwickelten Methoden sind f\u00fcr die Gesamtleistung des Unternehmens effektiver und nachhaltiger als eine einzelne technologische Innovation oder eine radikale und kostspielige Ver\u00e4nderung. Diese Philosophie betont, dass jeder Prozess, jede Aufgabe und jedes System immer besser gemacht werden kann. KAIZEN zielt auf die Beseitigung von Verschwendung (<em>Muda<\/em>), die Qualit\u00e4t zu verbessern und das Arbeitsumfeld sicherer und effizienter zu gestalten, indem sie sich auf die Probleme dort konzentrieren, wo sie entstehen, n\u00e4mlich vor Ort (<em>Gemba<\/em>).<\/p>\n<h3><strong>Die Grundprinzipien der KAIZEN-Kultur<\/strong><\/h3>\n<p>Damit ein KAIZEN-Programm erfolgreich sein kann, muss es auf starken kulturellen und methodischen S\u00e4ulen beruhen, die f\u00fcr jeden Ansatz zur\u2019<strong>Operative Exzellenz<\/strong> :<\/p>\n<h3><strong>A. Volle Einbeziehung der Mitarbeiter\/innen<\/strong><\/h3>\n<ul>\n<li><strong>Rechenschaftspflicht :<\/strong> KAIZEN bricht mit der Vorstellung, dass nur das Management oder die Ingenieure des <strong>Wirtschaftsingenieurwesen<\/strong> k\u00f6nnen die Prozesse verbessern. Der Bediener, der die Aufgabe t\u00e4glich ausf\u00fchrt, ist der qualifizierteste Experte, um Probleme zu erkennen und praktische L\u00f6sungen vorzuschlagen.<\/li>\n<li><strong>Kleine Ideen, gro\u00dfe Wirkung :<\/strong> Der Ansatz f\u00f6rdert Hunderte von kleinen, kosteng\u00fcnstigen Verbesserungsvorschl\u00e4gen, anstatt sich nur auf gro\u00dfe Investitionsprojekte zu konzentrieren. Diese kleinen, schnellen Siege n\u00e4hren das Engagement.<\/li>\n<\/ul>\n<h3><strong>B. Sichtbarkeit von Problemen und Standardisierung<\/strong><\/h3>\n<ul>\n<li><strong>Das Problem sichtbar machen :<\/strong> KAIZEN geht \u00fcber die Einrichtung eines <strong>Visuelles Management<\/strong> effektiv, um Anomalien, Abweichungen vom Standard und Leistungsindikatoren sofort zu exponieren (<strong>TRS<\/strong>, Qualit\u00e4t). Ein verstecktes Problem ist ein Problem, das nicht verbessert werden kann.<\/li>\n<li><strong>Standardisierung (das <em>Neue<\/em> Standard) :<\/strong> Jede validierte Verbesserung muss formalisiert und in die <strong>Arbeitsanweisungen<\/strong> und der <strong>Herstellungsordner<\/strong> auf den neuesten Stand gebracht. Die Standardisierung ist der Ausgangspunkt f\u00fcr die n\u00e4chste Verbesserung. Man verbessert den Standard und standardisiert dann die neue beste Praxis.<\/li>\n<\/ul>\n<h3><strong>C. Die Anwendung der PDCA-Methode (Deming-Rad)<\/strong><\/h3>\n<p>KAIZEN verwendet kurze und schnelle Verbesserungszyklen, die auf der Methodik basieren <strong>PDCA<\/strong> (<em>Plan-Do-Check-Act<\/em> - Planen, Realisieren, \u00dcberpr\u00fcfen, Handeln) :<\/p>\n<ol>\n<li><strong>Planen (Plan) :<\/strong> Das Problem identifizieren (<strong>Erdrosselungshals<\/strong>, Nicht-Qualit\u00e4t), Analyse der Grundursache (<strong>Root Cause Analysis - RCA<\/strong>) und eine L\u00f6sung vorschlagen.<\/li>\n<li><strong>Erreichen (Do) :<\/strong> Die L\u00f6sung in kleinem Ma\u00dfstab umsetzen (Pilottest).<\/li>\n<li><strong>\u00dcberpr\u00fcfen (Check) :<\/strong> Messen Sie die Auswirkungen der Verbesserung im Vergleich zu den <strong>KPI<\/strong> anf\u00e4nglich.<\/li>\n<li><strong>Handeln (Act) :<\/strong> Standardisieren Sie die L\u00f6sung, wenn sie effektiv ist, oder kehren Sie zu Schritt 1 zur\u00fcck, wenn sie nicht effektiv ist.<\/li>\n<\/ol>\n<h3><strong>Die starken Verbindungen von KAIZEN zu den modernen Herausforderungen<\/strong><\/h3>\n<p>Der KAIZEN-Ansatz ist entscheidend f\u00fcr die erfolgreiche Integration von Umwelttechnologien in die Gesellschaft.\u2019<strong>Industrie 4.0<\/strong> :<\/p>\n<ol>\n<li><strong>Nutzung der industriellen Digitalisierung :<\/strong> Die Echtzeitdaten, die von der\u2019<strong>IoT<\/strong> und Systeme <strong>MEINE<\/strong> sind der Treibstoff f\u00fcr KAIZEN. Sie erm\u00f6glichen es, Verbesserungsbem\u00fchungen mit einer nie dagewesenen Genauigkeit zu fokussieren (z. B.: genau zu wissen, wann und warum der <strong>TRS<\/strong> einer Maschine am geringsten ist).<\/li>\n<li><strong>Verk\u00fcrzung der Lead Time :<\/strong> Indem KAIZEN t\u00e4glich versucht, Wartezeiten und unn\u00f6tige Transporte (zwei der gr\u00f6\u00dften Verschwendungen) zu eliminieren, reduziert es auf nat\u00fcrliche Weise den <strong>Zeit f\u00fcr die \u00dcberfahrt<\/strong>, Die Reaktionen der <strong>Lieferkette<\/strong> und erleichtern den \u00dcbergang zum <strong>Gezogener Fluss<\/strong>.<\/li>\n<li><strong>Konstante Qualit\u00e4t :<\/strong> Der Fokus auf die L\u00f6sung von Problemen an der Quelle \u00fcber die <strong>RCA<\/strong> erm\u00f6glicht es, Fehler dauerhaft zu reduzieren, was direkt zu einer hohen Qualit\u00e4t beitr\u00e4gt, indem es <strong>Serienproduktion<\/strong>.<\/li>\n<\/ol>\n<h3><strong>Die Rolle des Coachings bei der Einf\u00fchrung von KAIZEN<\/strong><\/h3>\n<p>KAIZEN einzuf\u00fchren ist ein kultureller Wandel, der Zeit braucht und eine strukturierte Begleitung erfordert. Der Lean-Manufacturing-Berater unterst\u00fctzt seine Kunden dabei, :<\/p>\n<ul>\n<li><strong>Teams ausbilden<\/strong> Lean-Tools und der PDCA-Methode.<\/li>\n<li><strong>Die Struktur einrichten<\/strong> (t\u00e4gliche Besprechungen, visuelle Managementtabellen), um die Verbesserungsaktivit\u00e4ten zu unterst\u00fctzen.<\/li>\n<li><strong>Die F\u00fchrung weiterentwickeln<\/strong> damit er eher zu einem Vermittler und Coach als zu einem Auftraggeber wird, der die Nachhaltigkeit des KAIZEN-Ansatzes als Lebensweise des Unternehmens gew\u00e4hrleistet.<\/li>\n<\/ul>\n<p>Zusammenfassend l\u00e4sst sich sagen, dass KAIZEN die Geisteshaltung ist, die es einem Unternehmen erm\u00f6glicht, sich nie auf seinen Lorbeeren auszuruhen. Es ist das unaufh\u00f6rliche Streben nach Verbesserung, das die Widerstandsf\u00e4higkeit und Wettbewerbsf\u00e4higkeit langfristig sicherstellt.<\/p>\n<p><!-- notionvc: 48b0ef8f-42be-400c-b171-30de7847d5d4 --><\/p>","protected":false},"excerpt":{"rendered":"<p>D\u00e9finition et Positionnement au C\u0153ur du Lean Management Le terme KAIZEN est un concept japonais qui est au c\u0153ur de la philosophie du Lean Management et du syst\u00e8me de production Toyota (TPS). Il se compose de deux id\u00e9ogrammes : Kai (changement) et Zen (meilleur), et signifie litt\u00e9ralement \u00ab l&#8217;Am\u00e9lioration Continue \u00bb. D\u00e9finition Approfondie : Le [&hellip;]<\/p>\n","protected":false},"author":1,"featured_media":0,"parent":12324,"menu_order":0,"comment_status":"closed","ping_status":"closed","template":"","meta":{"_sitemap_exclude":false,"_sitemap_priority":"","_sitemap_frequency":"","footnotes":""},"definition":[99],"class_list":["post-12436","page","type-page","status-publish","hentry","definition-definition"],"jetpack_sharing_enabled":true,"_links":{"self":[{"href":"https:\/\/sxe-consulting.com\/de\/wp-json\/wp\/v2\/pages\/12436","targetHints":{"allow":["GET"]}}],"collection":[{"href":"https:\/\/sxe-consulting.com\/de\/wp-json\/wp\/v2\/pages"}],"about":[{"href":"https:\/\/sxe-consulting.com\/de\/wp-json\/wp\/v2\/types\/page"}],"author":[{"embeddable":true,"href":"https:\/\/sxe-consulting.com\/de\/wp-json\/wp\/v2\/users\/1"}],"replies":[{"embeddable":true,"href":"https:\/\/sxe-consulting.com\/de\/wp-json\/wp\/v2\/comments?post=12436"}],"version-history":[{"count":0,"href":"https:\/\/sxe-consulting.com\/de\/wp-json\/wp\/v2\/pages\/12436\/revisions"}],"up":[{"embeddable":true,"href":"https:\/\/sxe-consulting.com\/de\/wp-json\/wp\/v2\/pages\/12324"}],"wp:attachment":[{"href":"https:\/\/sxe-consulting.com\/de\/wp-json\/wp\/v2\/media?parent=12436"}],"wp:term":[{"taxonomy":"definition","embeddable":true,"href":"https:\/\/sxe-consulting.com\/de\/wp-json\/wp\/v2\/definition?post=12436"}],"curies":[{"name":"wp","href":"https:\/\/api.w.org\/{rel}","templated":true}]}}