{"id":12428,"date":"2025-10-07T12:00:40","date_gmt":"2025-10-07T10:00:40","guid":{"rendered":"https:\/\/sxe-consulting.com\/?page_id=12428"},"modified":"2025-10-07T12:01:03","modified_gmt":"2025-10-07T10:01:03","slug":"scada-definition","status":"publish","type":"page","link":"https:\/\/sxe-consulting.com\/de\/glossaire-industriel\/scada-definition\/","title":{"rendered":"SCADA (Supervisory Control and Data Acquisition)\u00a0"},"content":{"rendered":"<p><strong>SCADA<\/strong> (<em>Supervisory Control and Data Acquisition<\/em>, oder <strong>Supervisionskontrolle und Datenerfassung<\/strong>) ist ein Computer- und Softwaresystem, das es Industriebetreibern erm\u00f6glicht <strong>beaufsichtigen<\/strong> entfernte oder komplexe Prozesse, von <strong>Daten sammeln<\/strong> in Echtzeit und <strong>kontrollieren<\/strong> lokale Ger\u00e4te von einer zentralen Stelle aus.<\/p>\n<p><!--more--><\/p>\n<p><strong>Vertiefte Definition :<\/strong> Das SCADA-System fungiert als \u201cGehirn\u201d der Werkstatt oder Anlage und steuert die Kommunikation zwischen der Unternehmensebene (Planung <strong>ERP<\/strong>) und der Feldebene (Automaten, Sensoren, Maschinen). Sie ist eine wesentliche S\u00e4ule der <strong>Produktionstechnik<\/strong> und der\u2019<strong>Industrie 4.0<\/strong>, Es ist wichtig, dass die Produktion sichtbar und steuerbar ist.<\/p>\n<p>SCADA wird besonders in gro\u00dfen und geografisch weit verteilten Industrien (Energie, Wasser, Gas, Transport) oder in Fabriken mit kontinuierlichen Prozessen (Chemie, Petrochemie, Lebensmittel) eingesetzt, wo die <strong>Operative Leistung<\/strong> h\u00e4ngt von der Echtzeit\u00fcberwachung ab.<\/p>\n<h3><strong>Die drei Schl\u00fcsselkomponenten eines SCADA-Systems<\/strong><\/h3>\n<p>Ein erfolgreiches SCADA-System integriert in der Regel drei technologische Schichten:<\/p>\n<h3><strong>1. Datenerfassung (Feld)<\/strong><\/h3>\n<p>Diese Schicht besteht aus den <strong>RTU<\/strong> (<em>Remote Terminal Units<\/em>) oder der <strong>PLC<\/strong> (<em>Programmierbare Logic Controllers<\/em> - Automaten), die direkt mit Maschinen, Sensoren (<strong>IoT<\/strong>), und Ausr\u00fcstungen.<\/p>\n<ul>\n<li><strong>Rolle :<\/strong> Sie sammeln Rohdaten (Temperatur, Druck, F\u00fcllstand, Zustand der Ventile) und f\u00fchren grundlegende Befehle (unmittelbare und lokale Aktionen) aus.<\/li>\n<\/ul>\n<h3><strong>2. Die Zentraleinheit (Masterserver)<\/strong><\/h3>\n<p>Er ist das Herz des Systems. Es empf\u00e4ngt, verarbeitet und archiviert den massiven Datenstrom (<strong>Big Data<\/strong>) aus dem Gel\u00e4nde.<\/p>\n<ul>\n<li><strong>Rolle :<\/strong> Er hostet die SCADA-Software, f\u00fchrt komplexe Analysen durch, verwaltet die historische Datenbank und erstellt Warnmeldungen und Leistungsberichte.<\/li>\n<\/ul>\n<h3><strong>3. Die Mensch-Maschine-Schnittstelle (HMI\/Supervision)<\/strong><\/h3>\n<p>Dies ist die grafische Benutzeroberfl\u00e4che, die der Bediener verwendet, um mit dem System zu interagieren.<\/p>\n<ul>\n<li><strong>Rolle :<\/strong> Sie zeigt animierte synoptische Schemata an, die den Zustand des Prozesses darstellen. Der Bediener kann die Entwicklung von Schl\u00fcsselwerten des industriellen Prozesses (wie die Temperatur des Ofens zum Brennen von <strong>Feuerfeste Steine<\/strong>) und in begrenztem Umfang Supervisionsbefehle senden, um die Produktionsparameter anzupassen.<\/li>\n<\/ul>\n<h3><strong>SCADA im Dienste der operativen Exzellenz<\/strong><\/h3>\n<p>Die Implementierung eines SCADA-Systems ist ein wichtiger Hebel f\u00fcr die Automatisierung einer Produktionslinie:<\/p>\n<ul>\n<li><strong>Reaktivit\u00e4t und Sicherheit :<\/strong> Bei Abweichungen (einer \u00dcberschreitung von Schwellenwerten, einem Ausfall) l\u00f6st das SCADA-System sofort Alarme aus, sodass die Bediener schnell eingreifen k\u00f6nnen. Es fungiert als <strong>Poka-Yoke<\/strong> Software auf Fabrikebene.<\/li>\n<li><strong>Leistungsanalyse :<\/strong> Das System sammelt die Daten, die f\u00fcr die genaue Berechnung des <strong>TRS (Synthetische Ertragsrate)<\/strong>, die Identifizierung von Engp\u00e4ssen und die Analyse der Grundursachen (<strong>Root Cause Analysis<\/strong> \/ <strong>5-Warum-Methode<\/strong>).<\/li>\n<li><strong>Standardisierung und Nachvollziehbarkeit :<\/strong> Er stellt sicher, dass die Betriebsparameter innerhalb der <strong>Standardisierung<\/strong> und erm\u00f6glicht eine vollst\u00e4ndige historische Nachvollziehbarkeit der <strong>Herstellungsprogramm<\/strong>, Ein Muss f\u00fcr die <strong>Qualit\u00e4t<\/strong>.<\/li>\n<\/ul>\n<p>Abschlie\u00dfend <strong>SCADA<\/strong> ist mehr als nur ein \u00dcberwachungsinstrument; es ist das einheitliche System, das das Betriebsbewusstsein liefert, indem es Rohdaten in verwertbare Informationen f\u00fcr Echtzeitentscheidungen und die\u2019<strong>Optimierung von Herstellungsprozessen<\/strong>.<\/p>\n<p><!-- notionvc: 26ed9373-ef2b-4bda-bfe0-bff049b7cc12 --><\/p>","protected":false},"excerpt":{"rendered":"<p>SCADA (Supervisory Control and Data Acquisition, soit Contr\u00f4le de Supervision et Acquisition de Donn\u00e9es) est un syst\u00e8me informatique et logiciel qui permet aux op\u00e9rateurs industriels de superviser des processus \u00e9loign\u00e9s ou complexes, de collecter des donn\u00e9es en temps r\u00e9el, et de contr\u00f4ler les \u00e9quipements locaux \u00e0 partir d&#8217;un poste centralis\u00e9.<\/p>","protected":false},"author":1,"featured_media":0,"parent":12324,"menu_order":0,"comment_status":"closed","ping_status":"closed","template":"","meta":{"_sitemap_exclude":false,"_sitemap_priority":"","_sitemap_frequency":"","footnotes":""},"definition":[99],"class_list":["post-12428","page","type-page","status-publish","hentry","definition-definition"],"jetpack_sharing_enabled":true,"_links":{"self":[{"href":"https:\/\/sxe-consulting.com\/de\/wp-json\/wp\/v2\/pages\/12428","targetHints":{"allow":["GET"]}}],"collection":[{"href":"https:\/\/sxe-consulting.com\/de\/wp-json\/wp\/v2\/pages"}],"about":[{"href":"https:\/\/sxe-consulting.com\/de\/wp-json\/wp\/v2\/types\/page"}],"author":[{"embeddable":true,"href":"https:\/\/sxe-consulting.com\/de\/wp-json\/wp\/v2\/users\/1"}],"replies":[{"embeddable":true,"href":"https:\/\/sxe-consulting.com\/de\/wp-json\/wp\/v2\/comments?post=12428"}],"version-history":[{"count":0,"href":"https:\/\/sxe-consulting.com\/de\/wp-json\/wp\/v2\/pages\/12428\/revisions"}],"up":[{"embeddable":true,"href":"https:\/\/sxe-consulting.com\/de\/wp-json\/wp\/v2\/pages\/12324"}],"wp:attachment":[{"href":"https:\/\/sxe-consulting.com\/de\/wp-json\/wp\/v2\/media?parent=12428"}],"wp:term":[{"taxonomy":"definition","embeddable":true,"href":"https:\/\/sxe-consulting.com\/de\/wp-json\/wp\/v2\/definition?post=12428"}],"curies":[{"name":"wp","href":"https:\/\/api.w.org\/{rel}","templated":true}]}}