{"id":12427,"date":"2025-10-07T11:59:06","date_gmt":"2025-10-07T09:59:06","guid":{"rendered":"https:\/\/sxe-consulting.com\/?page_id=12427"},"modified":"2025-10-07T11:59:06","modified_gmt":"2025-10-07T09:59:06","slug":"smart-factory-definition","status":"publish","type":"page","link":"https:\/\/sxe-consulting.com\/de\/glossaire-industriel\/smart-factory-definition\/","title":{"rendered":"Smart Factory (Intelligente Fabrik) Definition"},"content":{"rendered":"<p>Die <strong>Smart Factory<\/strong> (oder <strong>Intelligente Fabrik<\/strong>) ist eine hochgradig digitalisierte, vernetzte und flexible Fertigungsumgebung, die die\u2019<strong>Industrie 4.0<\/strong> f\u00fcr <strong>Daten sammeln, analysieren und nutzen<\/strong> um Entscheidungen in nahezu Echtzeit zu treffen. Ihr Ziel ist es, ein Niveau von <strong>Operative Leistung<\/strong> und Autonomie, die es so noch nie gegeben hat.<\/p>\n<p><!--more--><\/p>\n<p><strong>Vertiefte Definition :<\/strong> Die Intelligente Fabrik geht \u00fcber die blo\u00dfe Automatisierung hinaus (<em>Produktionstechnik<\/em> traditionell). Sie ist gekennzeichnet durch die <strong>Verschmelzung der physischen und digitalen Welt (Cyber-Physik)<\/strong>. Jedes Element der Wertsch\u00f6pfungskette, von Maschinen \u00fcber Produkte, Systeme zur <strong>SCADA<\/strong> zu Software <strong>ERP<\/strong>, ist \u00fcber den\u2019<strong>Internet der Dinge (IoT)<\/strong>. Diese Konnektivit\u00e4t erzeugt einen massiven Strom von <strong>Big Data<\/strong> die von k\u00fcnstlicher Intelligenz (KI) analysiert wird, und der <em>Machine Learning<\/em> um Prozesse zu optimieren, Ausf\u00e4lle vorherzusagen und die <strong>Serienproduktion<\/strong>.<\/p>\n<h3><strong>Die drei S\u00e4ulen der Intelligenten Fabrik<\/strong><\/h3>\n<p>Die Effizienz der Smart Factory beruht auf der Integration fortschrittlicher Technologien, gesteuert durch die Prinzipien des <strong>Wirtschaftsingenieurwesen<\/strong> :<\/p>\n<h3><strong>1. Konnektivit\u00e4t und Datentransparenz<\/strong><\/h3>\n<ul>\n<li><strong>IoT und Sensoren :<\/strong> Jede Maschine und jedes Ger\u00e4t ist mit Sensoren ausgestattet, die kontinuierlich Informationen \u00fcber den Zustand der Maschine liefern. <strong>KPI<\/strong> (Temperatur, Vibrationen, Verbrauch, <strong>TRS<\/strong>) zu den \u00dcberwachungssystemen (<strong>MEINE<\/strong>).<\/li>\n<li><strong>Digitale Zwillinge :<\/strong> Es werden vollst\u00e4ndige virtuelle Modelle der Fabrik, der Maschinen und der Produkte erstellt. Mit diesen \u201cZwillingen\u201d lassen sich Szenarien simulieren, neue <strong>Herstellungsprogramm<\/strong> oder Ver\u00e4nderungen in der <strong>Standardisierung<\/strong> ohne die physische Produktion zu beeintr\u00e4chtigen.<\/li>\n<\/ul>\n<h3><strong>2. Autonomie und Flexibilit\u00e4t<\/strong><\/h3>\n<ul>\n<li><strong>Entscheidungssysteme :<\/strong> Algorithmen analysieren Daten in Echtzeit, um den Prozess zu optimieren (z. B. die Einstellung einer Maschine anpassen oder ein Teil umleiten). <strong>ohne menschliches Eingreifen<\/strong>.<\/li>\n<li><strong>Vorausschauende Wartung :<\/strong> KI wird eingesetzt, um Ausf\u00e4lle (mithilfe von Vibrations- oder W\u00e4rmeanalysen) lange vor ihrem Auftreten zu antizipieren. Dies verwandelt die <strong>Vorbeugende Instandhaltung<\/strong> in vorausschauender Wartung, drastisch reduzierte Kosten f\u00fcr <strong>Korrigierende Wartung<\/strong> und maximiert den <strong>TRS<\/strong>.<\/li>\n<\/ul>\n<h3><strong>3. Anpassungsf\u00e4higkeit und Personalisierung der Masse<\/strong><\/h3>\n<ul>\n<li><strong>Selbstorganisierte Feeds :<\/strong> Die Fabrik ist in der Lage, sich schnell an Kundenauftr\u00e4ge anzupassen (Prinzip des <strong>Gezogener Fluss<\/strong>). Die Produkte selbst k\u00f6nnen ihre Spezifikationen (\u00fcber einen RFID-Chip oder einen IoT-Tag) an die Maschinen in der Kette weitergeben, was eine <strong>Massenpersonalisierung<\/strong> ohne die Produktion zu stoppen.<\/li>\n<li><strong>Proaktive Probleml\u00f6sung :<\/strong> Das System kann eine Anomalie von <strong>Qualit\u00e4t<\/strong> (ein Fehler von wenigen Mikrometern, der von <strong>Machine Vision<\/strong>) und sie nicht nur korrigieren, sondern auch die Wurzelursache identifizieren (<strong>Root Cause Analysis<\/strong>) und die Maschinen anpassen, um ein erneutes Auftreten zu verhindern.<\/li>\n<\/ul>\n<h3><strong>Die Auswirkungen auf die betriebliche Exzellenz<\/strong><\/h3>\n<p>Die Einrichtung einer Smart Factory ist der m\u00e4chtigste Faktor f\u00fcr eine <strong>Operative Exzellenz<\/strong> erh\u00f6ht :<\/p>\n<ul>\n<li><strong>Reduzierung von Verschwendung :<\/strong> Intelligente Systeme eliminieren Verschwendung durch Wartezeiten, \u00dcberproduktion und Bewegungen (Arten von <strong>Muda<\/strong>), indem sie die Abl\u00e4ufe mit mathematischer Pr\u00e4zision steuern.<\/li>\n<li><strong>Verbesserung des ROI :<\/strong> Die Minimierung von Ausfallzeiten, die Reduzierung von Fehlern und die Senkung des Energieverbrauchs garantieren eine <strong>Return on Investment (ROI)<\/strong> schnell trotz der anf\u00e4nglichen Investitionskosten.<\/li>\n<li><strong>Sicherheit :<\/strong> Die Automatisierung gef\u00e4hrlicher Aufgaben und die st\u00e4ndige \u00dcberwachung der Ger\u00e4te erh\u00f6hen die Sicherheit der Bediener erheblich.<\/li>\n<\/ul>\n<p>Abschlie\u00dfend <strong>Smart Factory<\/strong> ist die logische Weiterentwicklung des Konzepts der schlanken und optimierten Fabrik. Sie ist die Umgebung, in der Entscheidungen datenbasiert getroffen werden, wodurch die Fertigung nicht nur effizient, sondern wirklich <strong>intelligent<\/strong> und resilient.<\/p>\n<p><!-- notionvc: d288dbba-b248-4df4-9de9-505a4c97bef4 --><\/p>\n<p data-start=\"3483\" data-end=\"3654\"><!-- notionvc: 55748b84-6bc7-48d1-980a-8210c919df08 --><\/p>","protected":false},"excerpt":{"rendered":"<p>La Smart Factory (ou Usine Intelligente) est un environnement de fabrication hautement num\u00e9ris\u00e9, connect\u00e9 et flexible, qui utilise les technologies de l&#8217;Industrie 4.0 pour collecter, analyser et utiliser les donn\u00e9es afin de prendre des d\u00e9cisions en temps quasi r\u00e9el. Son objectif est d&#8217;atteindre un niveau de Performance Op\u00e9rationnelle et d&#8217;autonomie in\u00e9dit.<\/p>","protected":false},"author":1,"featured_media":0,"parent":12324,"menu_order":0,"comment_status":"closed","ping_status":"closed","template":"","meta":{"_sitemap_exclude":false,"_sitemap_priority":"","_sitemap_frequency":"","footnotes":""},"definition":[99],"class_list":["post-12427","page","type-page","status-publish","hentry","definition-definition"],"jetpack_sharing_enabled":true,"_links":{"self":[{"href":"https:\/\/sxe-consulting.com\/de\/wp-json\/wp\/v2\/pages\/12427","targetHints":{"allow":["GET"]}}],"collection":[{"href":"https:\/\/sxe-consulting.com\/de\/wp-json\/wp\/v2\/pages"}],"about":[{"href":"https:\/\/sxe-consulting.com\/de\/wp-json\/wp\/v2\/types\/page"}],"author":[{"embeddable":true,"href":"https:\/\/sxe-consulting.com\/de\/wp-json\/wp\/v2\/users\/1"}],"replies":[{"embeddable":true,"href":"https:\/\/sxe-consulting.com\/de\/wp-json\/wp\/v2\/comments?post=12427"}],"version-history":[{"count":0,"href":"https:\/\/sxe-consulting.com\/de\/wp-json\/wp\/v2\/pages\/12427\/revisions"}],"up":[{"embeddable":true,"href":"https:\/\/sxe-consulting.com\/de\/wp-json\/wp\/v2\/pages\/12324"}],"wp:attachment":[{"href":"https:\/\/sxe-consulting.com\/de\/wp-json\/wp\/v2\/media?parent=12427"}],"wp:term":[{"taxonomy":"definition","embeddable":true,"href":"https:\/\/sxe-consulting.com\/de\/wp-json\/wp\/v2\/definition?post=12427"}],"curies":[{"name":"wp","href":"https:\/\/api.w.org\/{rel}","templated":true}]}}