{"id":12426,"date":"2025-10-14T20:58:25","date_gmt":"2025-10-14T18:58:25","guid":{"rendered":"https:\/\/sxe-consulting.com\/?page_id=12426"},"modified":"2025-10-14T21:02:31","modified_gmt":"2025-10-14T19:02:31","slug":"machine-learning-definition","status":"publish","type":"page","link":"https:\/\/sxe-consulting.com\/de\/glossaire-industriel\/machine-learning-definition\/","title":{"rendered":"Was ist Machine Learning"},"content":{"rendered":"<p>Die <strong>Machine Learning (ML)<\/strong>, oder <strong>Automatisches Lernen<\/strong>, ist ein grundlegender Unterbereich der\u2019<strong>K\u00fcnstliche Intelligenz (KI)<\/strong>. Seine Unterscheidung liegt in seinem Ansatz: Anstatt explizit mit bestimmten Regeln programmiert zu werden, um ein Problem zu l\u00f6sen, verwendet Machine Learning Algorithmen, die <strong>lernen direkt aus den Daten<\/strong> um Aufgaben zu erf\u00fcllen, Vorhersagen zu machen oder Entscheidungen zu treffen.<\/p>\n<p><!--more--><\/p>\n<p><strong>Vertiefte Definition :<\/strong> Machine Learning ist die F\u00e4higkeit von Computersystemen, sich durch Erfahrung (Daten) iterativ zu verbessern. Es beruht auf komplexen statistischen Modellen, die verborgene Muster im <strong>Big Data<\/strong> (gesammelt von der\u2019<strong>IoT<\/strong>) und passen ihre eigenen Parameter (das Lernen) an, um ihre Leistung zu verfeinern. In der Industrie ist ML die Technologie, die es Maschinen erm\u00f6glicht, intelligent zu werden, sich an Prozessvariationen anzupassen und Abl\u00e4ufe ohne st\u00e4ndiges menschliches Eingreifen zu optimieren. Es ist der Motor f\u00fcr die <strong>Industrielle Digitalisierung<\/strong>.<\/p>\n<h3><strong>Die drei Arten des Lernens und ihre industriellen Anwendungen<\/strong><\/h3>\n<p>ML ist in mehrere Algorithmenfamilien unterteilt, die jeweils Schl\u00fcsselanwendungen f\u00fcr die\u2019<strong>Operative Exzellenz<\/strong> :<\/p>\n<h3><strong>A. Beaufsichtigtes Lernen<\/strong><\/h3>\n<ul>\n<li><strong>Prinzip :<\/strong> Das Modell lernt aus einem Datensatz <em>getaggt<\/em> (jede Eingabe wird mit der richtigen Ausgabe verkn\u00fcpft).<\/li>\n<li><strong>Anwendungen :<\/strong>\n<ul>\n<li><strong>Automatisierte Qualit\u00e4tskontrolle :<\/strong> Das Modell wird mit Tausenden von Bildern von \u201cguten\u201d und \u201cfehlerhaften\u201d Produkten trainiert (aus der <em>Machine Vision<\/em>), um zu lernen, wie man Produkte in Echtzeit auf der Produktionslinie klassifiziert.<\/li>\n<li><strong>Vorausschauende Wartung :<\/strong> Das Modell lernt, Sensordaten zu korrelieren (<strong>IoT<\/strong>) (Vibration, Temperatur) mit historischen Ausfallereignissen, um die Wahrscheinlichkeit eines zuk\u00fcnftigen Ausfalls genau vorherzusagen.<\/li>\n<\/ul>\n<\/li>\n<\/ul>\n<h3><strong>B. Unbeaufsichtigtes Lernen<\/strong><\/h3>\n<ul>\n<li><strong>Prinzip :<\/strong> Das Modell erforscht Datens\u00e4tze <em>nicht beschriftet<\/em> um Strukturen, Gruppierungen (Clustering) oder intrinsische Muster zu entdecken.<\/li>\n<li><strong>Anwendungen :<\/strong>\n<ul>\n<li><strong>Erkennung von Anomalien :<\/strong> Identifikation von Maschinenverhalten, das von der Norm abweicht, ohne dass man den \u201cFehler\u201d vorher definieren musste. Entscheidend, um neue Arten von Fehlern oder subtile Fehlfunktionen zu erkennen.<\/li>\n<li><strong>Optimierung der Kundensegmentierung und des Lagerbestands :<\/strong> Gruppierung von Produkten nach komplexen Nachfragemustern zur Optimierung der Politik der <strong>Gezogener Fluss<\/strong> und von <strong>Sicherheitsbestand<\/strong>.<\/li>\n<\/ul>\n<\/li>\n<\/ul>\n<h3><strong>C. Verst\u00e4rktes Lernen<\/strong><\/h3>\n<ul>\n<li><strong>Prinzip :<\/strong> Das Modell lernt durch Versuch und Irrtum, indem es mit einer Umgebung interagiert (oft ein <strong>Digitaler Zwilling<\/strong>). Er wird f\u00fcr Ma\u00dfnahmen belohnt, die das Ziel optimieren (z. B. Erh\u00f6hung des Durchsatzes), und f\u00fcr Ma\u00dfnahmen bestraft, die das Ziel verschlechtern.<\/li>\n<li><strong>Anwendungen :<\/strong>\n<ul>\n<li><strong>Automatische Prozesssteuerung :<\/strong> Echtzeit-Optimierung der Parameter eines Industrieofens oder einer CNC-Maschine zur Maximierung des <strong>TRS<\/strong> oder den Energieverbrauch minimieren. Der Algorithmus lernt, mit dem <strong>Erdrosselungshals (Bottleneck)<\/strong> auf dynamische Weise.<\/li>\n<\/ul>\n<\/li>\n<\/ul>\n<h3><strong>ML : Der Motor der Wertsch\u00f6pfung im Industrial Engineering<\/strong><\/h3>\n<p>Die Integration von Machine Learning durch Experten in <strong>Wirtschaftsingenieurwesen<\/strong> bietet wichtige Wettbewerbsvorteile:<\/p>\n<ol>\n<li><strong>Reduzierung der versteckten Kosten :<\/strong> Durch die Vorhersage von Ausf\u00e4llen und die Optimierung von Parametern reduziert ML die Kosten f\u00fcr ungeplante Maschinenstillst\u00e4nde und Ausschuss (Nichtqualit\u00e4t), erh\u00f6ht die <strong>Serienproduktion<\/strong>.<\/li>\n<li><strong>Qualit\u00e4tsverbesserung :<\/strong> ML-Modelle k\u00f6nnen komplexe Korrelationen zwischen Produktionsvariablen (aus dem <strong>Herstellungsordner<\/strong>) und die endg\u00fcltige Qualit\u00e4t, die der Mensch nicht wahrnehmen k\u00f6nnte, und erm\u00f6glicht es, die Prozesse anzupassen, um eine gleichbleibende Qualit\u00e4t zu gew\u00e4hrleisten.<\/li>\n<li><strong>Beschleunigung der kontinuierlichen Verbesserung (KAIZEN) :<\/strong> Der ML stellt die <strong>Root Cause Analysis (RCA)<\/strong> durch die Ermittlung der Faktoren, die die Leistung am st\u00e4rksten beeinflussen. Diese datengest\u00fctzte Analyse erm\u00f6glicht es, die Verbesserungsbem\u00fchungen gezielt zu steuern (<strong>KAIZEN<\/strong>) dort, wo sie die gr\u00f6\u00dfte Wirkung erzielen und die Intuition in Gewissheit verwandeln.<\/li>\n<li><strong>Optimierung der Supply Chain :<\/strong> Feinere Prognosen und intelligente Planungsalgorithmen erm\u00f6glichen eine reaktionsschnellere Bestandsverwaltung und erleichtern den \u00dcbergang zu Modellen mit <strong>Gezogener Fluss<\/strong> leistungsf\u00e4higer.<\/li>\n<\/ol>\n<h3><strong>Herausforderungen und Implementierungsstrategie<\/strong><\/h3>\n<p>Der Erfolg von Machine Learning h\u00e4ngt von der <strong>Qualit\u00e4t und Struktur der Daten<\/strong>. Die Herausforderung f\u00fcr KMU besteht h\u00e4ufig darin, die Daten aus ihren unterschiedlichen Systemen (ERP, MES, Automaten) zu bereinigen, zu standardisieren und zug\u00e4nglich zu machen. Ein Berater ist erforderlich, um die richtige Datenarchitektur (Big Data) zu definieren, die kosteng\u00fcnstigsten Anwendungsf\u00e4lle auszuw\u00e4hlen und sicherzustellen, dass das Erlernen von Modellen an den Unternehmenszielen ausgerichtet ist.<\/p>\n<p>Machine Learning ist das Werkzeug, das es der Industrie erm\u00f6glicht, von der Automatisierung (das Gleiche schneller zu tun) zur\u2019<strong>Autonomie<\/strong> und in der\u2019<strong>st\u00e4ndige Optimierung<\/strong> (machen Sie die <em>beste<\/em> Sache, sich anpassen und verbessern).<\/p>\n<p><!-- notionvc: 2284a003-8d87-4380-9b39-cefa5ad08426 --><\/p>","protected":false},"excerpt":{"rendered":"<p>Le Machine Learning (ML), ou Apprentissage Automatique, est un sous-domaine fondamental de l&#8217;Intelligence Artificielle (IA). Sa distinction r\u00e9side dans son approche : au lieu d&#8217;\u00eatre explicitement programm\u00e9 avec des r\u00e8gles sp\u00e9cifiques pour r\u00e9soudre un probl\u00e8me, le Machine Learning utilise des algorithmes qui apprennent directement \u00e0 partir des donn\u00e9es pour accomplir des t\u00e2ches, faire des pr\u00e9dictions [&hellip;]<\/p>\n","protected":false},"author":1,"featured_media":0,"parent":12324,"menu_order":0,"comment_status":"closed","ping_status":"closed","template":"","meta":{"_sitemap_exclude":false,"_sitemap_priority":"","_sitemap_frequency":"","footnotes":""},"definition":[99],"class_list":["post-12426","page","type-page","status-publish","hentry","definition-definition"],"jetpack_sharing_enabled":true,"_links":{"self":[{"href":"https:\/\/sxe-consulting.com\/de\/wp-json\/wp\/v2\/pages\/12426","targetHints":{"allow":["GET"]}}],"collection":[{"href":"https:\/\/sxe-consulting.com\/de\/wp-json\/wp\/v2\/pages"}],"about":[{"href":"https:\/\/sxe-consulting.com\/de\/wp-json\/wp\/v2\/types\/page"}],"author":[{"embeddable":true,"href":"https:\/\/sxe-consulting.com\/de\/wp-json\/wp\/v2\/users\/1"}],"replies":[{"embeddable":true,"href":"https:\/\/sxe-consulting.com\/de\/wp-json\/wp\/v2\/comments?post=12426"}],"version-history":[{"count":0,"href":"https:\/\/sxe-consulting.com\/de\/wp-json\/wp\/v2\/pages\/12426\/revisions"}],"up":[{"embeddable":true,"href":"https:\/\/sxe-consulting.com\/de\/wp-json\/wp\/v2\/pages\/12324"}],"wp:attachment":[{"href":"https:\/\/sxe-consulting.com\/de\/wp-json\/wp\/v2\/media?parent=12426"}],"wp:term":[{"taxonomy":"definition","embeddable":true,"href":"https:\/\/sxe-consulting.com\/de\/wp-json\/wp\/v2\/definition?post=12426"}],"curies":[{"name":"wp","href":"https:\/\/api.w.org\/{rel}","templated":true}]}}