{"id":12425,"date":"2025-10-07T11:57:31","date_gmt":"2025-10-07T09:57:31","guid":{"rendered":"https:\/\/sxe-consulting.com\/?page_id=12425"},"modified":"2025-10-14T20:53:58","modified_gmt":"2025-10-14T18:53:58","slug":"supply-chain-definition","status":"publish","type":"page","link":"https:\/\/sxe-consulting.com\/de\/glossaire-industriel\/supply-chain-definition\/","title":{"rendered":"Lieferkette"},"content":{"rendered":"<p>Die <strong>Lieferkette<\/strong> (oder <strong>Versorgungskette<\/strong>) ist der <strong>umfassendes und integriertes Netzwerk<\/strong> Organisationen, Personen, Technologien, Aktivit\u00e4ten, Informationen und Ressourcen, die an der Bewegung eines Produkts oder einer Dienstleistung von der Quelle des Rohstoffs bis zur Lieferung an den Endkunden beteiligt sind.<\/p>\n<p><!--more--><\/p>\n<p><strong>Vertiefte Definition :<\/strong> Das Management der Supply Chain (<em>Supply Chain Management - SCM<\/em>) ist eine strategische Disziplin des <strong>Wirtschaftsingenieurwesen<\/strong> die darauf abzielt, Abl\u00e4ufe so effizient wie m\u00f6glich zu planen, umzusetzen und zu kontrollieren. Im Gegensatz zur einfachen <strong>Logistik<\/strong> (die sich auf den Transport und die physische Lagerung konzentriert), umfasst die Lieferkette alle Prozesse, einschlie\u00dflich des Einkaufs von Rohstoffen (<strong>Zirkoniasand<\/strong>, <strong>Bauxit<\/strong>), die Umwandlung (<strong>Serienproduktion<\/strong>), Planung, Lagerverwaltung (<strong>Kanban<\/strong>, <strong>Gezogener Fluss<\/strong>) und die Verteilung.<\/p>\n<p>Sein Ziel ist es, den <strong>Verdienstkosten<\/strong> und gleichzeitig die Zufriedenheit der Kunden durch die Einhaltung der Fristen und der <strong>Qualit\u00e4t<\/strong>.<\/p>\n<h3><strong>Die drei kritischen Fl\u00fcsse der Supply Chain<\/strong><\/h3>\n<p>Die Lieferkette steuert die Verbindung von drei Str\u00f6men, die f\u00fcr den Erfolg der <strong>Operative Leistung<\/strong> :<\/p>\n<ol>\n<li><strong>Physischer Fluss (Aufw\u00e4rts und Abw\u00e4rts) :<\/strong> Die Bewegung von Rohstoffen, Komponenten und Endprodukten (das Produkt selbst). Die Optimierung dieses Flusses zielt auf die Beseitigung von Verschwendung durch Transport und Lagerbest\u00e4nde ab (<strong>Muda<\/strong>) zu maximieren und den <strong>TRS (Synthetische Ertragsrate)<\/strong> der Produktion.<\/li>\n<li><strong>Der Informationsfluss (bidirektional) :<\/strong> Die gemeinsame Nutzung von Daten, von Verkaufsprognosen (Kunde) bis hin zu Produktionspl\u00e4nen (Lieferant). Die Schnelligkeit und Zuverl\u00e4ssigkeit dieses Flusses (\u00fcber Systeme <strong>ERP<\/strong>, <strong>MEINE<\/strong> oder <strong>SCADA<\/strong>) sind entscheidend, um die Unsicherheit zu verringern und \u00dcberproduktion zu vermeiden (<strong>Muda<\/strong> am gef\u00e4hrlichsten).<\/li>\n<li><strong>Der Geldfluss (Downstream zu Upstream) :<\/strong> Die Bewegung des Geldes (Zahlungen, Kredite, Rechnungsstellung). Die finanzielle Effizienz der Kette hat einen direkten Einfluss auf den Bedarf an Betriebskapital und den <strong>ROI (Return on Investment)<\/strong>.<\/li>\n<\/ol>\n<h3><strong>Der Einfluss der Supply Chain auf die operative Exzellenz<\/strong><\/h3>\n<p>Die Beherrschung der Supply Chain ist ein wichtiger Hebel f\u00fcr die Wettbewerbsf\u00e4higkeit und steht im Mittelpunkt der Strategien von\u2019<strong>Operative Exzellenz<\/strong> :<\/p>\n<ul>\n<li><strong>Resilienz (Risikomanagement) :<\/strong> Eine gut gef\u00fchrte Supply Chain ist widerstandsf\u00e4hig gegen\u00fcber externen Schocks (Mangel an <strong>Feuerfeste Materialien<\/strong>, Transportkrise). Die Verwendung von Werkzeugen wie\u2019<strong>AMDEC<\/strong> ist entscheidend f\u00fcr die Identifizierung und Abschw\u00e4chung von Risiken, die zu einer Unterbrechung f\u00fchren k\u00f6nnen.<\/li>\n<li><strong>Agilit\u00e4t und Flexibilit\u00e4t :<\/strong> In einem volatilen Marktumfeld (Anforderungen an die Personalisierung) ist eine agile Kette (nahe am <strong>Gezogener Fluss<\/strong>) kann sich schnell an Ver\u00e4nderungen der Nachfrage anpassen, ohne unn\u00f6tige Lagerbest\u00e4nde anzuh\u00e4ufen (Vermeidung von <strong>Muda<\/strong> des Inventars).<\/li>\n<li><strong>Nachhaltigkeit :<\/strong> Durch die R\u00fcckverfolgbarkeit und Optimierung des Transports kann der CO2-Fu\u00dfabdruck verringert und die Einhaltung von Sozial- und Umweltstandards verbessert werden.<\/li>\n<\/ul>\n<p>Die Entwicklung zur <strong>Smart Factory<\/strong> und die\u2019<strong>Industrie 4.0<\/strong> ver\u00e4ndert die Lieferkette, indem sie sie vorausschauender macht, indem sie sich auf die Analyse der <strong>Big Data<\/strong> f\u00fcr automatisierte Entscheidungsfindungen.<\/p>\n<p>Abschlie\u00dfend <strong>Lieferkette<\/strong> ist das Nervensystem eines Unternehmens, das die Strategie mit der Ausf\u00fchrung verbindet. Seine Optimierung ist der entscheidende Faktor, der aus einem guten <strong>Operative Leistung<\/strong> in einen dauerhaften Wettbewerbsvorteil auf dem Markt umwandeln.<\/p>\n<p><!-- notionvc: 5b282c66-9d45-4db1-aa11-38a20ff7ac24 --><\/p>\n<p data-start=\"3483\" data-end=\"3654\"><!-- notionvc: 55748b84-6bc7-48d1-980a-8210c919df08 --><\/p>","protected":false},"excerpt":{"rendered":"<p>La Supply Chain (ou Cha\u00eene d&#8217;Approvisionnement) est le r\u00e9seau complet et int\u00e9gr\u00e9 des organisations, des personnes, des technologies, des activit\u00e9s, des informations et des ressources impliqu\u00e9es dans le d\u00e9placement d&#8217;un produit ou d&#8217;un service, depuis la source de la mati\u00e8re premi\u00e8re jusqu&#8217;\u00e0 la livraison au client final.<\/p>","protected":false},"author":1,"featured_media":0,"parent":12324,"menu_order":0,"comment_status":"closed","ping_status":"closed","template":"","meta":{"_sitemap_exclude":false,"_sitemap_priority":"","_sitemap_frequency":"","footnotes":""},"definition":[99],"class_list":["post-12425","page","type-page","status-publish","hentry","definition-definition"],"jetpack_sharing_enabled":true,"_links":{"self":[{"href":"https:\/\/sxe-consulting.com\/de\/wp-json\/wp\/v2\/pages\/12425","targetHints":{"allow":["GET"]}}],"collection":[{"href":"https:\/\/sxe-consulting.com\/de\/wp-json\/wp\/v2\/pages"}],"about":[{"href":"https:\/\/sxe-consulting.com\/de\/wp-json\/wp\/v2\/types\/page"}],"author":[{"embeddable":true,"href":"https:\/\/sxe-consulting.com\/de\/wp-json\/wp\/v2\/users\/1"}],"replies":[{"embeddable":true,"href":"https:\/\/sxe-consulting.com\/de\/wp-json\/wp\/v2\/comments?post=12425"}],"version-history":[{"count":0,"href":"https:\/\/sxe-consulting.com\/de\/wp-json\/wp\/v2\/pages\/12425\/revisions"}],"up":[{"embeddable":true,"href":"https:\/\/sxe-consulting.com\/de\/wp-json\/wp\/v2\/pages\/12324"}],"wp:attachment":[{"href":"https:\/\/sxe-consulting.com\/de\/wp-json\/wp\/v2\/media?parent=12425"}],"wp:term":[{"taxonomy":"definition","embeddable":true,"href":"https:\/\/sxe-consulting.com\/de\/wp-json\/wp\/v2\/definition?post=12425"}],"curies":[{"name":"wp","href":"https:\/\/api.w.org\/{rel}","templated":true}]}}