{"id":12424,"date":"2025-10-07T12:03:39","date_gmt":"2025-10-07T10:03:39","guid":{"rendered":"https:\/\/sxe-consulting.com\/?page_id=12424"},"modified":"2025-10-07T12:03:39","modified_gmt":"2025-10-07T10:03:39","slug":"konig-definition","status":"publish","type":"page","link":"https:\/\/sxe-consulting.com\/de\/glossaire-industriel\/roi-definition\/","title":{"rendered":"ROI (Return on Investment)"},"content":{"rendered":"<p>Die <strong>Return on Investment (ROI)<\/strong>, aus dem Englischen <em>Return On Investment<\/em>, ist ein <strong>Finanzindikator (KPI)<\/strong> der die Wirksamkeit oder Rentabilit\u00e4t einer Investition misst. Er erm\u00f6glicht es, die H\u00f6he der realisierten Gewinne (oder erlittenen Verluste) im Vergleich zu den urspr\u00fcnglich eingesetzten Summen zu bestimmen.<\/p>\n<p><strong>Vertiefte Definition :<\/strong> Der ROI ist das unverzichtbare Werkzeug des <strong>Wirtschaftsingenieurwesen<\/strong> und Finanzmanagement, um die wirtschaftliche Leistung jedes Projekts zu begr\u00fcnden, zu priorisieren und zu bewerten, sei es der Kauf einer neuen Ausstattung von <strong>Produktionstechnik<\/strong>, der Einrichtung eines Systems <strong>MEINE<\/strong>, oder ein Projekt zur\u2019<strong>Kontinuierliche Verbesserung<\/strong> oder <strong>KAIZEN<\/strong>. Sie bietet eine klare Perspektive auf die Wertsch\u00f6pfung und ist der entscheidende Faktor bei der strategischen Entscheidungsfindung.<\/p>\n<p>Der ROI wird h\u00e4ufig in Prozent angegeben, was den Vergleich zwischen Investitionen unterschiedlicher Gr\u00f6\u00dfe erleichtert.<\/p>\n<h3><strong>Die Berechnung des Return on Investment<\/strong><\/h3>\n<p>Der ROI wird nach einer einfachen, allgemeing\u00fcltigen Formel berechnet:<\/p>\n<p><img decoding=\"async\" class=\"size-full wp-image-12434 aligncenter\" src=\"https:\/\/sxe-consulting.com\/wp-content\/uploads\/2025\/10\/Roi-sxe.png\" alt=\"\" width=\"516\" height=\"61\" srcset=\"https:\/\/sxe-consulting.com\/wp-content\/uploads\/2025\/10\/Roi-sxe.png 516w, https:\/\/sxe-consulting.com\/wp-content\/uploads\/2025\/10\/Roi-sxe-300x35.png 300w\" sizes=\"(max-width: 516px) 100vw, 516px\" \/><\/p>\n<p>Wo:<\/p>\n<ol>\n<li><strong>Gewinne aus der Investition :<\/strong> Stellen den Gesamtgewinn dar, der durch die Investition erwirtschaftet wird. Im industriellen Umfeld umfasst dies h\u00e4ufig :\n<ul>\n<li>Die erzielten Einsparungen (Verringerung des <strong>Muda<\/strong> und des <strong>Verdienstkosten<\/strong>).<\/li>\n<li>Die Erh\u00f6hung des Einkommens (\u00fcber eine bessere <strong>Operative Leistung<\/strong> oder eine erh\u00f6hte Kapazit\u00e4t von <strong>Serienproduktion<\/strong>).<\/li>\n<li>Die Senkung der Kosten f\u00fcr Nicht-Qualit\u00e4t (Reduzierung von Ausschuss durch die <strong>Six Sigma<\/strong> oder zu <strong>Poka-Yoke<\/strong>).<\/li>\n<li>Die Senkung der Kosten von <strong>Korrigierende Wartung<\/strong> (dank der <strong>Vorbeugende Instandhaltung<\/strong>).<\/li>\n<\/ul>\n<\/li>\n<li><strong>Kosten der Investition :<\/strong> Umfasst alle direkten und indirekten Kosten (Kauf von Ausr\u00fcstung, Installationskosten, Schulungen, Kosten f\u00fcr die von den Teams aufgewendete Zeit).<\/li>\n<\/ol>\n<p><strong>Beispiel:<\/strong> Wenn eine Investition in einen neuen Roboter 50.000 \u20ac kostet und \u00fcber f\u00fcnf Jahre Einsparungen von 80.000 \u20ac bringt :<\/p>\n<p><img decoding=\"async\" src=\"attachment:f6fa156c-f253-4df4-aa17-b5714ee6bf1a:image.png\" alt=\"image.png\" \/><\/p>\n<h3><strong>ROI und industrielle Entscheidungsprozesse<\/strong><\/h3>\n<p>Der ROI ist ein <strong>KPI<\/strong> Die meisten Menschen, die an einem Projekt beteiligt sind, haben keine Ahnung, was sie tun sollen:<\/p>\n<h3><strong>1. Priorisierung (Plan-Phase des PDCA)<\/strong><\/h3>\n<p>Bevor ein Projekt gestartet wird, nutzen F\u00fchrungsteams den prognostizierten ROI, um die Chancen zu klassifizieren. Ein hoher ROI zeigt an, dass das Projekt einen gro\u00dfen Wert f\u00fcr das Unternehmen schaffen wird, wodurch es gegen\u00fcber anderen Projekten mit geringerem ROI Vorrang erh\u00e4lt. Er erm\u00f6glicht die Anwendung der <strong>Pareto-Methode<\/strong> \u00fcber die Kapitalallokation.<\/p>\n<h3><strong>2. Begr\u00fcndung (Business Case)<\/strong><\/h3>\n<p>Ein positiver ROI, der \u00fcber den Kapitalkosten des Unternehmens liegt, ist die wirtschaftliche Rechtfertigung daf\u00fcr, dass ein Projekt genehmigt wird. Dadurch wird die\u2019<strong>Over-Engineering<\/strong> indem sie die Teams dazu zwingen, nur L\u00f6sungen vorzuschlagen, deren Nutzen quantifizierbar ist.<\/p>\n<h3><strong>3. Bewertung (Check-Phase des PDCA)<\/strong><\/h3>\n<p>Nach der Umsetzung (z. B. einer \u00c4nderung von <strong>Herstellungsprogramm<\/strong> oder der Einf\u00fchrung neuer <strong>Refrakt\u00e4re Elektroschmelzen<\/strong>), wird der tats\u00e4chliche ROI berechnet. Diese Bewertung erm\u00f6glicht es, die Effektivit\u00e4t des Projekts zu best\u00e4tigen und Lehren f\u00fcr zuk\u00fcnftige Initiativen zu ziehen.\u2019<strong>Kontinuierliche Verbesserung<\/strong>.<\/p>\n<h3><strong>Grenzen des ROI<\/strong><\/h3>\n<p>Obwohl er entscheidend ist, misst der ROI nur den rein finanziellen Aspekt. Er ber\u00fccksichtigt nicht direkt die immateriellen oder nicht-monet\u00e4ren Vorteile, wie :<\/p>\n<ul>\n<li>Die Verbesserung der Mitarbeiterzufriedenheit.<\/li>\n<li>Die St\u00e4rkung des Markenimages oder der <strong>Qualit\u00e4t<\/strong> wahrgenommen.<\/li>\n<li>Die Erh\u00f6hung der Sicherheit am Arbeitsplatz (obwohl dies indirekt auch zu einer Kostensenkung f\u00fchren kann).<\/li>\n<\/ul>\n<p>Aus diesem Grund wird er h\u00e4ufig durch andere Leistungsindikatoren erg\u00e4nzt (finanzielle wie die Interne Rendite (IRR) oder operative wie die <strong>TRS<\/strong>).<\/p>\n<p>Abschlie\u00dfend <strong>ROI<\/strong> ist der Indikator f\u00fcr wirtschaftliche Effizienz schlechthin. Er erfordert finanzielle Disziplin und die Anpassung von Projekten an die Bed\u00fcrfnisse der Gesellschaft.\u2019<strong>Operative Exzellenz<\/strong> auf die Schaffung von Wohlstand f\u00fcr das Unternehmen.<\/p>\n<p><!-- notionvc: b0f6e785-a47e-4c06-b968-002fbfdf7ed4 --><\/p>\n<p data-start=\"3483\" data-end=\"3654\"><!-- notionvc: 55748b84-6bc7-48d1-980a-8210c919df08 --><\/p>","protected":false},"excerpt":{"rendered":"<p>Le Retour sur Investissement (ROI), de l&#8217;anglais Return On Investment, est un indicateur financier (KPI) qui mesure l&#8217;efficacit\u00e9 ou la rentabilit\u00e9 d&#8217;un investissement. Il permet de d\u00e9terminer le montant des gains r\u00e9alis\u00e9s (ou des pertes subies) par rapport aux sommes initialement engag\u00e9es. D\u00e9finition Approfondie : Le ROI est l&#8217;outil indispensable du G\u00e9nie Industriel et de [&hellip;]<\/p>\n","protected":false},"author":1,"featured_media":0,"parent":12324,"menu_order":0,"comment_status":"closed","ping_status":"closed","template":"","meta":{"_sitemap_exclude":false,"_sitemap_priority":"","_sitemap_frequency":"","footnotes":""},"definition":[99],"class_list":["post-12424","page","type-page","status-publish","hentry","definition-definition"],"jetpack_sharing_enabled":true,"_links":{"self":[{"href":"https:\/\/sxe-consulting.com\/de\/wp-json\/wp\/v2\/pages\/12424","targetHints":{"allow":["GET"]}}],"collection":[{"href":"https:\/\/sxe-consulting.com\/de\/wp-json\/wp\/v2\/pages"}],"about":[{"href":"https:\/\/sxe-consulting.com\/de\/wp-json\/wp\/v2\/types\/page"}],"author":[{"embeddable":true,"href":"https:\/\/sxe-consulting.com\/de\/wp-json\/wp\/v2\/users\/1"}],"replies":[{"embeddable":true,"href":"https:\/\/sxe-consulting.com\/de\/wp-json\/wp\/v2\/comments?post=12424"}],"version-history":[{"count":0,"href":"https:\/\/sxe-consulting.com\/de\/wp-json\/wp\/v2\/pages\/12424\/revisions"}],"up":[{"embeddable":true,"href":"https:\/\/sxe-consulting.com\/de\/wp-json\/wp\/v2\/pages\/12324"}],"wp:attachment":[{"href":"https:\/\/sxe-consulting.com\/de\/wp-json\/wp\/v2\/media?parent=12424"}],"wp:term":[{"taxonomy":"definition","embeddable":true,"href":"https:\/\/sxe-consulting.com\/de\/wp-json\/wp\/v2\/definition?post=12424"}],"curies":[{"name":"wp","href":"https:\/\/api.w.org\/{rel}","templated":true}]}}