{"id":12423,"date":"2025-10-07T12:02:02","date_gmt":"2025-10-07T10:02:02","guid":{"rendered":"https:\/\/sxe-consulting.com\/?page_id=12423"},"modified":"2025-10-07T12:02:02","modified_gmt":"2025-10-07T10:02:02","slug":"rca-definition","status":"publish","type":"page","link":"https:\/\/sxe-consulting.com\/de\/glossaire-industriel\/rca-definition\/","title":{"rendered":"Root Cause Analysis (RCA) - Definition"},"content":{"rendered":"<p>Die <strong>Root Cause Analysis<\/strong> (RCA), oder <strong>Analyse der Wurzelursache<\/strong>, Der Begriff \"Probleml\u00f6sung\" bezeichnet eine Methode zur L\u00f6sung von Problemen, die darauf abzielt, die Grundursache (oder die Gesamtheit der Ursachen) eines Problems oder einer Nichtkonformit\u00e4t zu ermitteln, anstatt nur die Symptome zu bek\u00e4mpfen.<\/p>\n<p><!--more--><\/p>\n<p><strong>Vertiefte Definition :<\/strong> Die ZAR ist ein Gr\u00fcndungsprinzip der\u2019<strong>Operative Exzellenz<\/strong> und des <strong>Lean Six Sigma<\/strong>. Sie beruht auf der Idee, dass man, um ein Problem dauerhaft zu beseitigen, die Kausalit\u00e4tskette bis zu dem System-, Verfahrens- oder Konstruktionsfehler zur\u00fcckverfolgen muss, der das Auftreten des Fehlers erm\u00f6glicht hat. Wenn man nur die Symptome bek\u00e4mpft, wird das Problem garantiert wieder auftreten, wodurch Ressourcen (Zeit, Geld, Aufwand) verschwendet werden und das Risiko steigt, dass das Problem wieder auftritt. <strong>Verdienstkosten<\/strong>. Eine erfolgreiche AKR f\u00fchrt zu einer st\u00e4ndigen Korrekturma\u00dfnahme, die auf die Phase abgestimmt ist <strong>Akt<\/strong> des Zyklus <strong>PDCA (Plan-Do-Check-Act)<\/strong>.<\/p>\n<h3><strong>Der ZAR-Prozess und die Schl\u00fcsselinstrumente<\/strong><\/h3>\n<p>Die AKR ist ein strukturierter Prozess, der oft von einem multidisziplin\u00e4ren Team (dem <strong>Brainstorming<\/strong> Die meisten Sch\u00fclerinnen und Sch\u00fcler, die sich auf eine Vielzahl von Instrumenten des <strong>Wirtschaftsingenieurwesen<\/strong> um von Fakten zu L\u00f6sungen zu gelangen:<\/p>\n<h3><strong>1. Definition und Quantifizierung des Problems<\/strong><\/h3>\n<p>Das Team nutzt faktenbasierte Tools (wie das <strong>QQOQCCP<\/strong>), um den Effekt genau zu definieren und seine Auswirkungen auf die <strong>KPI<\/strong> (wie das <strong>TRS<\/strong>) oder die <strong>Qualit\u00e4t<\/strong>. Dieser Schritt ist entscheidend, denn er verhindert, dass die\u2019<strong>Over-Engineering<\/strong> indem die Bem\u00fchungen auf das kritischste Problem ausgerichtet werden (Prinzip der <strong>Pareto-Methode<\/strong>).<\/p>\n<h3><strong>2. Identifikation potenzieller Ursachen<\/strong><\/h3>\n<p>Das Team untersucht alle M\u00f6glichkeiten. Das g\u00e4ngigste Instrument in dieser Phase ist das <strong>Ishikawa-Diagramm<\/strong> (Poisson's Edges), mit dem die potenziellen Ursachen nach den Kategorien der <strong>5M<\/strong> (Material, Methoden, Arbeitskr\u00e4fte, Mittel, Umgebung).<\/p>\n<h3><strong>3. Untersuchung und Validierung der Wurzelursache<\/strong><\/h3>\n<p>Dies ist der Kern der Analyse, in dem die Annahmen \u00fcberpr\u00fcft werden:<\/p>\n<ul>\n<li><strong>Methode der 5 Warums (5 Why) :<\/strong> Eine einfache, aber wirkungsvolle Technik, um iterativ nach jeder Ursache zu graben, bis man zu einer systemischen und handlungsf\u00e4higen Ursache gelangt (z. B. ein Mangel an <strong>Standardisierung<\/strong> oder ein Fehler in der <strong>Vorbeugende Instandhaltung<\/strong>).<\/li>\n<li><strong>Datenerhebung und -analyse :<\/strong> Verwendung von Produktionsdaten (oft das <strong>Big Data<\/strong> von <strong>MEINE<\/strong>) und der Dokumentation (die <strong>Herstellungsprogramm<\/strong> oder das <strong>Herstellungsordner<\/strong>), um die Korrelation zwischen einer Ursache und einer Wirkung statistisch zu validieren.<\/li>\n<\/ul>\n<h3><strong>4. Einsetzen und \u00dcberpr\u00fcfen von Korrekturma\u00dfnahmen<\/strong><\/h3>\n<p>Sobald die Wurzelursache nachgewiesen ist, bestimmt das Team die Korrekturma\u00dfnahmen. Die umfassendste Methode zur Formalisierung dieses Prozesses ist die\u2019<strong>8D-Analyse<\/strong>, Die Schritte D4 (Root Cause) und D5\/D6 (Permanent Corrective Actions) sind direkt aus der Zentralafrikanischen Republik abgeleitet. Die L\u00f6sungen zielen h\u00e4ufig auf die Installation eines Anti-Fehler-Systems (<strong>Poka-Yoke<\/strong>) oder die <strong>Standardisierung<\/strong> des Verfahrens, um einen R\u00fcckfall zu verhindern.<\/p>\n<h3><strong>RCA vs. Corrective Maintenance (Korrigierende Instandhaltung)<\/strong><\/h3>\n<p>Die RCA ist der pr\u00e4ventive Ansatz durch Analyse, w\u00e4hrend die <strong>Korrigierende Wartung<\/strong> ist der reaktive Ansatz durch Wiedergutmachung.<\/p>\n<ul>\n<li><strong>Korrigierende Wartung :<\/strong> Reparieren Sie die ausgefallene Maschine (das Symptom).<\/li>\n<li><strong>RCA :<\/strong> Entdecken Sie <strong>warum<\/strong> den Plan von <strong>Vorbeugende Instandhaltung<\/strong> oder das Design der Komponente ist fehlgeschlagen (die Wurzelursache).<\/li>\n<\/ul>\n<p>Abschlie\u00dfend <strong>Root Cause Analysis<\/strong> ist mehr als nur ein Werkzeug zur Probleml\u00f6sung; sie ist eine Kultur des Lernens und der Verbesserung. Sie stellt sicher, dass jeder Ausfall zu einer Gelegenheit wird, die Produktionssysteme zu st\u00e4rken, um eine h\u00f6here Widerstandsf\u00e4higkeit und eine <strong>Operative Leistung<\/strong> nachhaltig.<\/p>\n<p><!-- notionvc: 3caeff14-056f-4667-b43a-3c8d2f0f8d16 --><\/p>","protected":false},"excerpt":{"rendered":"<p>La Root Cause Analysis (RCA), ou Analyse de la Cause Racine, est une m\u00e9thodologie de r\u00e9solution de probl\u00e8mes qui vise \u00e0 identifier la cause fondamentale (ou l&#8217;ensemble des causes) d&#8217;un probl\u00e8me ou d&#8217;une non-conformit\u00e9, plut\u00f4t que de simplement s&#8217;attaquer aux sympt\u00f4mes.<\/p>","protected":false},"author":1,"featured_media":0,"parent":12324,"menu_order":0,"comment_status":"closed","ping_status":"closed","template":"","meta":{"_sitemap_exclude":false,"_sitemap_priority":"","_sitemap_frequency":"","footnotes":""},"definition":[99],"class_list":["post-12423","page","type-page","status-publish","hentry","definition-definition"],"jetpack_sharing_enabled":true,"_links":{"self":[{"href":"https:\/\/sxe-consulting.com\/de\/wp-json\/wp\/v2\/pages\/12423","targetHints":{"allow":["GET"]}}],"collection":[{"href":"https:\/\/sxe-consulting.com\/de\/wp-json\/wp\/v2\/pages"}],"about":[{"href":"https:\/\/sxe-consulting.com\/de\/wp-json\/wp\/v2\/types\/page"}],"author":[{"embeddable":true,"href":"https:\/\/sxe-consulting.com\/de\/wp-json\/wp\/v2\/users\/1"}],"replies":[{"embeddable":true,"href":"https:\/\/sxe-consulting.com\/de\/wp-json\/wp\/v2\/comments?post=12423"}],"version-history":[{"count":0,"href":"https:\/\/sxe-consulting.com\/de\/wp-json\/wp\/v2\/pages\/12423\/revisions"}],"up":[{"embeddable":true,"href":"https:\/\/sxe-consulting.com\/de\/wp-json\/wp\/v2\/pages\/12324"}],"wp:attachment":[{"href":"https:\/\/sxe-consulting.com\/de\/wp-json\/wp\/v2\/media?parent=12423"}],"wp:term":[{"taxonomy":"definition","embeddable":true,"href":"https:\/\/sxe-consulting.com\/de\/wp-json\/wp\/v2\/definition?post=12423"}],"curies":[{"name":"wp","href":"https:\/\/api.w.org\/{rel}","templated":true}]}}