{"id":12399,"date":"2025-10-07T11:47:25","date_gmt":"2025-10-07T09:47:25","guid":{"rendered":"https:\/\/sxe-consulting.com\/?page_id=12399"},"modified":"2025-10-07T11:47:25","modified_gmt":"2025-10-07T09:47:25","slug":"vsm-definition","status":"publish","type":"page","link":"https:\/\/sxe-consulting.com\/de\/glossaire-industriel\/vsm-definition\/","title":{"rendered":"VSM (Value Stream Mapping) Definition"},"content":{"rendered":"<p>Die <strong>Value Stream Mapping (VSM)<\/strong>, oder <strong>Mapping der Wertsch\u00f6pfungskette<\/strong> (oder <strong>Mapping von Material- und Informationsfl\u00fcssen<\/strong>), ist ein Werkzeug zur visuellen Analyse des <strong>Lean Management<\/strong>. Sie erm\u00f6glicht eine umfassende Darstellung <strong>die Gesamtheit der Schritte<\/strong> (vom Kundenauftrag bis zur Lieferung), die notwendig sind, damit ein Produkt oder eine Dienstleistung erstellt werden kann.<\/p>\n<p><!--more--><\/p>\n<p><strong>Vertiefte Definition :<\/strong> Von Toyota entwickelt und popul\u00e4r gemacht, besteht das Ziel des VSM darin, deutlich die <strong>Wertsch\u00f6pfung (VA)<\/strong> und vor allem die <strong>Verschwendung (Muda) und Ineffizienz<\/strong> (Unregelm\u00e4\u00dfigkeiten, \u00dcberlastungen), die sich im Prozess verbergen. Es ist das Werkzeug, das eine einfache Prozessanalyse in eine Analyse von\u2019<strong>Operative Exzellenz<\/strong> strategisch.<\/p>\n<p>Eine VSM-Kartografie zeigt zwei Hauptstr\u00f6me:<\/p>\n<ol>\n<li><strong>Der Physische Fluss :<\/strong> Die Bewegung des Produkts (Zykluszeit, Wartezeit, Bestand).<\/li>\n<li><strong>Der Informationsfluss :<\/strong> Signale, die Menschen und Maschinen sagen, was sie tun sollen (Planung <strong>ERP<\/strong>, (z. B. Befehle, Anweisungen).<\/li>\n<\/ol>\n<p>Die VSM wird immer in zwei Schritten durchgef\u00fchrt: Die <strong>Karte des Aktuellen Staates<\/strong> (<em>Current State Map<\/em>), um Probleme zu visualisieren, und die <strong>Karte des zuk\u00fcnftigen Staates<\/strong> (<em>Future State Map<\/em>), um Verbesserungen zu definieren (<strong>KAIZEN<\/strong>).<\/p>\n<h3><strong>Die Schl\u00fcsselkomponenten eines VSM<\/strong><\/h3>\n<p>Ein Standard-VSM ist um zwei Zeitlinien herum aufgebaut, um N\u00fctzliches von Unn\u00fctzem zu unterscheiden, grundlegende Konzepte f\u00fcr den <strong>Wirtschaftsingenieurwesen<\/strong> :<\/p>\n<h3><strong>1. Die Obere Zeitleiste (Physik)<\/strong><\/h3>\n<p>Sie stellt die Stufen des Verarbeitungsprozesses dar (Schneiden, Zusammensetzen, Kochen usw.). Jeder Schritt wird durch <strong>KPI<\/strong> entscheidend:<\/p>\n<ul>\n<li><strong>Zykluszeit (TC) :<\/strong> Die Zeit, die der Bediener oder die Maschine ben\u00f6tigt, um eine Einheit herzustellen.<\/li>\n<li><strong>Wechselzeit (SET UP) :<\/strong> Die Zeit, die ben\u00f6tigt wird, um von einem Produkt zu einem anderen zu wechseln (z. B. das <strong>SMED<\/strong> zielt darauf ab, diese Zeit zu verk\u00fcrzen).<\/li>\n<li><strong>TRS :<\/strong> Die <strong>Synthetische Ertragsrate<\/strong> der Ausr\u00fcstung.<\/li>\n<li><strong>Inventar :<\/strong> Das Niveau von <strong>Lager<\/strong> (oder <strong>WIP<\/strong> \u2013 <em>Work In Process<\/em>) zwischen den Etappen (Hauptquelle f\u00fcr <strong>Muda<\/strong>).<\/li>\n<\/ul>\n<h3><strong>2. Die Untere Zeitleiste (Delay)<\/strong><\/h3>\n<p>Sie stellt den Ablauf der Gesamtzeit dar :<\/p>\n<ul>\n<li><strong>Wertsch\u00f6pfende Zeit (VA Time) :<\/strong> Die Summe der Zykluszeiten (Cycle Time, TC) aller Schritte. Dies ist die tats\u00e4chliche Verarbeitungszeit, f\u00fcr die der Kunde bereit ist zu zahlen.<\/li>\n<li><strong>Wertfreie Zeit (NVA Time) :<\/strong> Die Summe aller Warte-, Transport- und Lagerzeiten. Sie ist die <strong>Muda<\/strong> insgesamt.<\/li>\n<li><strong>\u00dcberfahrtszeit (Lead Time) :<\/strong> Die Gesamtzeit von Anfang bis Ende (VA Time + NVA Time).<\/li>\n<\/ul>\n<p>Das Ziel von VSM ist es, den <strong>Zeit f\u00fcr die \u00dcberfahrt<\/strong> indem sie sich mit dem <strong>Zeit Ohne Wertsch\u00f6pfung<\/strong>, und die\u2019<strong>Effizienz des Flusses<\/strong> (VA Time \/ Lead Time).<\/p>\n<h3><strong>Der VSM-Prozess in der kontinuierlichen Verbesserung<\/strong><\/h3>\n<ol>\n<li><strong>Produktfamilie definieren :<\/strong> Die Analyse konzentriert sich auf eine Gruppe von Produkten, die die gleichen Verarbeitungsschritte teilen.<\/li>\n<li><strong>Den Aktuellen Staat zeichnen :<\/strong> Das Team von <strong>KAIZEN<\/strong> (oft auf dem Feld - <em>Gemba<\/em>) sammelt die tats\u00e4chlichen Daten und zeichnet den Fluss, wobei er auf Standardsymbole zur Darstellung von Best\u00e4nden, Fristen und Informationsfl\u00fcssen (Systeme <strong>ERP<\/strong> oder <strong>Kanban<\/strong>).<\/li>\n<li><strong>Den zuk\u00fcnftigen Staat entwerfen :<\/strong> Das Team eliminiert die <strong>Mudas<\/strong> identifiziert (in der Regel durch die Ausrichtung auf \u00dcberproduktion, Lagerbest\u00e4nde und Wartezeiten). Sie legt fest, wie der Prozess k\u00fcnftig gesteuert werden soll (von einem <strong>Pushed Flow<\/strong> zu einem <strong>Gezogener Fluss<\/strong>).<\/li>\n<li><strong>Aktion planen :<\/strong> Der Aktionsplan (oft auf der Grundlage der <strong>Pareto-Methode<\/strong> der gr\u00f6\u00dften Verschwendungen) wird definiert, um vom IST-Zustand in den FUTURE-Zustand zu gelangen (Phase <strong>Plan<\/strong> von <strong>PDCA<\/strong>).<\/li>\n<\/ol>\n<p>Abschlie\u00dfend <strong>VSM<\/strong> ist das visuelle Werkzeug par excellence. Sie erm\u00f6glicht es den Teams, das gesamte System auf einen Blick zu sehen, von der Erkennung lokaler Probleme zur Optimierung globaler Abl\u00e4ufe \u00fcberzugehen und so den <strong>ROI (Return on Investment)<\/strong> Bem\u00fchungen um\u2019<strong>Kontinuierliche Verbesserung<\/strong>.<\/p>\n<p><!-- notionvc: a7709644-eafb-4059-bf46-44e95e144150 --><\/p>","protected":false},"excerpt":{"rendered":"<p>La Value Stream Mapping (VSM), ou Cartographie de la Cha\u00eene de Valeur (ou Cartographie des Flux de Mati\u00e8res et d&#8217;Informations), est un outil d&#8217;analyse visuelle du Lean Management. Elle permet de repr\u00e9senter de mani\u00e8re exhaustive l&#8217;ensemble des \u00e9tapes (de la commande client \u00e0 la livraison) n\u00e9cessaires pour qu&#8217;un produit ou un service soit cr\u00e9\u00e9.<\/p>","protected":false},"author":1,"featured_media":0,"parent":12324,"menu_order":0,"comment_status":"closed","ping_status":"closed","template":"","meta":{"_sitemap_exclude":false,"_sitemap_priority":"","_sitemap_frequency":"","footnotes":""},"definition":[99],"class_list":["post-12399","page","type-page","status-publish","hentry","definition-definition"],"jetpack_sharing_enabled":true,"_links":{"self":[{"href":"https:\/\/sxe-consulting.com\/de\/wp-json\/wp\/v2\/pages\/12399","targetHints":{"allow":["GET"]}}],"collection":[{"href":"https:\/\/sxe-consulting.com\/de\/wp-json\/wp\/v2\/pages"}],"about":[{"href":"https:\/\/sxe-consulting.com\/de\/wp-json\/wp\/v2\/types\/page"}],"author":[{"embeddable":true,"href":"https:\/\/sxe-consulting.com\/de\/wp-json\/wp\/v2\/users\/1"}],"replies":[{"embeddable":true,"href":"https:\/\/sxe-consulting.com\/de\/wp-json\/wp\/v2\/comments?post=12399"}],"version-history":[{"count":0,"href":"https:\/\/sxe-consulting.com\/de\/wp-json\/wp\/v2\/pages\/12399\/revisions"}],"up":[{"embeddable":true,"href":"https:\/\/sxe-consulting.com\/de\/wp-json\/wp\/v2\/pages\/12324"}],"wp:attachment":[{"href":"https:\/\/sxe-consulting.com\/de\/wp-json\/wp\/v2\/media?parent=12399"}],"wp:term":[{"taxonomy":"definition","embeddable":true,"href":"https:\/\/sxe-consulting.com\/de\/wp-json\/wp\/v2\/definition?post=12399"}],"curies":[{"name":"wp","href":"https:\/\/api.w.org\/{rel}","templated":true}]}}