{"id":12397,"date":"2025-10-06T21:50:57","date_gmt":"2025-10-06T19:50:57","guid":{"rendered":"https:\/\/sxe-consulting.com\/?page_id=12397"},"modified":"2025-10-06T21:50:57","modified_gmt":"2025-10-06T19:50:57","slug":"mttr-definition","status":"publish","type":"page","link":"https:\/\/sxe-consulting.com\/de\/glossaire-industriel\/mttr-definition\/","title":{"rendered":"MTTR (Mean Time To Repair) - Definition"},"content":{"rendered":"<p>Die <strong>MTTR<\/strong> (<em>Mean Time To Repair<\/em>, oder <strong>Durchschnittliche Zeit bis zur Reparatur<\/strong>) ist ein <strong>Indikator f\u00fcr die Wartbarkeit (KPI)<\/strong> der die durchschnittliche Zeit misst, die ben\u00f6tigt wird, um eine Ausr\u00fcstung oder ein System nach dem Auftreten eines Ausfalls wieder betriebsbereit zu machen.<\/p>\n<p><!--more--><\/p>\n<p><strong>Vertiefte Definition :<\/strong> Die MTTR ist ein grundlegender KPI des <strong>Wirtschaftsingenieurwesen<\/strong> denn er quantifiziert die Effizienz und Schnelligkeit der Teams von <strong>Korrigierende Wartung<\/strong> und das Design der Ausr\u00fcstung (Reparierbarkeit). Eine niedrige MTTR ist entscheidend, um ungeplante Ausfallzeiten und damit Produktionsausf\u00e4lle zu minimieren (der <strong>Muda<\/strong> der Erwartung).<\/p>\n<p>Es ist wichtig zu beachten, dass die MTTR die gesamte Zeit vom Beginn des Ausfalls bis zur Wiederaufnahme der Produktion einschlie\u00dft, einschlie\u00dflich :<\/p>\n<ul>\n<li>Die Zeit f\u00fcr die Diagnose (Identifizierung der <strong>Ursache Wurzel<\/strong>).<\/li>\n<li>Die Zeit, die f\u00fcr die Reparatur oder den Austausch von Teilen ben\u00f6tigt wird.<\/li>\n<li>Die Zeit, die f\u00fcr das Einstellen und Testen der Ausr\u00fcstung vor der Wiederinbetriebnahme ben\u00f6tigt wird.<\/li>\n<\/ul>\n<h3><strong>Die Berechnung der MTTR und ihre Interpretation<\/strong><\/h3>\n<p>Die MTTR wird berechnet, indem die gesamte f\u00fcr Reparaturen aufgewendete Zeit (f\u00fcr einen bestimmten Zeitraum) durch die Gesamtzahl der Ausf\u00e4lle in diesem Zeitraum geteilt wird.<\/p>\n<p><img decoding=\"async\" class=\"size-full wp-image-12401 aligncenter\" src=\"https:\/\/sxe-consulting.com\/wp-content\/uploads\/2025\/10\/mttr.png\" alt=\"\" width=\"343\" height=\"55\" srcset=\"https:\/\/sxe-consulting.com\/wp-content\/uploads\/2025\/10\/mttr.png 343w, https:\/\/sxe-consulting.com\/wp-content\/uploads\/2025\/10\/mttr-300x48.png 300w\" sizes=\"(max-width: 343px) 100vw, 343px\" \/><\/p>\n<p><strong>Beispielrechnung :<\/strong> Innerhalb eines Monats gab es bei einer Maschine f\u00fcnf Ausf\u00e4lle. Die Ausfallzeiten f\u00fcr die Reparatur waren : 1 Stunde, 0,5 Stunden, 2 Stunden, 1,5 Stunden und 1 Stunde. Die Gesamtreparaturzeit betr\u00e4gt 6 Stunden.<\/p>\n<p><img decoding=\"async\" class=\"size-full wp-image-12402 aligncenter\" src=\"https:\/\/sxe-consulting.com\/wp-content\/uploads\/2025\/10\/mttr2.png\" alt=\"\" width=\"280\" height=\"47\" \/><\/p>\n<p><strong>Dolmetschen :<\/strong> Im Durchschnitt dauert es 1,2 Stunden (oder 72 Minuten), um die Ausr\u00fcstung zu reparieren und wieder in Betrieb zu nehmen. Diese Zahl ist die Grundlage f\u00fcr die Notfallplanung f\u00fcr die Produktionsabteilung.<\/p>\n<h3><strong>Strategien zur Verbesserung der MTTR (Instandhaltbarkeit)<\/strong><\/h3>\n<p>Die Reduzierung der MTTR ist ein Schl\u00fcsselziel von\u2019<strong>Kontinuierliche Verbesserung (KAIZEN)<\/strong> und erfordert einen umfassenden Ansatz :<\/p>\n<ul>\n<li><strong>Verbesserung der Diagnose :<\/strong> Schnelle und genaue Diagnosewerkzeuge einf\u00fchren (Systeme <strong>SCADA<\/strong> oder <strong>MEINE<\/strong>) und Techniker in Probleml\u00f6sungsmethoden schulen (<strong>8D-Analyse<\/strong>, <strong>5-Warum-Methode<\/strong>), um den Fehler sofort ins Visier zu nehmen.<\/li>\n<li><strong>Ersatzteillogistik :<\/strong> Optimierung des Bestandsmanagements f\u00fcr kritische Teile. Die Zeit, die Sie damit verbringen, auf die Lieferung eines Teils zu warten, ist der gr\u00f6\u00dfte Beitrag zur MTTR. Die <strong>Wirtschaftsingenieurwesen<\/strong> muss die Sicherheitsvorr\u00e4te so bemessen, dass diese Zeit minimiert wird, optimiert die <strong>ROI (Return on Investment)<\/strong> der M\u00fcnzen.<\/li>\n<li><strong>Standardisierung von Reparaturen :<\/strong> Erstellen von <strong>Arbeitsanweisungen<\/strong> klar f\u00fcr gew\u00f6hnliche Reparaturen, verwenden Sie den <strong>Visuelles Management<\/strong> f\u00fcr Schaltpl\u00e4ne und vereinfachen den Zugang zu den Komponenten (Prinzip des <strong>SMED<\/strong> angewandt auf die Instandhaltung).<\/li>\n<li><strong>Design for Maintainability :<\/strong> Bei der Anschaffung neuer <strong>Produktionstechnik<\/strong>, Bei der Auswahl der Komponenten sollten solche bevorzugt werden, die modular aufgebaut, leicht zug\u00e4nglich und austauschbar sind (weniger komplizierte Demontage).<\/li>\n<\/ul>\n<h3><strong>MTTR und Gesamtleistung<\/strong><\/h3>\n<p>Der MTTR in Kombination mit dem <strong>MTBF<\/strong> (<em>Mean Time Between Failures<\/em> - die H\u00e4ufigkeit von Ausf\u00e4llen), bestimmt den <strong>Verf\u00fcgbarkeitsrate<\/strong> der Ausr\u00fcstung, die der wesentliche Faktor des <strong>TRS (Synthetische Ertragsrate)<\/strong>.<\/p>\n<p><img decoding=\"async\" class=\"alignnone size-full wp-image-12403\" src=\"https:\/\/sxe-consulting.com\/wp-content\/uploads\/2025\/10\/mttr3.png\" alt=\"\" width=\"293\" height=\"46\" \/><\/p>\n<p>Durch die Senkung der MTTR erh\u00f6ht das Unternehmen direkt die Verf\u00fcgbarkeit seiner Maschinen. Dies ist ein direkter Hebel f\u00fcr eine bessere <strong>Operative Leistung<\/strong> und eine erh\u00f6hte Zuverl\u00e4ssigkeit der <strong>Serienproduktion<\/strong>.<\/p>\n<p>Abschlie\u00dfend <strong>MTTR<\/strong> ist der Ma\u00dfstab f\u00fcr Agilit\u00e4t und Effizienz in der Instandhaltung. Er leitet die Bem\u00fchungen, die Wiederinbetriebnahme schnell und effizient zu gestalten, und verwandelt so ungeplante Stillst\u00e4nde in minimale Unterbrechungen.<\/p>\n<p><!-- notionvc: 04820c65-8a7c-4d16-9aed-2a9718bd4817 --><\/p>","protected":false},"excerpt":{"rendered":"<p>Le MTTR (Mean Time To Repair, ou Temps Moyen Jusqu&#8217;\u00e0 la R\u00e9paration) est un indicateur de maintenabilit\u00e9 (KPI) qui mesure la dur\u00e9e moyenne n\u00e9cessaire pour remettre un \u00e9quipement ou un syst\u00e8me en \u00e9tat de marche apr\u00e8s qu&#8217;une panne se soit d\u00e9clar\u00e9e.<\/p>","protected":false},"author":1,"featured_media":0,"parent":12324,"menu_order":0,"comment_status":"closed","ping_status":"closed","template":"","meta":{"_sitemap_exclude":false,"_sitemap_priority":"","_sitemap_frequency":"","footnotes":""},"definition":[99],"class_list":["post-12397","page","type-page","status-publish","hentry","definition-definition"],"jetpack_sharing_enabled":true,"_links":{"self":[{"href":"https:\/\/sxe-consulting.com\/de\/wp-json\/wp\/v2\/pages\/12397","targetHints":{"allow":["GET"]}}],"collection":[{"href":"https:\/\/sxe-consulting.com\/de\/wp-json\/wp\/v2\/pages"}],"about":[{"href":"https:\/\/sxe-consulting.com\/de\/wp-json\/wp\/v2\/types\/page"}],"author":[{"embeddable":true,"href":"https:\/\/sxe-consulting.com\/de\/wp-json\/wp\/v2\/users\/1"}],"replies":[{"embeddable":true,"href":"https:\/\/sxe-consulting.com\/de\/wp-json\/wp\/v2\/comments?post=12397"}],"version-history":[{"count":0,"href":"https:\/\/sxe-consulting.com\/de\/wp-json\/wp\/v2\/pages\/12397\/revisions"}],"up":[{"embeddable":true,"href":"https:\/\/sxe-consulting.com\/de\/wp-json\/wp\/v2\/pages\/12324"}],"wp:attachment":[{"href":"https:\/\/sxe-consulting.com\/de\/wp-json\/wp\/v2\/media?parent=12397"}],"wp:term":[{"taxonomy":"definition","embeddable":true,"href":"https:\/\/sxe-consulting.com\/de\/wp-json\/wp\/v2\/definition?post=12397"}],"curies":[{"name":"wp","href":"https:\/\/api.w.org\/{rel}","templated":true}]}}