{"id":12396,"date":"2025-10-07T11:50:59","date_gmt":"2025-10-07T09:50:59","guid":{"rendered":"https:\/\/sxe-consulting.com\/?page_id=12396"},"modified":"2025-10-07T11:50:59","modified_gmt":"2025-10-07T09:50:59","slug":"trg-definition","status":"publish","type":"page","link":"https:\/\/sxe-consulting.com\/de\/glossaire-industriel\/trg-definition\/","title":{"rendered":"GRR (Global Rate of Return) - Definition"},"content":{"rendered":"<p>Die <strong>Gesamtrendite (GRR)<\/strong> ist ein <strong>Leistungsindikator (KPI)<\/strong> die die tats\u00e4chliche Effizienz einer Ausr\u00fcstung oder einer Produktionslinie misst, unter Ber\u00fccksichtigung von <strong>alle Zeitverluste<\/strong>, Die Zeit, in der die Ausr\u00fcstung nicht f\u00fcr den Betrieb vorgesehen war (Nicht-Arbeitsstunden).<\/p>\n<p><strong>Vertiefte Definition :<\/strong> Im Gegensatz zum <strong>TRS (Synthetische Ertragsrate)<\/strong>, der die Effizienz nur w\u00e4hrend der geplanten Produktionsstunden (z. B. die 8-Stunden-Morgenschicht) misst, nimmt der TRG als Referenz den <strong>Gesamt\u00f6ffnungszeit<\/strong> der Fabrik, oft rund um die Uhr, sieben Tage die Woche. Er wird daher verwendet, um zu beurteilen, inwieweit das Unternehmen seine gesamte potenzielle Kapazit\u00e4t nutzt, einschlie\u00dflich der Zeiten, in denen es absichtlich nicht ausgelastet ist (Leerlaufzeiten, fehlende Auftr\u00e4ge usw.). Es ist ein grundlegender KPI des <strong>Wirtschaftsingenieurwesen<\/strong> f\u00fcr den <em>Kapazit\u00e4tsmanagement<\/em>.<\/p>\n<p>Der TRG ist besonders relevant, wenn strategische Projekte zur Kapazit\u00e4tserweiterung, zur Reduzierung des <strong>Muda<\/strong> aufgrund fehlender Auftr\u00e4ge oder schwerer Investitionen (die eine hohe <strong>ROI<\/strong>).<\/p>\n<h3><strong>Die Berechnung der Gesamtrendite<\/strong><\/h3>\n<p>Der TRG wird nach der gleichen Logik der Verlustzerlegung wie der TRS berechnet, allerdings ausgehend vom <strong>\u00d6ffnungszeiten Total<\/strong> (TOT).<\/p>\n<p><img decoding=\"async\" class=\"size-full wp-image-12415 aligncenter\" src=\"https:\/\/sxe-consulting.com\/wp-content\/uploads\/2025\/10\/trg1.png\" alt=\"\" width=\"602\" height=\"36\" srcset=\"https:\/\/sxe-consulting.com\/wp-content\/uploads\/2025\/10\/trg1.png 602w, https:\/\/sxe-consulting.com\/wp-content\/uploads\/2025\/10\/trg1-300x18.png 300w\" sizes=\"(max-width: 602px) 100vw, 602px\" \/><\/p>\n<p><strong>Oder einfacher (Industrielle Formel) :<\/strong><\/p>\n<p><img decoding=\"async\" class=\"alignnone size-full wp-image-12416 aligncenter\" src=\"https:\/\/sxe-consulting.com\/wp-content\/uploads\/2025\/10\/trg2.png\" alt=\"\" width=\"360\" height=\"55\" srcset=\"https:\/\/sxe-consulting.com\/wp-content\/uploads\/2025\/10\/trg2.png 360w, https:\/\/sxe-consulting.com\/wp-content\/uploads\/2025\/10\/trg2-300x46.png 300w\" sizes=\"(max-width: 360px) 100vw, 360px\" \/><\/p>\n<p>Wo der <strong>N\u00fctzliche Zeit<\/strong> entspricht der tats\u00e4chlichen Zeit f\u00fcr die Herstellung der Gutteile, und der <strong>\u00d6ffnungszeiten Total<\/strong> stellt die 24 Stunden pro Tag dar.<\/p>\n<p>Die Zerlegung der drei Faktoren bleibt die gleiche wie bei der TRS, aber die \u00d6ffnungsrate wird auf der TOT (Total Opening Time) berechnet:<\/p>\n<ul>\n<li><strong>Er\u00f6ffnungskurs :<\/strong> Misst Verluste aufgrund von geplanten Unterbrechungen (Pausen, Einstellungen, <strong>Vorbeugende Instandhaltung<\/strong>) <strong>UND<\/strong> Verluste aufgrund von Nichtplanung (keine Bestellung, absichtliche Nichtnutzung).<\/li>\n<li><strong>Leistungsrate :<\/strong> Misst Geschwindigkeitsverluste und kurze Stopps (Mikro-Stopps, fehlende <strong>Standardisierung<\/strong>).<\/li>\n<li><strong>Qualit\u00e4tsrate :<\/strong> Misst Verluste aufgrund von Fehlern und Ausschuss (schlechte Teile, die eine <strong>8D-Analyse<\/strong>).<\/li>\n<\/ul>\n<h3><strong>TRG als Instrument des Kapazit\u00e4tsmanagements<\/strong><\/h3>\n<p>Der TRG ist das strategische Analyseinstrument, mit dem das Management die Verwendung des investierten Kapitals steuern kann, indem es <strong>Produktionstechnik<\/strong> :<\/p>\n<ul>\n<li><strong>Erkennung von Unter-\/\u00dcberinvestitionen :<\/strong> Ein sehr niedriger TRG \u00fcber einen l\u00e4ngeren Zeitraum (z. B. 25 %) deutet darauf hin, dass das Unternehmen nur ein Viertel seiner potenziellen Kapazit\u00e4t nutzt. Dies kann auf \u00dcberinvestitionen hindeuten (zu gro\u00dfe oder zu viele Ausr\u00fcstungen -. <strong>Over-Engineering<\/strong> - im Verh\u00e4ltnis zur Nachfrage) oder ein strukturelles Problem (Mangel an Auftr\u00e4gen, strategische Nichtausrichtung der <strong>OKR<\/strong>).<\/li>\n<li><strong>Rechtfertigung der Postdoc-Arbeit :<\/strong> Die Analyse der TRG ist entscheidend, um die Umstellung auf zwei oder drei Schichten zu rechtfertigen. Wenn die TRS w\u00e4hrend der Tagesschicht hoch ist (z. B. 85 %), aber die TRG niedrig ist, ist die Gelegenheit, die <strong>Operative Leistung<\/strong> liegt in der Nutzung ungenutzter Stunden (von ungeplant zu geplant).<\/li>\n<li><strong>Steuerung der Verbesserung :<\/strong> Jedes Projekt von\u2019<strong>Kontinuierliche Verbesserung<\/strong> oder <strong>KAIZEN<\/strong>, Ob es nun darum geht, Ausf\u00e4lle zu reduzieren (<strong>Root Cause Analysis<\/strong>) oder die Beseitigung des <strong>Muda<\/strong> der Wartezeit, sollte sich idealerweise auf die TRG auswirken, um einen signifikanten Kapazit\u00e4tsgewinn zu generieren.<\/li>\n<\/ul>\n<p>Abschlie\u00dfend <strong>TRG<\/strong> bietet eine makroskopische Sicht auf die Effizienz eines Unternehmens. Er misst nicht nur die Effizienz des Teams, wenn es arbeitet, sondern auch die F\u00e4higkeit des Unternehmens, um <strong>sein Kapital in der gesamten verf\u00fcgbaren Zeit rentabilisieren<\/strong>, Die Zahl der Sch\u00fclerinnen und Sch\u00fcler, die sich in der Schule befinden, ist ein Schl\u00fcsselindikator f\u00fcr Investitions- und Strategieentscheidungen.<\/p>\n<p><!-- notionvc: dd8175fa-e455-493d-a63c-5ddd2d32089a --><\/p>","protected":false},"excerpt":{"rendered":"<p>Le Taux de Rendement Global (TRG) est un indicateur de performance (KPI) qui mesure l&#8217;efficacit\u00e9 r\u00e9elle d&#8217;un \u00e9quipement ou d&#8217;une ligne de production en tenant compte de toutes les pertes de temps, y compris le temps o\u00f9 l&#8217;\u00e9quipement n&#8217;\u00e9tait pas planifi\u00e9 pour fonctionner (les heures non travaill\u00e9es). D\u00e9finition Approfondie : Contrairement au TRS (Taux de [&hellip;]<\/p>\n","protected":false},"author":1,"featured_media":0,"parent":12324,"menu_order":0,"comment_status":"closed","ping_status":"closed","template":"","meta":{"_sitemap_exclude":false,"_sitemap_priority":"","_sitemap_frequency":"","footnotes":""},"definition":[99],"class_list":["post-12396","page","type-page","status-publish","hentry","definition-definition"],"jetpack_sharing_enabled":true,"_links":{"self":[{"href":"https:\/\/sxe-consulting.com\/de\/wp-json\/wp\/v2\/pages\/12396","targetHints":{"allow":["GET"]}}],"collection":[{"href":"https:\/\/sxe-consulting.com\/de\/wp-json\/wp\/v2\/pages"}],"about":[{"href":"https:\/\/sxe-consulting.com\/de\/wp-json\/wp\/v2\/types\/page"}],"author":[{"embeddable":true,"href":"https:\/\/sxe-consulting.com\/de\/wp-json\/wp\/v2\/users\/1"}],"replies":[{"embeddable":true,"href":"https:\/\/sxe-consulting.com\/de\/wp-json\/wp\/v2\/comments?post=12396"}],"version-history":[{"count":0,"href":"https:\/\/sxe-consulting.com\/de\/wp-json\/wp\/v2\/pages\/12396\/revisions"}],"up":[{"embeddable":true,"href":"https:\/\/sxe-consulting.com\/de\/wp-json\/wp\/v2\/pages\/12324"}],"wp:attachment":[{"href":"https:\/\/sxe-consulting.com\/de\/wp-json\/wp\/v2\/media?parent=12396"}],"wp:term":[{"taxonomy":"definition","embeddable":true,"href":"https:\/\/sxe-consulting.com\/de\/wp-json\/wp\/v2\/definition?post=12396"}],"curies":[{"name":"wp","href":"https:\/\/api.w.org\/{rel}","templated":true}]}}