{"id":12395,"date":"2025-10-07T11:52:14","date_gmt":"2025-10-07T09:52:14","guid":{"rendered":"https:\/\/sxe-consulting.com\/?page_id=12395"},"modified":"2025-10-07T11:52:14","modified_gmt":"2025-10-07T09:52:14","slug":"digitale-transformation-definition","status":"publish","type":"page","link":"https:\/\/sxe-consulting.com\/de\/glossaire-industriel\/transformation-digitale-definition\/","title":{"rendered":"Digitale Transformation - Definition"},"content":{"rendered":"<p>Die <strong>Digitale Transformation<\/strong> ist der strategische und organisatorische Prozess, durch den ein Unternehmen digitale Technologien in alle Aspekte seiner Gesch\u00e4ftst\u00e4tigkeit einbindet. Er geht weit \u00fcber die blo\u00dfe Computerisierung hinaus und beinhaltet eine grundlegende Ver\u00e4nderung der Kultur, der Abl\u00e4ufe und der Gesch\u00e4ftsmodelle, um Werte zu schaffen, die Kundenerfahrung zu verbessern und die <strong>Operative Leistung<\/strong>.<\/p>\n<p><!--more--><\/p>\n<p><strong>Vertiefte Definition :<\/strong> Dies ist die notwendige Antwort der Unternehmen auf den sich schnell ver\u00e4ndernden Markt, der nun digital gesteuert wird. Im Zusammenhang mit dem <strong>Wirtschaftsingenieurwesen<\/strong>, Die Digitale Transformation wird durch die Einf\u00fchrung der \u2019Digitalen Transformation\" erreicht.\u2019<strong>Industrie 4.0<\/strong> und den Bau der <strong>Smart Factory<\/strong>. Sie erm\u00f6glicht die Verbindung von ehemals isolierten Prozessen (wie die <strong>Serienproduktion<\/strong> und Kundenservice) dank der Konnektivit\u00e4t des <strong>Big Data<\/strong> und der\u2019<strong>IoT<\/strong>. Dieser Ansatz ist eher ein Management- als ein Technologieansatz: Er erfordert eine starke strategische Ausrichtung, die oft durch ehrgeizige Ziele formalisiert wird (Methode <strong>OKR<\/strong>), um sicherzustellen, dass die Investition einen <strong>Return on Investment (ROI)<\/strong> konkret.<\/p>\n<h3><strong>Die drei Schwerpunkte der industriellen Transformation<\/strong><\/h3>\n<p>Die Digitalisierung eines Industrieunternehmens gliedert sich in drei Schl\u00fcsselbereiche, die als Hebel f\u00fcr die Digitalisierung dienen.\u2019<strong>Operative Exzellenz<\/strong> :<\/p>\n<h3><strong>1. Kundenerfahrung und Gesch\u00e4ftsmodelle<\/strong><\/h3>\n<ul>\n<li><strong>Mutation :<\/strong> Die Digitalisierung erm\u00f6glicht es, neue Dienstleistungen rund um das Produkt anzubieten. Beispielsweise verkauft ein Unternehmen nicht mehr nur ein Ger\u00e4t, sondern auch dessen Leistung (<em>\u201cas a Service\u201d<\/em>), dank der Eskalation von Daten in Echtzeit.<\/li>\n<li><strong>Auswirkungen :<\/strong> Bessere Marktkenntnisse, Massenpersonalisierung von Produkten und schnellere <strong>Lieferkette<\/strong> dank genauerer Vorhersagen.<\/li>\n<\/ul>\n<h3><strong>2. Optimierung von Betriebsabl\u00e4ufen (Industrie 4.0)<\/strong><\/h3>\n<p>Dieser Teil ist der sichtbarste und beruht auf der <strong>Produktionstechnik<\/strong> fortgeschritten :<\/p>\n<ul>\n<li><strong>Konnektivit\u00e4t :<\/strong> Einrichten von Systemen <strong>SCADA<\/strong>, <strong>MEINE<\/strong> und <strong>ERP<\/strong> verbunden, um in Echtzeit die <strong>TRS (Synthetische Ertragsrate)<\/strong> und <strong>KPI<\/strong>.<\/li>\n<li><strong>Zuverl\u00e4ssigkeit :<\/strong> Einsatz der <strong>Vorausschauende Wartung<\/strong> (\u00fcber die Analyse des <strong>Big Data<\/strong> der\u2019<strong>IoT<\/strong>), um die Kosten f\u00fcr <strong>Korrigierende Wartung<\/strong> und die Verf\u00fcgbarkeit maximieren.<\/li>\n<li><strong>Qualit\u00e4t :<\/strong> Einsatz von KI und <strong>Machine Vision<\/strong> f\u00fcr Kontrollen <strong>Six Sigma<\/strong> ultrapr\u00e4zise, st\u00e4rkt die Systeme <strong>Poka-Yoke<\/strong> und R\u00fcckverfolgbarkeit.<\/li>\n<\/ul>\n<h3><strong>3. Kultur und F\u00e4higkeiten<\/strong><\/h3>\n<ul>\n<li><strong>Kultur des Wandels :<\/strong> Sie verlangt von den Besch\u00e4ftigten, dass sie sich bereit erkl\u00e4ren, mit neuen Werkzeugen und Methoden zu arbeiten (die <strong>Standardisierung<\/strong> der Prozesse wird digital).<\/li>\n<li><strong>Datengest\u00fctzte Entscheidungsfindung :<\/strong> Die Kultur des\u2019<strong>Kontinuierliche Verbesserung<\/strong> oder <strong>KAIZEN<\/strong> entwickelt sich zu einer Kultur, in der jede Entscheidung durch die Analyse von Fakten gerechtfertigt wird, h\u00e4ufig durch datengest\u00fctzte Probleml\u00f6sungsinstrumente (<strong>Root Cause Analysis<\/strong> fortgeschritten).<\/li>\n<\/ul>\n<h3><strong>Digitale Transformation vs. Informatisierung<\/strong><\/h3>\n<p>Es ist entscheidend, zwischen diesen Konzepten zu unterscheiden:<\/p>\n<table>\n<thead>\n<tr>\n<th>Merkmal<\/th>\n<th>Computerisierung<\/th>\n<th>Digitale Transformation<\/th>\n<\/tr>\n<\/thead>\n<tbody>\n<tr>\n<td><strong>Art der Ver\u00e4nderung<\/strong><\/td>\n<td>Technische Entwicklungen (Ersetzen von Papier durch Computer).<\/td>\n<td>Strategische Revolution (\u00c4nderung des Gesch\u00e4ftsmodells).<\/td>\n<\/tr>\n<tr>\n<td><strong>Ziel<\/strong><\/td>\n<td>Bestehende Aufgaben schneller machen.<\/td>\n<td>Die Wertsch\u00f6pfungskette neu definieren, neue M\u00f6glichkeiten schaffen.<\/td>\n<\/tr>\n<tr>\n<td><strong>Umkreis<\/strong><\/td>\n<td>Spezifischer Prozess oder Abteilung.<\/td>\n<td>Ganze Organisation, einschlie\u00dflich der Kundenbeziehung.<\/td>\n<\/tr>\n<\/tbody>\n<\/table>\n<p>Abschlie\u00dfend <strong>Digitale Transformation<\/strong> ist der moderne Imperativ f\u00fcr jedes Unternehmen, das auf \u00dcberleben und Wachstum ausgerichtet ist. Sie nutzt die Technologien, um von einer starren Produktionslogik (bei der jeder neue Fehler eine <strong>8D-Analyse<\/strong> schwer) zu einem agilen, vorausschauenden und belastbaren System, das in der Lage ist, zu lernen und sich in Echtzeit an die Bed\u00fcrfnisse des Marktes anzupassen.<\/p>\n<p><!-- notionvc: 7b747bfa-330d-45e7-add0-5d8b0e2f073c --><\/p>","protected":false},"excerpt":{"rendered":"<p>La Transformation Digitale est le processus strat\u00e9gique et organisationnel par lequel une entreprise int\u00e8gre les technologies num\u00e9riques dans tous les aspects de ses activit\u00e9s. Loin de la simple informatisation, elle implique un changement fondamental de la culture, des op\u00e9rations et des mod\u00e8les d&#8217;affaires pour cr\u00e9er de la valeur, am\u00e9liorer l&#8217;exp\u00e9rience client et optimiser la Performance [&hellip;]<\/p>\n","protected":false},"author":1,"featured_media":0,"parent":12324,"menu_order":0,"comment_status":"closed","ping_status":"closed","template":"","meta":{"_sitemap_exclude":false,"_sitemap_priority":"","_sitemap_frequency":"","footnotes":""},"definition":[99],"class_list":["post-12395","page","type-page","status-publish","hentry","definition-definition"],"jetpack_sharing_enabled":true,"_links":{"self":[{"href":"https:\/\/sxe-consulting.com\/de\/wp-json\/wp\/v2\/pages\/12395","targetHints":{"allow":["GET"]}}],"collection":[{"href":"https:\/\/sxe-consulting.com\/de\/wp-json\/wp\/v2\/pages"}],"about":[{"href":"https:\/\/sxe-consulting.com\/de\/wp-json\/wp\/v2\/types\/page"}],"author":[{"embeddable":true,"href":"https:\/\/sxe-consulting.com\/de\/wp-json\/wp\/v2\/users\/1"}],"replies":[{"embeddable":true,"href":"https:\/\/sxe-consulting.com\/de\/wp-json\/wp\/v2\/comments?post=12395"}],"version-history":[{"count":0,"href":"https:\/\/sxe-consulting.com\/de\/wp-json\/wp\/v2\/pages\/12395\/revisions"}],"up":[{"embeddable":true,"href":"https:\/\/sxe-consulting.com\/de\/wp-json\/wp\/v2\/pages\/12324"}],"wp:attachment":[{"href":"https:\/\/sxe-consulting.com\/de\/wp-json\/wp\/v2\/media?parent=12395"}],"wp:term":[{"taxonomy":"definition","embeddable":true,"href":"https:\/\/sxe-consulting.com\/de\/wp-json\/wp\/v2\/definition?post=12395"}],"curies":[{"name":"wp","href":"https:\/\/api.w.org\/{rel}","templated":true}]}}