{"id":12394,"date":"2025-10-06T21:56:20","date_gmt":"2025-10-06T19:56:20","guid":{"rendered":"https:\/\/sxe-consulting.com\/?page_id=12394"},"modified":"2025-10-06T21:56:20","modified_gmt":"2025-10-06T19:56:20","slug":"ppm-definition","status":"publish","type":"page","link":"https:\/\/sxe-consulting.com\/de\/glossaire-industriel\/ppm-definition\/","title":{"rendered":"PPM (Parts Per Million) - Definition"},"content":{"rendered":"<p>Die <strong>PPM<\/strong> (<em>Parts Per Million<\/em>, oder <strong>Parties Par Million<\/strong>) ist ein <strong>Qualit\u00e4tsindikator (KPI)<\/strong> der die Anzahl der produzierten fehlerhaften (nicht konformen) Einheiten im Verh\u00e4ltnis zu einer Million hergestellter Einheiten misst. Er ist der Ma\u00dfstab f\u00fcr die Leistung von Prozessen, die auf nahezu perfekte Ergebnisse abzielen, insbesondere in folgenden Bereichen <strong>Six Sigma<\/strong>.<\/p>\n<p><!--more--><\/p>\n<p><strong>Vertiefte Definition :<\/strong> Im Zusammenhang mit der <strong>Serienproduktion<\/strong> und des <strong>Wirtschaftsingenieurwesen<\/strong>, Mit PPM k\u00f6nnen Fehler mit einer sehr hohen Aufl\u00f6sung quantifiziert werden, wo einfache Prozents\u00e4tze nicht mehr ausreichen. Eine Fehlerrate von 1% klingt beispielsweise niedrig, entspricht aber 10 000 PPM - eine mengenm\u00e4\u00dfige Katastrophe. PPM ist der universelle Indikator zur Beurteilung der F\u00e4higkeit des Prozesses, die <strong>Qualit\u00e4t<\/strong> gefordert von der <strong>Technisches Pflichtenheft (CCT)<\/strong>.<\/p>\n<p>Das Ziel eines Unternehmens, das auf die\u2019<strong>Operative Exzellenz<\/strong> (und insbesondere die Ebene <strong>Six Sigma<\/strong>) ist es, eine Rate von 3,4 PPM anzustreben, d. h. 3,4 Defekte pro eine Million produzierter Einheiten.<\/p>\n<h3><strong>Die Berechnung des PPM und seine Interpretation<\/strong><\/h3>\n<p>Der PPM wird berechnet, indem die Anzahl der fehlerhaften Teile (Ausschuss) durch die Gesamtzahl der produzierten Teile geteilt und dann mit einer Million multipliziert wird.<\/p>\n<p><img decoding=\"async\" class=\"alignnone size-full wp-image-12409 aligncenter\" src=\"https:\/\/sxe-consulting.com\/wp-content\/uploads\/2025\/10\/ppm1.png\" alt=\"\" width=\"478\" height=\"57\" srcset=\"https:\/\/sxe-consulting.com\/wp-content\/uploads\/2025\/10\/ppm1.png 478w, https:\/\/sxe-consulting.com\/wp-content\/uploads\/2025\/10\/ppm1-300x36.png 300w\" sizes=\"(max-width: 478px) 100vw, 478px\" \/><\/p>\n<p><strong>Beispielrechnung :<\/strong> Eine Produktionslinie stellt in einem Monat 250 000 Einheiten her und identifiziert 500 nicht konforme Teile :<\/p>\n<p><img decoding=\"async\" class=\"alignnone size-full wp-image-12410 aligncenter\" src=\"https:\/\/sxe-consulting.com\/wp-content\/uploads\/2025\/10\/ppm2.png\" alt=\"\" width=\"501\" height=\"45\" srcset=\"https:\/\/sxe-consulting.com\/wp-content\/uploads\/2025\/10\/ppm2.png 501w, https:\/\/sxe-consulting.com\/wp-content\/uploads\/2025\/10\/ppm2-300x27.png 300w\" sizes=\"(max-width: 501px) 100vw, 501px\" \/><\/p>\n<p><strong>Dolmetschen :<\/strong> Der Prozess produziert 2.000 fehlerhafte Teile f\u00fcr jede Million Einheiten. Das ist eine Rate von 0,2%.<\/p>\n<h3><strong>PPM und kontinuierliche Verbesserung (Six Sigma)<\/strong><\/h3>\n<p>PPM ist die Br\u00fccke zwischen der blo\u00dfen Fehlererkennung und der strategischen Analyse der Wurzelursache (<strong>Root Cause Analysis<\/strong>).<\/p>\n<ul>\n<li><strong>Messstandard :<\/strong> Das PPM zwingt die Teams, Qualit\u00e4t nicht als Erfolg (konforme Teile), sondern als Misserfolg (nicht konforme Teile) zu sehen, was die Kultur des \u2019Miteinanders\" f\u00f6rdert.\u2019<strong>Kontinuierliche Verbesserung (KAIZEN)<\/strong>.<\/li>\n<li><strong>Priorisierung :<\/strong> Mithilfe der <strong>Pareto-Methode<\/strong> auf dem PPM kann das Team die Fehlerarten identifizieren, die am meisten zur Nicht-Qualit\u00e4t beitragen, und so die Bem\u00fchungen zur Probleml\u00f6sung gezielt darauf ausrichten (wie die\u2019<strong>8D-Analyse<\/strong> oder die <strong>5 Why<\/strong>) dort, wo die Auswirkungen auf den <strong>TRS<\/strong> und der <strong>Verdienstkosten<\/strong> ist am schwersten.<\/li>\n<li><strong>Anti-Error-Systeme :<\/strong> Ein hohes PPM signalisiert die dringende Notwendigkeit, Systeme einzurichten oder auszubauen. <strong>Poka-Yoke<\/strong> um menschliches oder technisches Versagen auszuschlie\u00dfen.<\/li>\n<\/ul>\n<h3><strong>PPM und ROI (Return on Investment)<\/strong><\/h3>\n<p>Die Senkung der PPM ist einer der st\u00e4rksten Hebel zur Verbesserung des <strong>Return on Investment (ROI)<\/strong> eines Unternehmens zu erreichen. Jeder gewonnene PPM-Punkt f\u00fchrt zu einer Verringerung des <strong>Muda<\/strong> im Zusammenhang mit Ausschuss, \u00dcberverarbeitung und Materialverlust (wie z. B. <strong>Feuerfeste Materialien<\/strong> die f\u00fcr die Neugestaltung verschwendet wurden). Die <strong>Qualit\u00e4tsrate<\/strong> von <strong>TRS<\/strong> steigt mechanisch mit der Abnahme des MPP.<\/p>\n<p>Abschlie\u00dfend <strong>PPM<\/strong> ist der wichtigste Indikator f\u00fcr Unternehmen, die nach Perfektion streben. Er erm\u00f6glicht es ihnen, den Unterschied zwischen ihrer aktuellen Leistung und dem Idealzustand des Unternehmens zu quantifizieren. <strong>Six Sigma<\/strong>, Die meisten Sch\u00fclerinnen und Sch\u00fcler sind in der Lage, sich selbst zu optimieren. <strong>Produktionstechnik<\/strong> zu den Methoden von <strong>Standardisierung<\/strong>) in Richtung null Fehler.<\/p>\n<p><!-- notionvc: 6e4b2e7c-62e3-4617-b800-b002df6e9c34 --><\/p>\n<p data-start=\"3483\" data-end=\"3654\"><!-- notionvc: 55748b84-6bc7-48d1-980a-8210c919df08 --><\/p>","protected":false},"excerpt":{"rendered":"<p>Le PPM (Parts Per Million, ou Parties Par Million) est un indicateur de qualit\u00e9 (KPI) qui mesure le nombre d&#8217;unit\u00e9s d\u00e9fectueuses (non-conformes) produites par rapport \u00e0 un million d&#8217;unit\u00e9s fabriqu\u00e9es. C&#8217;est l&#8217;\u00e9talon de mesure de la performance des processus visant la quasi-perfection, notamment dans les d\u00e9marches Six Sigma.<\/p>","protected":false},"author":1,"featured_media":0,"parent":12324,"menu_order":0,"comment_status":"closed","ping_status":"closed","template":"","meta":{"_sitemap_exclude":false,"_sitemap_priority":"","_sitemap_frequency":"","footnotes":""},"definition":[99],"class_list":["post-12394","page","type-page","status-publish","hentry","definition-definition"],"jetpack_sharing_enabled":true,"_links":{"self":[{"href":"https:\/\/sxe-consulting.com\/de\/wp-json\/wp\/v2\/pages\/12394","targetHints":{"allow":["GET"]}}],"collection":[{"href":"https:\/\/sxe-consulting.com\/de\/wp-json\/wp\/v2\/pages"}],"about":[{"href":"https:\/\/sxe-consulting.com\/de\/wp-json\/wp\/v2\/types\/page"}],"author":[{"embeddable":true,"href":"https:\/\/sxe-consulting.com\/de\/wp-json\/wp\/v2\/users\/1"}],"replies":[{"embeddable":true,"href":"https:\/\/sxe-consulting.com\/de\/wp-json\/wp\/v2\/comments?post=12394"}],"version-history":[{"count":0,"href":"https:\/\/sxe-consulting.com\/de\/wp-json\/wp\/v2\/pages\/12394\/revisions"}],"up":[{"embeddable":true,"href":"https:\/\/sxe-consulting.com\/de\/wp-json\/wp\/v2\/pages\/12324"}],"wp:attachment":[{"href":"https:\/\/sxe-consulting.com\/de\/wp-json\/wp\/v2\/media?parent=12394"}],"wp:term":[{"taxonomy":"definition","embeddable":true,"href":"https:\/\/sxe-consulting.com\/de\/wp-json\/wp\/v2\/definition?post=12394"}],"curies":[{"name":"wp","href":"https:\/\/api.w.org\/{rel}","templated":true}]}}