{"id":12393,"date":"2025-10-07T11:54:59","date_gmt":"2025-10-07T09:54:59","guid":{"rendered":"https:\/\/sxe-consulting.com\/?page_id=12393"},"modified":"2025-10-07T11:54:59","modified_gmt":"2025-10-07T09:54:59","slug":"taktzeit-definition","status":"publish","type":"page","link":"https:\/\/sxe-consulting.com\/de\/glossaire-industriel\/takt-time-definition\/","title":{"rendered":"Takt Time - Definition"},"content":{"rendered":"<p>Die <strong>Taktzeit<\/strong> ist die maximal verf\u00fcgbare Zeit zur Herstellung einer Produkteinheit, um die Nachfrage des Kunden genau zu befriedigen. Er legt die <strong>ideales Tempo<\/strong> dem die Produktionskette folgen muss, um \u00dcberproduktion zu vermeiden (<strong>Muda<\/strong>) und \u00dcberlagerung.<\/p>\n<p><strong>Vertiefte Definition :<\/strong> Dieses Konzept ist zentral im <strong>Lean Management<\/strong> (Toyota-Produktionssystem - TPS). Das Wort <em>Takt<\/em> kommt aus dem Deutschen <em>Taktzeit<\/em>, bedeutet \u201cZykluszeit\u201d oder \u201cTakt\u201d (wie ein Metronom in der Musik). Er stellt also das Herzst\u00fcck der Synchronisation in <strong>Serienproduktion<\/strong>.<\/p>\n<p>Die <strong>Taktzeit<\/strong> ist nicht die tats\u00e4chliche Zykluszeit der Maschine oder des Bedieners (das ist die Zeit, um eine bestimmte Aufgabe zu erledigen), sondern die <strong>vom Markt ben\u00f6tigte Zeit<\/strong>. Das Ziel des <strong>Wirtschaftsingenieurwesen<\/strong> ist es, die Zykluszeit der Vorg\u00e4nge so anzupassen, dass sie der Taktzeit entspricht oder etwas darunter liegt.<\/p>\n<h3><strong>Die Berechnung der Taktzeit (Der Nachfragestandard)<\/strong><\/h3>\n<p>Die Taktzeit wird ermittelt, indem die verf\u00fcgbare Produktionszeit durch die Kundennachfrage dividiert wird.<\/p>\n<p><img decoding=\"async\" class=\"alignnone size-full wp-image-12419 aligncenter\" src=\"https:\/\/sxe-consulting.com\/wp-content\/uploads\/2025\/10\/tt1.png\" alt=\"\" width=\"521\" height=\"65\" srcset=\"https:\/\/sxe-consulting.com\/wp-content\/uploads\/2025\/10\/tt1.png 521w, https:\/\/sxe-consulting.com\/wp-content\/uploads\/2025\/10\/tt1-300x37.png 300w\" sizes=\"(max-width: 521px) 100vw, 521px\" \/><\/p>\n<p>Wo:<\/p>\n<ol>\n<li><strong>Verf\u00fcgbare Produktionszeit :<\/strong> Die Gesamtarbeitszeit eines Zeitraums (Tag, Woche, Monat) <strong>weniger<\/strong> alle geplanten Zeitverluste (Pausen, Besprechungen, Stillstand von <strong>Vorbeugende Instandhaltung<\/strong> geplant).\n<ul>\n<li><em>Beispiel:<\/em> Eine Schicht arbeitet 8 Stunden (480 Minuten). Mit 30 Minuten Pausen betr\u00e4gt die verf\u00fcgbare Zeit 450 Minuten (oder 27 000 Sekunden).<\/li>\n<\/ul>\n<\/li>\n<li><strong>Kundenanfrage :<\/strong> Die Anzahl der Einheiten, die man in diesem Zeitraum an Kunden ausliefern muss (basiert oft auf dem Durchschnitt der best\u00e4tigten Bestellungen).\n<ul>\n<li><em>Beispiel:<\/em> Die Nachfrage f\u00fcr den Tag liegt bei 900 Einheiten.<\/li>\n<\/ul>\n<\/li>\n<\/ol>\n<p><strong>Berechnung :<\/strong><\/p>\n<p style=\"text-align: center;\"><img decoding=\"async\" class=\"alignnone size-full wp-image-12421\" src=\"https:\/\/sxe-consulting.com\/wp-content\/uploads\/2025\/10\/tt2-1.png\" alt=\"\" width=\"468\" height=\"47\" srcset=\"https:\/\/sxe-consulting.com\/wp-content\/uploads\/2025\/10\/tt2-1.png 468w, https:\/\/sxe-consulting.com\/wp-content\/uploads\/2025\/10\/tt2-1-300x30.png 300w\" sizes=\"(max-width: 468px) 100vw, 468px\" \/><\/p>\n<p><strong>Dolmetschen :<\/strong> Die Fabrik muss eine Einheit produzieren <strong>alle 30 Sekunden<\/strong> um die Kundennachfrage zu befriedigen, ohne \u00fcberfl\u00fcssige Best\u00e4nde zu erzeugen (<strong>Muda<\/strong>).<\/p>\n<h3><strong>Rolle in Operational Excellence<\/strong><\/h3>\n<p>Takt Time ist mehr als nur eine Formel; sie ist ein Werkzeug zur Gestaltung von Prozessen f\u00fcr die\u2019<strong>Operative Exzellenz<\/strong> :<\/p>\n<ul>\n<li><strong>Ausgewogenheit der Arbeitspl\u00e4tze :<\/strong> Es ist die Taktzeit, die die Notwendigkeit der\u2019<strong>Kettenauswuchten<\/strong>. Wenn eine Station eine Zykluszeit von 45 Sekunden hat, wird sie zum Engpass, weil sie mit dem 30-Sekunden-Takt des Kunden nicht Schritt halten kann. Der Ingenieur muss dann die Aufgabe vereinfachen, Ressourcen hinzuf\u00fcgen oder sie neu verteilen (KAIZEN), damit die Zykluszeit \u2264 30 Sekunden betr\u00e4gt.<\/li>\n<li><strong>Investitionskriterium :<\/strong> Er bietet eine faktenbasierte Grundlage f\u00fcr Investitionsentscheidungen durch <strong>Produktionstechnik<\/strong> oder in der Automatisierung. Eine neue Maschine ist nur dann gerechtfertigt, wenn sie dazu beitr\u00e4gt, die geforderte Taktzeit zu erreichen oder einzuhalten.<\/li>\n<li><strong>Erstellen des gezogenen Feeds :<\/strong> Die Taktzeit ist das Element, das die Dimensionierung von Schleifen erm\u00f6glicht. <strong>Kanban<\/strong> und die Produktion planen in <strong>Gezogener Fluss<\/strong>, Die meisten der von uns verwendeten Materialien sind in der Lage, die Anforderungen an die Produktion zu erf\u00fcllen. <strong>Muda<\/strong> der \u00dcberproduktion.<\/li>\n<\/ul>\n<h3><strong>Takt Time vs. Cycle Time vs. Lead Time<\/strong><\/h3>\n<p>Es ist entscheidend in <strong>Wirtschaftsingenieurwesen<\/strong> diese drei Schl\u00fcsselindikatoren zu unterscheiden:<\/p>\n<table>\n<thead>\n<tr>\n<th>Indikator<\/th>\n<th>Bedeutung<\/th>\n<th>Rolle<\/th>\n<\/tr>\n<\/thead>\n<tbody>\n<tr>\n<td><strong>Taktzeit<\/strong><\/td>\n<td>Vom Markt erforderliches Tempo (Berechnet).<\/td>\n<td><strong>Ideal<\/strong> f\u00fcr die Anpassung der Produktion an die Nachfrage.<\/td>\n<\/tr>\n<tr>\n<td><strong>Cycle Time<\/strong><\/td>\n<td>Tats\u00e4chliche Zeit, um eine bestimmte Aufgabe abzuschlie\u00dfen (Gemessen).<\/td>\n<td><strong>Tats\u00e4chliche Kapazit\u00e4t<\/strong> eines Arbeitsplatzes.<\/td>\n<\/tr>\n<tr>\n<td><strong>Lead Time (\u00dcberfahrtszeit)<\/strong><\/td>\n<td>Gesamtzeit zwischen dem Kundenauftrag und der Lieferung.<\/td>\n<td><strong>Gesamtleistung<\/strong> der <strong>Lieferkette<\/strong> und des Unternehmens.<\/td>\n<\/tr>\n<\/tbody>\n<\/table>\n<p>Abschlie\u00dfend <strong>Taktzeit<\/strong> ist das Metronom der schlanken Produktion. Er lenkt die\u2019<strong>Kontinuierliche Verbesserung<\/strong> auf das einzige Ziel, das z\u00e4hlt: die konstante und effiziente Befriedigung der Kundennachfrage, wodurch Verschwendung minimiert und die <strong>Operative Leistung<\/strong>.<\/p>\n<p><!-- notionvc: 64db5653-2d11-4508-b2a8-22770b6382f1 --><\/p>\n<p data-start=\"3483\" data-end=\"3654\"><!-- notionvc: 55748b84-6bc7-48d1-980a-8210c919df08 --><\/p>","protected":false},"excerpt":{"rendered":"<p>Le Takt Time est le temps maximum disponible pour fabriquer une unit\u00e9 de produit afin de satisfaire exactement la demande du client. Il \u00e9tablit le rythme id\u00e9al que la cha\u00eene de production doit suivre pour \u00e9viter la surproduction (Muda) et le sur-stockage. D\u00e9finition Approfondie : Ce concept est central au Lean Management (Syst\u00e8me de production [&hellip;]<\/p>\n","protected":false},"author":1,"featured_media":0,"parent":12324,"menu_order":0,"comment_status":"closed","ping_status":"closed","template":"","meta":{"_sitemap_exclude":false,"_sitemap_priority":"","_sitemap_frequency":"","footnotes":""},"definition":[99],"class_list":["post-12393","page","type-page","status-publish","hentry","definition-definition"],"jetpack_sharing_enabled":true,"_links":{"self":[{"href":"https:\/\/sxe-consulting.com\/de\/wp-json\/wp\/v2\/pages\/12393","targetHints":{"allow":["GET"]}}],"collection":[{"href":"https:\/\/sxe-consulting.com\/de\/wp-json\/wp\/v2\/pages"}],"about":[{"href":"https:\/\/sxe-consulting.com\/de\/wp-json\/wp\/v2\/types\/page"}],"author":[{"embeddable":true,"href":"https:\/\/sxe-consulting.com\/de\/wp-json\/wp\/v2\/users\/1"}],"replies":[{"embeddable":true,"href":"https:\/\/sxe-consulting.com\/de\/wp-json\/wp\/v2\/comments?post=12393"}],"version-history":[{"count":0,"href":"https:\/\/sxe-consulting.com\/de\/wp-json\/wp\/v2\/pages\/12393\/revisions"}],"up":[{"embeddable":true,"href":"https:\/\/sxe-consulting.com\/de\/wp-json\/wp\/v2\/pages\/12324"}],"wp:attachment":[{"href":"https:\/\/sxe-consulting.com\/de\/wp-json\/wp\/v2\/media?parent=12393"}],"wp:term":[{"taxonomy":"definition","embeddable":true,"href":"https:\/\/sxe-consulting.com\/de\/wp-json\/wp\/v2\/definition?post=12393"}],"curies":[{"name":"wp","href":"https:\/\/api.w.org\/{rel}","templated":true}]}}