{"id":12392,"date":"2025-10-06T21:53:25","date_gmt":"2025-10-06T19:53:25","guid":{"rendered":"https:\/\/sxe-consulting.com\/?page_id=12392"},"modified":"2025-10-06T21:57:37","modified_gmt":"2025-10-06T19:57:37","slug":"mtbf-definition","status":"publish","type":"page","link":"https:\/\/sxe-consulting.com\/de\/glossaire-industriel\/mtbf-definition\/","title":{"rendered":"MTBF (Mean Time Between Failures) - Definition"},"content":{"rendered":"<p>Die <strong>MTBF<\/strong> (<em>Mean Time Between Failures<\/em>, oder <strong>Durchschnittliche Zeit zwischen den Ausf\u00e4llen<\/strong>) ist ein <strong>Zuverl\u00e4ssigkeitsindikator (KPI)<\/strong> der die durchschnittliche Dauer des kontinuierlichen Betriebs einer Ausr\u00fcstung oder eines Systems darstellt, bevor ein Ausfall auftritt. Es ist der Referenz-KPI, der zur Bewertung der Zuverl\u00e4ssigkeit von nicht reparierbaren Maschinen oder des Zeitraums, in dem eine reparierbare Maschine zwischen zwei aufeinanderfolgenden Ausf\u00e4llen gut funktioniert, verwendet wird.<\/p>\n<p><!--more--><\/p>\n<p>**Vertiefte Definition:**Die MTBF ist entscheidend f\u00fcr die <strong>Wirtschaftsingenieurwesen<\/strong> da sie die Robustheit und Qualit\u00e4t von Ausr\u00fcstungen quantifiziert. Eine hohe MTBF bedeutet, dass die Ausr\u00fcstung zuverl\u00e4ssig ist, ungeplante Unterbrechungen reduziert und damit auch die Kosten f\u00fcr <strong>Korrigierende Wartung<\/strong>. Er ist der Hauptindikator, der zur Planung und Rechtfertigung der <strong>Vorbeugende Instandhaltung<\/strong> : Teams planen den Austausch oder kritische Inspektionen kurz bevor das Ger\u00e4t statistisch gesehen ausfallen m\u00fcsste.<\/p>\n<p>Das Ziel der\u2019<strong>Operative Exzellenz<\/strong> ist es, die MTBF durch Verbesserungsma\u00dfnahmen aus der Fehleranalyse kontinuierlich zu erh\u00f6hen (<strong>Root Cause Analysis<\/strong>).<\/p>\n<h3><strong>Die Berechnung der MTBF und ihre Bedeutung<\/strong><\/h3>\n<p>Die MTBF wird berechnet, indem die Gesamtbetriebszeit der Ger\u00e4te durch die Gesamtzahl der Ausf\u00e4lle in diesem Zeitraum geteilt wird.<\/p>\n<p><img decoding=\"async\" class=\"size-full wp-image-12405 aligncenter\" src=\"https:\/\/sxe-consulting.com\/wp-content\/uploads\/2025\/10\/mtbf1.png\" alt=\"\" width=\"406\" height=\"65\" srcset=\"https:\/\/sxe-consulting.com\/wp-content\/uploads\/2025\/10\/mtbf1.png 406w, https:\/\/sxe-consulting.com\/wp-content\/uploads\/2025\/10\/mtbf1-300x48.png 300w\" sizes=\"(max-width: 406px) 100vw, 406px\" \/><\/p>\n<p><strong>Beispielrechnung :<\/strong> Eine Montagelinie l\u00e4uft einen Monat lang 400 Stunden und erleidet vier Pannen, die einen Produktionsstopp erforderlich machen.<\/p>\n<p><img decoding=\"async\" class=\"alignnone size-full wp-image-12407 aligncenter\" src=\"https:\/\/sxe-consulting.com\/wp-content\/uploads\/2025\/10\/mtbf2-1.png\" alt=\"\" width=\"308\" height=\"50\" srcset=\"https:\/\/sxe-consulting.com\/wp-content\/uploads\/2025\/10\/mtbf2-1.png 308w, https:\/\/sxe-consulting.com\/wp-content\/uploads\/2025\/10\/mtbf2-1-300x49.png 300w\" sizes=\"(max-width: 308px) 100vw, 308px\" \/><\/p>\n<p><strong>Dolmetschen :<\/strong> Die Ausr\u00fcstung soll statistisch gesehen 100 Stunden lang laufen, bevor sie ausf\u00e4llt. Diese Zahl ist entscheidend f\u00fcr die Produktionsplanung und das Management der Ladezeit.<\/p>\n<h3><strong>MTBF in der Strategie der kontinuierlichen Verbesserung<\/strong><\/h3>\n<p>Die Analyse und Verbesserung der MTBF ist das Herzst\u00fcck der Ausr\u00fcstungszuverl\u00e4ssigkeitsstrategie und beeinflusst direkt die <strong>TRS (Synthetische Ertragsrate)<\/strong> :<\/p>\n<ul>\n<li><strong>Analyse von Ausf\u00e4llen :<\/strong> Jeder Ausfall, der zur Berechnung der MTBF beitr\u00e4gt, muss einer strengen Analyse unterzogen werden (<strong>8D-Analyse<\/strong>, <strong>5-Warum-Methode<\/strong>), um die Wurzelursache zu ermitteln und eine dauerhafte L\u00f6sung zu implementieren. Diese L\u00f6sungen k\u00f6nnen von der \u00c4nderung der <strong>Standardisierung<\/strong> auf das Hinzuf\u00fcgen von Systemen <strong>Poka-Yoke<\/strong> oder den Austausch einer Komponente mit geringem <strong>Qualit\u00e4t<\/strong> (z. B. ein Lager oder ein <strong>Industrielle Feuerfeststoffe<\/strong>).<\/li>\n<li><strong>Design for Reliability :<\/strong> Bei der Auswahl einer neuen <strong>Produktionstechnik<\/strong>, Die MTBF (oft vom Lieferanten angegeben) ist ein Schl\u00fcsselfaktor f\u00fcr die Berechnung des <strong>ROI (Return on Investment)<\/strong>. Eine teurere Ausr\u00fcstung mit einer h\u00f6heren MTBF kann sich langfristig als rentabler erweisen, da sie die Kosten f\u00fcr die Nichtproduktion senkt (<strong>Muda<\/strong> warten).<\/li>\n<li><strong>Interner Vergleich :<\/strong> Die Pareto-Analyse der MTBF erm\u00f6glicht es, die unzuverl\u00e4ssigsten Ger\u00e4te oder Komponenten in der Fabrik zu identifizieren und die Bem\u00fchungen des <strong>KAIZEN<\/strong> dort, wo der Gewinn an Zuverl\u00e4ssigkeit am gr\u00f6\u00dften ist.<\/li>\n<\/ul>\n<h3><strong>MTBF und MTTR<\/strong><\/h3>\n<p>Die MTBF wird h\u00e4ufig mit einem anderen Indikator, der <strong>MTTR<\/strong> (<em>Mean Time To Repair<\/em>), die die durchschnittliche Zeit misst, die ben\u00f6tigt wird, um die Ausr\u00fcstung nach einem Ausfall wieder funktionsf\u00e4hig zu machen. Die MTBF misst die <strong>Frequenz<\/strong> von Ausf\u00e4llen (Zuverl\u00e4ssigkeit), w\u00e4hrend die MTTR die <strong>Schnelligkeit<\/strong> der Reparatur (Instandhaltbarkeit). Die Kombination aus beiden ergibt ein vollst\u00e4ndiges Bild der Effektivit\u00e4t der Instandhaltung.<\/p>\n<p>Abschlie\u00dfend <strong>MTBF<\/strong> ist der grundlegende Indikator f\u00fcr Zuverl\u00e4ssigkeit. Indem ein Unternehmen ihn verfolgt und verbessert, investiert es direkt in die Stabilit\u00e4t seiner Prozesse und die Maximierung seiner produktiven Zeit und sorgt so f\u00fcr eine <strong>Operative Leistung<\/strong> h\u00f6her.<\/p>\n<p><!-- notionvc: 51bec5f6-175e-48a3-997f-fa9dee63e79c --><\/p>","protected":false},"excerpt":{"rendered":"<p>Le MTBF (Mean Time Between Failures, ou Temps Moyen Entre les Pannes) est un indicateur de fiabilit\u00e9 (KPI) qui repr\u00e9sente la dur\u00e9e moyenne de fonctionnement continu d&#8217;un \u00e9quipement ou d&#8217;un syst\u00e8me avant qu&#8217;une d\u00e9faillance ne survienne. C&#8217;est le KPI de r\u00e9f\u00e9rence utilis\u00e9 pour \u00e9valuer la fiabilit\u00e9 des machines non r\u00e9parables ou de la p\u00e9riode de [&hellip;]<\/p>\n","protected":false},"author":1,"featured_media":0,"parent":12324,"menu_order":0,"comment_status":"closed","ping_status":"closed","template":"","meta":{"_sitemap_exclude":false,"_sitemap_priority":"","_sitemap_frequency":"","footnotes":""},"definition":[99],"class_list":["post-12392","page","type-page","status-publish","hentry","definition-definition"],"jetpack_sharing_enabled":true,"_links":{"self":[{"href":"https:\/\/sxe-consulting.com\/de\/wp-json\/wp\/v2\/pages\/12392","targetHints":{"allow":["GET"]}}],"collection":[{"href":"https:\/\/sxe-consulting.com\/de\/wp-json\/wp\/v2\/pages"}],"about":[{"href":"https:\/\/sxe-consulting.com\/de\/wp-json\/wp\/v2\/types\/page"}],"author":[{"embeddable":true,"href":"https:\/\/sxe-consulting.com\/de\/wp-json\/wp\/v2\/users\/1"}],"replies":[{"embeddable":true,"href":"https:\/\/sxe-consulting.com\/de\/wp-json\/wp\/v2\/comments?post=12392"}],"version-history":[{"count":0,"href":"https:\/\/sxe-consulting.com\/de\/wp-json\/wp\/v2\/pages\/12392\/revisions"}],"up":[{"embeddable":true,"href":"https:\/\/sxe-consulting.com\/de\/wp-json\/wp\/v2\/pages\/12324"}],"wp:attachment":[{"href":"https:\/\/sxe-consulting.com\/de\/wp-json\/wp\/v2\/media?parent=12392"}],"wp:term":[{"taxonomy":"definition","embeddable":true,"href":"https:\/\/sxe-consulting.com\/de\/wp-json\/wp\/v2\/definition?post=12392"}],"curies":[{"name":"wp","href":"https:\/\/api.w.org\/{rel}","templated":true}]}}