{"id":12391,"date":"2025-10-07T11:45:52","date_gmt":"2025-10-07T09:45:52","guid":{"rendered":"https:\/\/sxe-consulting.com\/?page_id=12391"},"modified":"2025-10-07T11:45:52","modified_gmt":"2025-10-07T09:45:52","slug":"smed-definition","status":"publish","type":"page","link":"https:\/\/sxe-consulting.com\/de\/glossaire-industriel\/smed-definition\/","title":{"rendered":"SMED (Single Minute Exchange of Die) Definition"},"content":{"rendered":"<p>Die <strong>SMED<\/strong> (<em>Single Minute Exchange of Die<\/em>, oder <strong>Werkzeugwechsel in weniger als zehn Minuten<\/strong>) ist eine Methode des <strong>Lean Management<\/strong> mit dem Ziel <strong>die Zeit, die f\u00fcr den \u00dcbergang von der Produktion einer Referenz zu einer anderen ben\u00f6tigt wird, auf ein Minimum reduzieren<\/strong>. Das urspr\u00fcngliche Ziel (das Erreichen der \u201ceinfachen Minute\u201d, d. h. weniger als zehn Minuten) ist ehrgeizig, aber das Prinzip gilt f\u00fcr jede Verk\u00fcrzung dieser Zeit, unabh\u00e4ngig vom Ausgangsniveau.<\/p>\n<p><!--more--><\/p>\n<p><strong>Vertiefte Definition :<\/strong> Die Zeit f\u00fcr den Serienwechsel wird als <strong>Muda<\/strong> (Verschwendung) des Wartens, da die Maschine w\u00e4hrend dieser Zeit dem Produkt keinen Wert hinzuf\u00fcgt und keine Einnahmen generiert. In einem Kontext der Massenpersonalisierung und der hohen Reaktionsf\u00e4higkeit des Marktes (gesteuert durch den <strong>Taktzeit<\/strong>), der <strong>Wirtschaftsingenieurwesen<\/strong> muss in der Lage sein, kleine Mengen schnell und kosteng\u00fcnstig zu produzieren.<\/p>\n<p>SMED verwandelt die R\u00fcstzeit, die traditionell ein limitierender Faktor in der <strong>Serienproduktion<\/strong>, in ein Plus an Flexibilit\u00e4t umwandeln. Durch die Verk\u00fcrzung der Umstellungszeiten kann das Unternehmen :<\/p>\n<ul>\n<li>Die Gr\u00f6\u00dfe der Produktionschargen reduzieren (Von einem <strong>Pushed Flow<\/strong> zu einem <strong>Gezogener Fluss<\/strong>).<\/li>\n<li>Erh\u00f6hen Sie die H\u00e4ufigkeit von Kundenlieferungen.<\/li>\n<li>Erh\u00f6hen Sie den <strong>TRS (Synthetische Ertragsrate)<\/strong> durch Maximierung der produktiven Betriebszeit.<\/li>\n<\/ul>\n<h3><strong>Die vier grundlegenden Schritte von SMED (Der KAIZEN-Rahmen)<\/strong><\/h3>\n<p>SMED ist eine Vorgehensweise zur\u2019<strong>Kontinuierliche Verbesserung<\/strong> oder <strong>KAIZEN<\/strong> strukturiert, die Ver\u00e4nderungsvorg\u00e4nge trennt und optimiert:<\/p>\n<h3><strong>1. Trennung von Inneren (INT) und \u00c4u\u00dferen (EXT) Aufgaben<\/strong><\/h3>\n<ul>\n<li><strong>Interne Aufgaben :<\/strong> Operationen, die nur durchgef\u00fchrt werden k\u00f6nnen, wenn die Maschine <strong>angehalten<\/strong> (z. B. L\u00f6sen des Werkzeugs, Feineinstellungen an der Maschine).<\/li>\n<li><strong>Externe Aufgaben :<\/strong> Operationen, die vorbereitet oder durchgef\u00fchrt werden k\u00f6nnen, w\u00e4hrend die Maschine <strong>funktioniert<\/strong> (z. B. das neue Werkzeug mitbringen, die Teile vorbereiten, das alte Werkzeug reinigen).<\/li>\n<li><strong>Ziel :<\/strong> Ermitteln Sie alle Aufgaben, die bei Stillstand erledigt werden, aber auch w\u00e4hrend der Produktion erledigt werden k\u00f6nnten.<\/li>\n<\/ul>\n<h3><strong>2. Interne Aufgaben in externe Aufgaben umwandeln<\/strong><\/h3>\n<p>Dies ist die kreativste Phase. Das Team sucht nach technischen oder organisatorischen L\u00f6sungen, um die Arbeitsschritte durchzuf\u00fchren, ohne die Maschine anzuhalten.<\/p>\n<ul>\n<li><em>Beispiele:<\/em> Vorw\u00e4rmen kritischer Werkzeuge vor dem Wechsel, Vorbereiten und Messen von Werkzeugen in einem <em>Set<\/em> dediziert statt auf dem Rechner.<\/li>\n<\/ul>\n<h3><strong>3. Optimierung der verbleibenden internen und externen Aufgaben<\/strong><\/h3>\n<p>Einmal getrennt und umgewandelt, werden die Aufgaben vereinfacht:<\/p>\n<ul>\n<li><strong>Vereinfachung der INT :<\/strong> Ersetzen Sie komplizierte Befestigungen (mehrere Schraubendrehungen) durch schnelle Systeme (Nocken, Clips, Festziehen mit einer Schraubendrehung), verwenden Sie die <strong>Standardisierung<\/strong> um Anpassungen und Tests zu eliminieren.<\/li>\n<li><strong>Vereinfachung der EXT :<\/strong> Setzen Sie die <strong>5S-Methode<\/strong> an der Station, damit Werkzeuge und Ersatzmaterial immer griffbereit sind.<\/li>\n<\/ul>\n<h3><strong>4. Standardisierung neuer Verfahren<\/strong><\/h3>\n<p>Neue Methoden f\u00fcr schnelle Ver\u00e4nderungen sind dokumentiert in den <strong>Arbeitsanweisungen<\/strong> aktualisiert werden. So wird sichergestellt, dass die Zeitersparnis erhalten bleibt und das neue Verfahren von allen Beteiligten \u00fcbernommen wird.<\/p>\n<h3><strong>SMED im Dienste der Flexibilit\u00e4t (\u201cJust-in-Time\u201d)<\/strong><\/h3>\n<p>Die Auswirkungen von SMED gehen \u00fcber die betroffene Maschine hinaus und beeinflussen die gesamte <strong>Lieferkette<\/strong> :<\/p>\n<ul>\n<li><strong>Reduzierung der Lagerbest\u00e4nde (Muda) :<\/strong> Die F\u00e4higkeit, Werkzeuge schnell zu wechseln, erm\u00f6glicht es, h\u00e4ufiger kleinere Chargen zu produzieren. Dies verringert den Bestand an Fertigprodukten (das <strong>Muda<\/strong> des Inventars) und den Bedarf an Lagerraum.<\/li>\n<li><strong>Reaktivit\u00e4t Kunde :<\/strong> Das Unternehmen kann auf Kundenauftr\u00e4ge mit k\u00fcrzeren Fristen reagieren und verbessert so die <strong>Operative Leistung<\/strong> und die Servicequote.<\/li>\n<li><strong>Qualit\u00e4tsverbesserung :<\/strong> Die Verk\u00fcrzung der Wechselzeit reduziert oft die Notwendigkeit zahlreicher Einstellungsversuche (schlechte Teile) und verbessert so die <strong>Qualit\u00e4tsrate<\/strong> des TRS.<\/li>\n<\/ul>\n<p>Abschlie\u00dfend <strong>SMED<\/strong> ist das unverzichtbare Werkzeug der Lean-Fabrik, um Steifheit in Agilit\u00e4t zu verwandeln. Er sorgt daf\u00fcr, dass die Anlagen von <strong>Produktionstechnik<\/strong> werden zu Multitalenten, die in der Lage sind, die richtige Menge zum richtigen Zeitpunkt mit einem <strong>ROI (Return on Investment)<\/strong> maximal \u00fcber die Betriebszeit.<\/p>\n<p><!-- notionvc: dc203259-8b4c-48b9-85e0-e1afbe50db10 --><\/p>","protected":false},"excerpt":{"rendered":"<p>Le SMED (Single Minute Exchange of Die, soit Changement d&#8217;Outil en Moins de Dix Minutes) est une m\u00e9thode du Lean Management visant \u00e0 r\u00e9duire au maximum le temps n\u00e9cessaire pour passer de la production d&#8217;une r\u00e9f\u00e9rence \u00e0 une autre. L&#8217;objectif initial (atteindre la &#8220;minute simple&#8221;, soit moins de dix minutes) est ambitieux, mais le principe [&hellip;]<\/p>\n","protected":false},"author":1,"featured_media":0,"parent":12324,"menu_order":0,"comment_status":"closed","ping_status":"closed","template":"","meta":{"_sitemap_exclude":false,"_sitemap_priority":"","_sitemap_frequency":"","footnotes":""},"definition":[99],"class_list":["post-12391","page","type-page","status-publish","hentry","definition-definition"],"jetpack_sharing_enabled":true,"_links":{"self":[{"href":"https:\/\/sxe-consulting.com\/de\/wp-json\/wp\/v2\/pages\/12391","targetHints":{"allow":["GET"]}}],"collection":[{"href":"https:\/\/sxe-consulting.com\/de\/wp-json\/wp\/v2\/pages"}],"about":[{"href":"https:\/\/sxe-consulting.com\/de\/wp-json\/wp\/v2\/types\/page"}],"author":[{"embeddable":true,"href":"https:\/\/sxe-consulting.com\/de\/wp-json\/wp\/v2\/users\/1"}],"replies":[{"embeddable":true,"href":"https:\/\/sxe-consulting.com\/de\/wp-json\/wp\/v2\/comments?post=12391"}],"version-history":[{"count":0,"href":"https:\/\/sxe-consulting.com\/de\/wp-json\/wp\/v2\/pages\/12391\/revisions"}],"up":[{"embeddable":true,"href":"https:\/\/sxe-consulting.com\/de\/wp-json\/wp\/v2\/pages\/12324"}],"wp:attachment":[{"href":"https:\/\/sxe-consulting.com\/de\/wp-json\/wp\/v2\/media?parent=12391"}],"wp:term":[{"taxonomy":"definition","embeddable":true,"href":"https:\/\/sxe-consulting.com\/de\/wp-json\/wp\/v2\/definition?post=12391"}],"curies":[{"name":"wp","href":"https:\/\/api.w.org\/{rel}","templated":true}]}}