{"id":12382,"date":"2025-10-06T21:41:59","date_gmt":"2025-10-06T19:41:59","guid":{"rendered":"https:\/\/sxe-consulting.com\/?page_id=12382"},"modified":"2025-10-06T21:41:59","modified_gmt":"2025-10-06T19:41:59","slug":"iot-definition","status":"publish","type":"page","link":"https:\/\/sxe-consulting.com\/de\/glossaire-industriel\/iot-definition\/","title":{"rendered":"IoT (Internet of Things)"},"content":{"rendered":"<p>L\u2019<strong>IoT (Internet der Dinge)<\/strong>, oder <em>Internet of Things<\/em>, Der Begriff \"Smart\" bezeichnet ein Netzwerk physischer Objekte (Maschinen, Ger\u00e4te, Werkzeuge, Fahrzeuge, Produkte), die mit Sensoren, Software und Netzwerkkonnektivit\u00e4t ausgestattet sind. Diese Objekte sind dadurch in der Lage <strong>sammeln<\/strong> und von\u2019<strong>Daten austauschen<\/strong> in Echtzeit, die ihre Interaktion und Kommunikation mit anderen Systemen, seien es Computer oder physische Systeme, erm\u00f6glichen.<\/p>\n<p><!--more--><\/p>\n<p><strong>Vertiefte Definition :<\/strong> In der Umgebung der <strong>digitale Transformation<\/strong> und der\u2019<strong>Industrie 4.0<\/strong>, Das IoT ist die physische Grundlage und das Nervensystem der Welt.\u2019<strong>Intelligente Fabrik<\/strong>. Es verwandelt tr\u00e4ge Maschinen und manuelle Prozesse in digitale und verwertbare Datenquellen. Es geht nicht mehr nur darum, Computer zu verbinden, sondern <strong>die physische Welt verbinden<\/strong> zur digitalen Welt. Die Einf\u00fchrung des IoT erm\u00f6glicht die Fern\u00fcberwachung, -analyse und -steuerung von Industrieanlagen und liefert den <strong>Big Data<\/strong> notwendig f\u00fcr die\u2019<strong>K\u00fcnstliche Intelligenz (KI)<\/strong> um optimale Entscheidungen zu treffen.<\/p>\n<h3><strong>Das IoT : Der Katalysator der operativen Leistung<\/strong><\/h3>\n<p>F\u00fcr industrielle KMU, die ein <strong>Berater f\u00fcr digitale Transformation<\/strong> begleitet, ist die Einf\u00fchrung des IoT eine Investition, die eine schnelle und messbare Rendite verspricht:<\/p>\n<h3><strong>A. Datenerhebung und genaue Leistungsmessung<\/strong><\/h3>\n<ul>\n<li><strong>Sichtbarkeit in Echtzeit :<\/strong> IoT-Sensoren an Maschinen messen kontinuierlich kritische Parameter (Temperatur, Vibrationen, Stromverbrauch, Zykluszeiten, Stillst\u00e4nde). Diese Daten f\u00fcttern direkt die Systeme <strong>MES (Manufacturing Execution System)<\/strong> f\u00fcr die Berechnung von <strong>KPI<\/strong> entscheidend, insbesondere das <strong>TRS (Synthetische Ertragsrate)<\/strong>. Eine genaue Messung des TRS ist der erste Schritt auf dem Weg zu einem besseren Arbeitsklima.\u2019<strong>Operative Exzellenz<\/strong>.<\/li>\n<li><strong>Identifizierung von Engp\u00e4ssen :<\/strong> Die Analyse von Daten zu Fluss, Takt und Wartezeiten (Lagerbest\u00e4nden) erm\u00f6glicht eine genaue und dynamische Identifizierung von <strong>Erdrosselnde Flaschenh\u00e4lse (Bottleneck)<\/strong>, Die Regierung hat sich in den letzten Jahren intensiv mit dem Thema besch\u00e4ftigt.\u2019<strong>Kontinuierliche Verbesserung (KAIZEN)<\/strong>.<\/li>\n<\/ul>\n<h3><strong>B. Wartung und Zuverl\u00e4ssigkeit von Ausr\u00fcstungen<\/strong><\/h3>\n<ul>\n<li><strong>Vorausschauende Wartung :<\/strong> Das IoT ist die Informationsquelle der <strong>Vorausschauende Wartung<\/strong>. Durch die \u00dcbermittlung schwacher Signale (leichte Zunahme von Vibrationen oder Temperatur) erm\u00f6glichen die Sensoren den Algorithmen der\u2019<strong>IA<\/strong> den Ausfall vorherzusagen, bevor er eintritt. Dies minimiert ungeplante Ausfallzeiten und stellt sicher, dass die kritische Maschine (oft der Flaschenhals) immer betriebsbereit ist, ein Muss f\u00fcr Systeme in <strong>Gezogener Fluss<\/strong>.<\/li>\n<li><strong>Optimierung der Lebensdauer :<\/strong> Da der tats\u00e4chliche Zustand der Ausr\u00fcstung bekannt ist, werden die Wartungszyklen optimiert, ein vorzeitiger Austausch gesunder Teile vermieden und die Lebensdauer des investierten Kapitals verl\u00e4ngert.<\/li>\n<\/ul>\n<h3><strong>C. Verbesserung von Qualit\u00e4t und Nachvollziehbarkeit<\/strong><\/h3>\n<ul>\n<li><strong>\u00dcberwachung der Bedingungen :<\/strong> Die Sensoren \u00fcberwachen die Umweltbedingungen (Luftfeuchtigkeit, Luftreinheit) oder kritische Herstellungsparameter, die die <strong>Qualit\u00e4t<\/strong> (z. B. die Regelm\u00e4\u00dfigkeit einer Dosierung).<\/li>\n<li><strong>Nachvollziehbarkeit :<\/strong> Das IoT erm\u00f6glicht es, ein Produkt oder eine Charge mit allen Herstellungsbedingungen zu verkn\u00fcpfen (welche Maschine, zu welcher Zeit, unter welchen Temperaturen). Diese <strong>R\u00fcckverfolgbarkeit<\/strong> Die in regulierten Sektoren lebenswichtige Feinmechanik ist direkt in die <strong>Herstellungsordner<\/strong> digital.<\/li>\n<\/ul>\n<h3><strong>Die Herausforderungen der IoT-Implementierung und die Rolle des Industrial Engineering Consultant<\/strong><\/h3>\n<p>Der Aufbau einer IoT-Infrastruktur im industriellen Umfeld ist nicht ohne Herausforderungen:<\/p>\n<ol>\n<li><strong>Interoperabilit\u00e4t und Legacy-Systeme (<em>Legacy<\/em>) :<\/strong> Es ist oft schwierig, alte Maschinen anzuschlie\u00dfen. Der Berater in <strong>Wirtschaftsingenieurwesen<\/strong> muss die richtigen Technologien (nicht-intrusive Sensoren, industrielle Gateways) ausw\u00e4hlen, um diese Ger\u00e4te in das digitale Netzwerk zu integrieren, ohne die Produktion zu unterbrechen.<\/li>\n<li><strong>Cybersicherheit :<\/strong> Mit der zunehmenden Zahl digitaler Eintrittspunkte steigt auch das Risiko von Cyberangriffen. Die Sicherheit von OT-Netzwerken (Operational Technology) ist eine gro\u00dfe Herausforderung.<\/li>\n<li><strong>Umgang mit Big Data :<\/strong> Das IoT erzeugt eine massive Menge an Daten. Ohne eine klare Strategie f\u00fcr die Datenverarbeitung (\u00fcber das <em>Cloud<\/em> oder die\u2019<em>Edge Computing<\/em>), l\u00e4uft das Unternehmen Gefahr, von ungenutzten Daten \u00fcberschwemmt zu werden.<\/li>\n<\/ol>\n<p>Zusammenfassend l\u00e4sst sich sagen, dass die\u2019<strong>IoT<\/strong> ist die Infrastruktur, die die Transformation erst m\u00f6glich macht. Er sammelt die Daten, die das \u00d6l der\u2019<strong>Industrie 4.0<\/strong>. Ihre richtige Integration, gesteuert durch Leistungsfachwissen, ist der Schl\u00fcssel zur Umwandlung einer traditionellen Fabrik in eine dynamische, intelligente und hocheffiziente Produktionsumgebung.<\/p>\n<p><!-- notionvc: c2041e3c-1859-4d03-a3ce-6d4db5e60e5a --><\/p>\n<p data-start=\"3483\" data-end=\"3654\"><!-- notionvc: 55748b84-6bc7-48d1-980a-8210c919df08 --><\/p>","protected":false},"excerpt":{"rendered":"<p>L&#8217;IoT (Internet des Objets), ou Internet of Things, est le concept d\u00e9signant un r\u00e9seau d&#8217;objets physiques (machines, \u00e9quipements, outils, v\u00e9hicules, produits) qui sont \u00e9quip\u00e9s de capteurs, de logiciels et d&#8217;une connectivit\u00e9 r\u00e9seau. Ces objets sont ainsi capables de collecter et d&#8217;\u00e9changer des donn\u00e9es en temps r\u00e9el, permettant leur interaction et leur communication avec d&#8217;autres syst\u00e8mes, [&hellip;]<\/p>\n","protected":false},"author":1,"featured_media":0,"parent":12324,"menu_order":0,"comment_status":"closed","ping_status":"closed","template":"","meta":{"_sitemap_exclude":false,"_sitemap_priority":"","_sitemap_frequency":"","footnotes":""},"definition":[99],"class_list":["post-12382","page","type-page","status-publish","hentry","definition-definition"],"jetpack_sharing_enabled":true,"_links":{"self":[{"href":"https:\/\/sxe-consulting.com\/de\/wp-json\/wp\/v2\/pages\/12382","targetHints":{"allow":["GET"]}}],"collection":[{"href":"https:\/\/sxe-consulting.com\/de\/wp-json\/wp\/v2\/pages"}],"about":[{"href":"https:\/\/sxe-consulting.com\/de\/wp-json\/wp\/v2\/types\/page"}],"author":[{"embeddable":true,"href":"https:\/\/sxe-consulting.com\/de\/wp-json\/wp\/v2\/users\/1"}],"replies":[{"embeddable":true,"href":"https:\/\/sxe-consulting.com\/de\/wp-json\/wp\/v2\/comments?post=12382"}],"version-history":[{"count":0,"href":"https:\/\/sxe-consulting.com\/de\/wp-json\/wp\/v2\/pages\/12382\/revisions"}],"up":[{"embeddable":true,"href":"https:\/\/sxe-consulting.com\/de\/wp-json\/wp\/v2\/pages\/12324"}],"wp:attachment":[{"href":"https:\/\/sxe-consulting.com\/de\/wp-json\/wp\/v2\/media?parent=12382"}],"wp:term":[{"taxonomy":"definition","embeddable":true,"href":"https:\/\/sxe-consulting.com\/de\/wp-json\/wp\/v2\/definition?post=12382"}],"curies":[{"name":"wp","href":"https:\/\/api.w.org\/{rel}","templated":true}]}}