{"id":12381,"date":"2025-10-06T21:40:04","date_gmt":"2025-10-06T19:40:04","guid":{"rendered":"https:\/\/sxe-consulting.com\/?page_id=12381"},"modified":"2025-10-06T21:40:04","modified_gmt":"2025-10-06T19:40:04","slug":"kunstliche-intelligenz-definition","status":"publish","type":"page","link":"https:\/\/sxe-consulting.com\/de\/glossaire-industriel\/intelligence-artificielle-definition\/","title":{"rendered":"K\u00fcnstliche Intelligenz (KI)"},"content":{"rendered":"<p>L\u2019<strong>K\u00fcnstliche Intelligenz (KI)<\/strong> ist eine Reihe von Technologien, die es Computersystemen erm\u00f6glichen, menschliche kognitive F\u00e4higkeiten wie Lernen, Probleml\u00f6sung, Wahrnehmung und Entscheidungsfindung zu imitieren. Im industriellen Kontext ist KI die <strong>Analysemotor<\/strong> der <strong>digitale Transformation<\/strong>, Sie k\u00f6nnen diese Daten in intelligente Aktionen und Entscheidungen umwandeln.<\/p>\n<p><!--more--><\/p>\n<p><strong>Vertiefte Definition :<\/strong> Industrielle KI nutzt hochentwickelte Algorithmen, um den Fluss von <strong>Big Data<\/strong> die von den Sensoren erzeugt werden <strong>IoT (Internet der Dinge)<\/strong>, Systeme <strong>MEINE<\/strong> und <strong>ERP<\/strong>, Mithilfe dieser Technologie lassen sich Muster erkennen, pr\u00e4zise Vorhersagen treffen und komplexe Entscheidungsprozesse automatisieren, die bislang von Menschen durchgef\u00fchrt wurden. Ihr Ziel ist es nicht, den Menschen zu ersetzen, sondern ihm eine <strong>Analyse- und Reaktionsf\u00e4higkeit<\/strong> in Echtzeit, die f\u00fcr die Erreichung des\u2019<strong>Operative Exzellenz<\/strong> in immer komplexeren und dynamischeren Produktionsumgebungen.<\/p>\n<h3><strong>Revolution\u00e4re Anwendungen von KI in der industriellen Leistungsf\u00e4higkeit<\/strong><\/h3>\n<p>F\u00fcr einen Berater f\u00fcr digitale Transformation ist die Integration von KI ein wichtiger Hebel zur Wertsch\u00f6pfung f\u00fcr seine KMU-Kunden, insbesondere durch die folgenden Bereiche :<\/p>\n<h3><strong>A. Vorausschauende Instandhaltung (Predictive Maintenance)<\/strong><\/h3>\n<ul>\n<li><strong>Rolle :<\/strong> Dies ist die profitabelste Anwendung von KI. Die Algorithmen von <strong>Machine Learning<\/strong> analysieren kontinuierlich die Vibrations- und W\u00e4rmedaten sowie den Stromverbrauch von Ger\u00e4ten. Sie sind in der Lage, die <strong>Panne<\/strong> einer Maschine <strong>bevor sie eintritt<\/strong>, Sie k\u00f6nnen sich auch auf die Erkennung von minimalen Anomalien in den Signalen konzentrieren.<\/li>\n<li><strong>Auswirkungen auf die Leistung :<\/strong> Von einer vorbeugenden (zeitbasierten) Wartung zu einer <strong>vorausschauende Wartung<\/strong> (basierend auf dem tats\u00e4chlichen Zustand) erm\u00f6glicht es, ungeplante Ausfallzeiten zu eliminieren, das <strong>TRS (Synthetische Ertragsrate)<\/strong> und die massiven Kosten f\u00fcr korrektive Wartung zu senken.<\/li>\n<\/ul>\n<h3><strong>B. Optimierung von Prozessen und Parametern (Process Optimization)<\/strong><\/h3>\n<ul>\n<li><strong>Rolle :<\/strong> Die KI kann die Parameter einer Maschine oder einer Produktionslinie (Temperatur, Geschwindigkeit, Druck, Dosierung) in Echtzeit optimieren, um maximale Qualit\u00e4t oder geringste Energiekosten zu gew\u00e4hrleisten. Sie erm\u00f6glicht es, den perfekten Gleichgewichtspunkt zu finden, der f\u00fcr den Menschen oft zu komplex zu bestimmen ist.<\/li>\n<li><strong>Auswirkungen auf die Leistung :<\/strong> Weniger Ausschuss, h\u00f6here Produktionsgeschwindigkeit und geringerer Energieverbrauch tragen direkt zu einer Verbesserung der <strong>operative Marge<\/strong>.<\/li>\n<\/ul>\n<h3><strong>C. Automatisierte Qualit\u00e4tskontrolle (Machine Vision und KI)<\/strong><\/h3>\n<ul>\n<li><strong>Rolle :<\/strong> KI wird mit der Technologie von <strong>Machine Vision<\/strong> f\u00fcr die visuelle Inspektion von Produkten bei sehr hohen Geschwindigkeiten. Die Algorithmen sind darauf trainiert, Fehler (Mikrorisse, Nichtkonformit\u00e4t von Baugruppen) mit einer Genauigkeit und Konsistenz zu erkennen, die weit \u00fcber die des menschlichen Auges hinausgeht.<\/li>\n<li><strong>Auswirkungen auf die Leistung :<\/strong> Garantie f\u00fcr eine <strong>Qualit\u00e4t<\/strong> konstant f\u00fcr die <strong>Serienproduktion<\/strong>, Verbesserung der <strong>R\u00fcckverfolgbarkeit<\/strong> und Minimierung von teuren Produktr\u00fcckrufen.<\/li>\n<\/ul>\n<h3><strong>D. Optimierung der Supply Chain<\/strong><\/h3>\n<ul>\n<li><strong>Rolle :<\/strong> KI analysiert historische Verkaufsdaten, Markttrends, Wetter und andere externe Faktoren, um eine <strong>Nachfrageprognosen<\/strong> sehr viel genauer. Sie kann dann die Lagerbest\u00e4nde und Produktionsauftr\u00e4ge optimieren (<strong>Gezogener Fluss<\/strong> oder <strong>Pushed Flow<\/strong> gezielt), um \u00dcberbest\u00e4nde und Fehlmengen zu minimieren.<\/li>\n<\/ul>\n<h3><strong>Die Herausforderung der Implementierung und die Rolle des Industrial Engineering<\/strong><\/h3>\n<p>Die Einf\u00fchrung von KI in der Industrie wird durch zwei gro\u00dfe Herausforderungen gebremst:<\/p>\n<ol>\n<li><strong>Qualit\u00e4t und Quantit\u00e4t der Daten :<\/strong> Die KI ist nur so gut wie die Daten, die sie verwendet. Die Rolle des <strong>Wirtschaftsingenieurwesen<\/strong> ist zun\u00e4chst, sicherzustellen, dass die Sammelsysteme (<strong>IoT<\/strong>) zuverl\u00e4ssig sind und dass die Daten bereinigt, strukturiert und f\u00fcr die Lernmodelle relevant sind.<\/li>\n<li><strong>Systemische Integration :<\/strong> KI-L\u00f6sungen d\u00fcrfen keine isolierten Werkzeuge bleiben. Sie m\u00fcssen in die ausf\u00fchrenden Systeme (MES, Automaten) integriert werden, damit die KI-Entscheidungen in konkrete physische Aktionen an der Linie umgesetzt werden k\u00f6nnen.<\/li>\n<\/ol>\n<p><!-- notionvc: f93c42f4-700a-43fc-8f88-b3c33c874202 --><\/p>","protected":false},"excerpt":{"rendered":"<p>L&#8217;Intelligence Artificielle (IA) est un ensemble de technologies qui permettent aux syst\u00e8mes informatiques d&#8217;imiter des capacit\u00e9s cognitives humaines telles que l&#8217;apprentissage, la r\u00e9solution de probl\u00e8mes, la perception et la prise de d\u00e9cision. Dans le contexte industriel, l&#8217;IA est le moteur analytique de la transformation digitale, transformant les donn\u00e9es massives en actions et d\u00e9cisions intelligentes.<\/p>","protected":false},"author":1,"featured_media":0,"parent":12324,"menu_order":0,"comment_status":"closed","ping_status":"closed","template":"","meta":{"_sitemap_exclude":false,"_sitemap_priority":"","_sitemap_frequency":"","footnotes":""},"definition":[99],"class_list":["post-12381","page","type-page","status-publish","hentry","definition-definition"],"jetpack_sharing_enabled":true,"_links":{"self":[{"href":"https:\/\/sxe-consulting.com\/de\/wp-json\/wp\/v2\/pages\/12381","targetHints":{"allow":["GET"]}}],"collection":[{"href":"https:\/\/sxe-consulting.com\/de\/wp-json\/wp\/v2\/pages"}],"about":[{"href":"https:\/\/sxe-consulting.com\/de\/wp-json\/wp\/v2\/types\/page"}],"author":[{"embeddable":true,"href":"https:\/\/sxe-consulting.com\/de\/wp-json\/wp\/v2\/users\/1"}],"replies":[{"embeddable":true,"href":"https:\/\/sxe-consulting.com\/de\/wp-json\/wp\/v2\/comments?post=12381"}],"version-history":[{"count":0,"href":"https:\/\/sxe-consulting.com\/de\/wp-json\/wp\/v2\/pages\/12381\/revisions"}],"up":[{"embeddable":true,"href":"https:\/\/sxe-consulting.com\/de\/wp-json\/wp\/v2\/pages\/12324"}],"wp:attachment":[{"href":"https:\/\/sxe-consulting.com\/de\/wp-json\/wp\/v2\/media?parent=12381"}],"wp:term":[{"taxonomy":"definition","embeddable":true,"href":"https:\/\/sxe-consulting.com\/de\/wp-json\/wp\/v2\/definition?post=12381"}],"curies":[{"name":"wp","href":"https:\/\/api.w.org\/{rel}","templated":true}]}}