{"id":12380,"date":"2025-10-06T21:36:57","date_gmt":"2025-10-06T19:36:57","guid":{"rendered":"https:\/\/sxe-consulting.com\/?page_id=12380"},"modified":"2025-10-06T21:36:57","modified_gmt":"2025-10-06T19:36:57","slug":"industrialisation-definition","status":"publish","type":"page","link":"https:\/\/sxe-consulting.com\/de\/glossaire-industriel\/industrialisation-definition\/","title":{"rendered":"Industrialisierung"},"content":{"rendered":"<p>L\u2019<strong>Industrialisierung<\/strong> ist die Scharnierphase, die den kontrollierten \u00dcbergang von der Konzeption eines Produkts (die von der Forschung und Entwicklung validiert wurde) zu seiner effizienten, qualitativen und rentablen Herstellung in gro\u00dfen Mengen gew\u00e4hrleistet. Es ist nicht einfach nur der Akt des Produzierens, sondern die Gesamtheit der Studien, Methoden und Investitionen, die notwendig sind, um die Herstellung technisch und wirtschaftlich rentabel zu machen in <strong>Serienproduktion<\/strong>.<\/p>\n<p><!--more--><\/p>\n<p><strong>Vertiefte Definition :<\/strong> Die Industrialisierung ist der technische Prozess, der die Gesamtheit der f\u00fcr ein neues Produkt oder eine neue Produktreihe erforderlichen Produktionsmittel definiert, optimiert und umsetzt. Sie umfasst die Entwicklung und Validierung von Verfahren, die Einrichtung von Montagelinien, die Konzeption von Werkzeugen (Formen, Schablonen, Testb\u00e4nke) und die Erstellung der gesamten Referenzdokumentation, insbesondere des <strong>Herstellungsordner<\/strong> und der <strong>Technisches Pflichtenheft (CCT)<\/strong>. Damit soll sichergestellt werden, dass das Produkt, so wie es entworfen wurde, unter Einhaltung der Zielkosten, der Qualit\u00e4tsanforderungen und des <strong>Taktzeit<\/strong> die der Markt erfordert.<\/p>\n<h3><strong>Die Schl\u00fcsselschritte einer erfolgreichen Industrialisierung (Rolle der Industrietechnik)<\/strong><\/h3>\n<p>Die Expertise von <strong>SXE Consulting<\/strong> in <strong>Wirtschaftsingenieurwesen<\/strong> erweist sich als entscheidend, um diesen Prozess in mehreren Schl\u00fcsselschritten zu meistern:<\/p>\n<h3><strong>A. Design for Manufacturing and Assembly (DFMA) (Konstruktion f\u00fcr die Fertigung und Montage)<\/strong><\/h3>\n<ul>\n<li><strong>Antizipation :<\/strong> Bereits in der Konzeptionsphase arbeitet der Industrialisierungsingenieur mit der Forschung und Entwicklung zusammen, um sicherzustellen, dass das Produkt \u201cindustrialisierbar\u201d ist. Der Ansatz <strong>DFMA<\/strong> (<em>Design for Manufacturing and Assembly<\/em>) zielt darauf ab, das Design zu vereinfachen, um die Anzahl der Teile zu verringern, ihren Zusammenbau zu erleichtern und komplexe oder teure Arbeitsschritte zu minimieren. Dies ist der erste Hebel zur Kostensenkung.<\/li>\n<\/ul>\n<h3><strong>B. Definition und Optimierung des Prozesses<\/strong><\/h3>\n<ul>\n<li><strong>Herstellungsbereich :<\/strong> Detaillierte Ausarbeitung der Abfolge der Operationen (die <strong>Herstellungsprogramm<\/strong>), der den optimalen Weg des Produkts bestimmt. In diesem Schritt wird der Bedarf an Maschinen, Werkzeugen und Arbeitszeiten ermittelt.<\/li>\n<li><strong>Gestaltung (Layout) :<\/strong> Physische Organisation der Werkstatt, um unn\u00f6tige Transporte und Bewegungen zu minimieren, f\u00f6rdert die Effizienz der <strong>Gezogene Feeds<\/strong> oder <strong>Push-Feeds<\/strong> (gem\u00e4\u00df der Unternehmensstrategie) und die Beseitigung von Verschwendung (<em>Muda<\/em>).<\/li>\n<\/ul>\n<h3><strong>C. Qualifizierung der Mittel und Beherrschung der Verfahren<\/strong><\/h3>\n<ul>\n<li><strong>Einkaufen und Integration :<\/strong> Auswahl, Kauf und Installation von Produktionsanlagen, einschlie\u00dflich Bearbeitungsmaschinen, Robotern oder automatisierten Montagesystemen.<\/li>\n<li><strong>Validierung (FAT\/SAT) :<\/strong> Die kritischste Phase. Sie umfasst Abnahmetests im Werk des Lieferanten (FAT) und vor Ort (SAT), um sicherzustellen, dass die Maschinen gem\u00e4\u00df den Spezifikationen des <strong>CCT<\/strong> und k\u00f6nnen den <strong>TRS (Synthetische Ertragsrate)<\/strong> vorgesehen.<\/li>\n<\/ul>\n<h3><strong>D. Dokumentation und Standardisierung (Industrial Dossier)<\/strong><\/h3>\n<ul>\n<li>Die Industrialisierung f\u00fchrt zur Erstellung der gesamten betrieblichen Dokumentation :\n<ul>\n<li><strong>Nomenklatur (BOM)<\/strong> fertiggestellt und validiert.<\/li>\n<li><strong>Arbeitsanweisungen<\/strong> detailliert f\u00fcr jede Position.<\/li>\n<li>Qualit\u00e4tskontrollpl\u00e4ne und Selbstkontrollbl\u00e4tter.<\/li>\n<li>Das Ganze bildet den <strong>Herstellungsordner<\/strong>, die die <strong>Wiederholbarkeit<\/strong> und die <strong>R\u00fcckverfolgbarkeit<\/strong> der Produktion.<\/li>\n<\/ul>\n<\/li>\n<\/ul>\n<h3><strong>Die Auswirkungen von Industrie 4.0 auf die Industrialisierung<\/strong><\/h3>\n<p>Heute ist die Industrialisierung untrennbar mit der <strong>Industrielle Digitalisierung<\/strong>. Digitale Werkzeuge erm\u00f6glichen eine schnellere und weniger riskante Industrialisierungsphase :<\/p>\n<ol>\n<li><strong>Simulation und Digitale Zwillinge :<\/strong> Mit 3D-Simulationssystemen k\u00f6nnen Linienlayout, Arbeitsplatzergonomie und Zykluszeiten bereits vor dem Kauf der ersten Maschine getestet werden, wodurch das Risiko und die Kosten f\u00fcr versp\u00e4tete \u00c4nderungen verringert werden.<\/li>\n<li><strong>Schnelltests :<\/strong> Die Verwendung von\u2019<strong>IoT<\/strong> (Sensoren) in der Vorserienphase erm\u00f6glicht die sofortige Erfassung pr\u00e4ziser Leistungsdaten und beschleunigt so die Evaluierungsschleifen.\u2019<strong>Kontinuierliche Verbesserung (KAIZEN)<\/strong> und die Korrektur von Fehlern im Prozessdesign (Identifizierung von <strong>Erdrosselnde Flaschenh\u00e4lse<\/strong>).<\/li>\n<li><strong>Automatisierte Qualit\u00e4tskontrolle :<\/strong> Die Integration des <strong>Machine Vision<\/strong> und der\u2019<strong>K\u00fcnstliche Intelligenz (KI)<\/strong> in den Testb\u00e4nken erm\u00f6glicht die Qualifizierung der Produktion in Echtzeit, ein wesentliches Element zur Gew\u00e4hrleistung der <strong>Qualit\u00e4t<\/strong> ab dem Beginn der <strong>Serienproduktion<\/strong>.<\/li>\n<\/ol>\n<h3><strong>Industrialisierung: Eine Strategische Investition<\/strong><\/h3>\n<p>Eine schlampige Industrialisierung f\u00fchrt unweigerlich zu Problemen in <strong>Serienproduktion<\/strong> Nicht-Qualit\u00e4t, wiederkehrende Mehrkosten und die Unf\u00e4higkeit, Fristen einzuhalten. Umgekehrt garantiert eine rigorose Industrialisierung, die von Leistungsexperten gesteuert wird, dass das Unternehmen sein Wachstum aufrechterhalten, seine Gewinnspannen verbessern und seinen Wettbewerbsvorteil langfristig aufrechterhalten kann. Dies ist der Schritt, in dem die Theorie zur wirtschaftlichen Realit\u00e4t wird.<\/p>\n<p><!-- notionvc: a229d587-9d06-4ece-b1ef-d48904e2d954 --><\/p>","protected":false},"excerpt":{"rendered":"<p>L&#8217;Industrialisation est la phase charni\u00e8re qui assure la transition ma\u00eetris\u00e9e entre la conception d&#8217;un produit (valid\u00e9e par la R&amp;D) et sa production efficace, qualitative et rentable en grand volume. Ce n&#8217;est pas simplement l&#8217;acte de produire, mais l&#8217;ensemble des \u00e9tudes, des m\u00e9thodes et des investissements n\u00e9cessaires pour rendre la fabrication techniquement et \u00e9conomiquement viable en [&hellip;]<\/p>\n","protected":false},"author":1,"featured_media":0,"parent":12324,"menu_order":0,"comment_status":"closed","ping_status":"closed","template":"","meta":{"_sitemap_exclude":false,"_sitemap_priority":"","_sitemap_frequency":"","footnotes":""},"definition":[99],"class_list":["post-12380","page","type-page","status-publish","hentry","definition-definition"],"jetpack_sharing_enabled":true,"_links":{"self":[{"href":"https:\/\/sxe-consulting.com\/de\/wp-json\/wp\/v2\/pages\/12380","targetHints":{"allow":["GET"]}}],"collection":[{"href":"https:\/\/sxe-consulting.com\/de\/wp-json\/wp\/v2\/pages"}],"about":[{"href":"https:\/\/sxe-consulting.com\/de\/wp-json\/wp\/v2\/types\/page"}],"author":[{"embeddable":true,"href":"https:\/\/sxe-consulting.com\/de\/wp-json\/wp\/v2\/users\/1"}],"replies":[{"embeddable":true,"href":"https:\/\/sxe-consulting.com\/de\/wp-json\/wp\/v2\/comments?post=12380"}],"version-history":[{"count":0,"href":"https:\/\/sxe-consulting.com\/de\/wp-json\/wp\/v2\/pages\/12380\/revisions"}],"up":[{"embeddable":true,"href":"https:\/\/sxe-consulting.com\/de\/wp-json\/wp\/v2\/pages\/12324"}],"wp:attachment":[{"href":"https:\/\/sxe-consulting.com\/de\/wp-json\/wp\/v2\/media?parent=12380"}],"wp:term":[{"taxonomy":"definition","embeddable":true,"href":"https:\/\/sxe-consulting.com\/de\/wp-json\/wp\/v2\/definition?post=12380"}],"curies":[{"name":"wp","href":"https:\/\/api.w.org\/{rel}","templated":true}]}}