{"id":12379,"date":"2025-10-06T21:34:43","date_gmt":"2025-10-06T19:34:43","guid":{"rendered":"https:\/\/sxe-consulting.com\/?page_id=12379"},"modified":"2025-10-06T21:34:43","modified_gmt":"2025-10-06T19:34:43","slug":"arbeitsanweisungen-definition","status":"publish","type":"page","link":"https:\/\/sxe-consulting.com\/de\/glossaire-industriel\/instructions-de-travail-definition\/","title":{"rendered":"Arbeitsanweisungen - Definition"},"content":{"rendered":"<p>Die <strong>Arbeitsanweisungen (IT)<\/strong>, Die Arbeitsanweisungen, oft auch als Arbeitsanweisungen oder Instruktionsbl\u00e4tter bezeichnet, sind wichtige Dokumente in jedem Qualit\u00e4ts- und Sicherheitsmanagement.\u2019<strong>Operative Exzellenz<\/strong>. Sie sind die granularste Dokumentationsebene, die direkt von den Operateuren am Ort des Geschehens verwendet wird (<em>Gemba<\/em>).<\/p>\n<p><!--more--><\/p>\n<p><strong>Vertiefte Definition :<\/strong> Eine Arbeitsanweisung ist ein sehr detailliertes Dokument, das Schritt f\u00fcr Schritt und vorschreibend beschreibt, <strong>die beste Art, eine bestimmte Aufgabe oder einen bestimmten Vorgang auszuf\u00fchren<\/strong> auf einem bestimmten Arbeitsplatz. Im Gegensatz zu einer <strong>Verfahren<\/strong> (beschreibt den <em>was<\/em> und der <em>wenn<\/em>), beschreibt die Arbeitsanweisung das <strong>wie<\/strong> genau und optimal. Sie integriert h\u00e4ufig visuelle Elemente (Fotos, Schemata, Videos) und betont die <strong>Qualit\u00e4tskontrollpunkte (QKP)<\/strong> und die Sicherheitsvorschriften. Sie ist die Garantie f\u00fcr die <strong>Standardisierung<\/strong> Arbeitsmethoden.<\/p>\n<h3><strong>Strategische Rolle bei der Industrialisierung und Leistung<\/strong><\/h3>\n<p>F\u00fcr ein Beratungsunternehmen in <strong>Wirtschaftsingenieurwesen<\/strong>, Die Erstellung und Verwaltung von Arbeitsanweisungen ist ein direkter Hebel zur Verbesserung der Leistung:<\/p>\n<h3><strong>A. Qualit\u00e4t und Wiederholbarkeit gew\u00e4hrleisten<\/strong><\/h3>\n<ul>\n<li><strong>Verringerung der Variabilit\u00e4t :<\/strong> Dies ist die grundlegende Rolle. Die IT sorgt daf\u00fcr, dass jeder Bediener die Aufgabe jedes Mal auf die gleiche Weise ausf\u00fchrt. Diese Verringerung der Variabilit\u00e4t ist das Hauptziel der Methodik <strong>Six Sigma<\/strong> und stellt sicher, dass das fertige Produkt den Spezifikationen des <strong>Technisches Pflichtenheft (CCT)<\/strong> und des <strong>Herstellungsordner<\/strong>.<\/li>\n<li><strong>Integration von Poka-Yoke :<\/strong> Die IT integriert h\u00e4ufig Prinzipien der <strong>Poka-Yoke<\/strong> (Codierstifte), indem sie auf einfache \u00dcberpr\u00fcfungen hinweisen, die durchgef\u00fchrt werden m\u00fcssen, um menschliche Fehler zu vermeiden (z. B. \u201c\u00dcberpr\u00fcfen Sie die Farbe des Steckers vor dem Zusammenbau\u201d).<\/li>\n<\/ul>\n<h3><strong>B. Erm\u00f6glichung von Bildung und Selbstst\u00e4ndigkeit<\/strong><\/h3>\n<ul>\n<li><strong>Beschleunigung des Kompetenzaufstiegs :<\/strong> Klare und visuelle TIs k\u00f6nnen die Zeit, die f\u00fcr die Einweisung eines neuen Bedieners ben\u00f6tigt wird, drastisch reduzieren. Sie dienen als Referenz f\u00fcr die Ausbildung <em>on-the-job<\/em> und stellen sicher, dass das Know-how nicht nur bei einigen wenigen Experten liegt.<\/li>\n<li><strong>Autonomie des Operators :<\/strong> Indem die IT dem Bediener alle Informationen gibt, die er ben\u00f6tigt, um die Aufgabe korrekt auszuf\u00fchren (einschlie\u00dflich der Ma\u00dfnahmen, die im Falle einer Anomalie zu ergreifen sind), st\u00e4rkt sie seine Autonomie und seine F\u00e4higkeit zur Selbstkontrolle.<\/li>\n<\/ul>\n<h3><strong>C. Als Grundlage f\u00fcr kontinuierliche Verbesserung dienen (KAIZEN)<\/strong><\/h3>\n<p>Eine Arbeitsanweisung ist ein \u201clebendiges\u201d Dokument. Sie ist nicht starr, sondern stellt den aktuellen Stand der besten bekannten Praxis dar.<\/p>\n<ul>\n<li><strong>Ort der Innovation :<\/strong> Wenn der Operator oder das Team von <strong>Wirtschaftsingenieurwesen<\/strong> eine schnellere, sicherere oder qualitativ hochwertigere Methode entdeckt, wird die TI ge\u00e4ndert und validiert, um diese neue beste Praxis widerzuspiegeln. Auf diese Weise wird die\u2019<strong>Kontinuierliche Verbesserung (KAIZEN)<\/strong> wird formalisiert und in der gesamten Organisation verbreitet.<\/li>\n<li><strong>Problemanalyse :<\/strong> Bei Nicht-Qualit\u00e4t oder Leistungsabweichungen (gemeldet durch einen <strong>Erdrosselungshals<\/strong>), der erste Schritt der <strong>Root Cause Analysis (RCA)<\/strong> ist h\u00e4ufig, zu \u00fcberpr\u00fcfen, ob der Bediener die Standardarbeitsanweisung befolgt hat.<\/li>\n<\/ul>\n<h3><strong>Die digitale Evolution der Arbeitsanweisungen (Industrie 4.0)<\/strong><\/h3>\n<p>Mit der <strong>Industrielle Digitalisierung<\/strong>, Das Format der Arbeitsanweisungen \u00e4ndert sich von Papier zu digitalen Schnittstellen, die oft \u00fcber das System verwaltet werden. <strong>MES (Manufacturing Execution System)<\/strong> :<\/p>\n<ol>\n<li><strong>Multimediale Anweisungen :<\/strong> Mithilfe von Digital Signage lassen sich Videos, 3D-Animationen und interaktive Checklisten einbinden, wodurch die IT ansprechender und leichter verst\u00e4ndlich wird.<\/li>\n<li><strong>Instant Update :<\/strong> Die vom Dienst freigegebenen \u00c4nderungen <strong>Methoden<\/strong> oder <strong>Industrialisierung<\/strong> werden sofort auf allen betroffenen Arbeitspl\u00e4tzen eingesetzt, sodass sichergestellt ist, dass alle immer mit der neuesten und leistungsf\u00e4higsten Version arbeiten.<\/li>\n<li><strong>Integrierte R\u00fcckverfolgbarkeit :<\/strong> Die Bediener k\u00f6nnen die durchgef\u00fchrten Schritte digital best\u00e4tigen, und die Aufzeichnungen zur Qualit\u00e4tskontrolle werden direkt in das <strong>Herstellungsordner<\/strong> elektronisch, gew\u00e4hrleistet eine <strong>R\u00fcckverfolgbarkeit<\/strong> fehlerfrei durch den Prozess.<\/li>\n<\/ol>\n<h3><strong>Redaktionelle Beratung und Einsatz<\/strong><\/h3>\n<p><strong>SXE Consulting<\/strong> betont die Methode des Schreibens: Eine gute TI muss geschrieben werden <strong>von den Operatoren selbst<\/strong> (mit Hilfe der Methodenabteilung) und nicht nur vom Management vorgeschrieben wird. Dieser kollaborative Ansatz stellt sicher, dass die Anweisung sowohl :<\/p>\n<ul>\n<li><strong>Realist :<\/strong> Sie spiegelt die tats\u00e4chlichen Bedingungen am Arbeitsplatz wider.<\/li>\n<li><strong>Akzeptiert :<\/strong> Operatoren sind eher bereit, eine Methode zu befolgen, die sie mit definiert haben.<\/li>\n<\/ul>\n<p>Arbeitsanweisungen sind der Grundstein f\u00fcr die Standardisierung der Werkstatt. Ohne sie w\u00fcrde die\u2019<strong>Operative Exzellenz<\/strong> nicht verwurzeln kann, da die Leistung dann nur von Einzelpersonen und nicht von einem robusten System abh\u00e4ngen w\u00fcrde.<\/p>\n<p><!-- notionvc: 03aac0c2-a7a1-48bd-8d85-2d872903b45a --><\/p>","protected":false},"excerpt":{"rendered":"<p>Les Instructions de Travail (IT), souvent appel\u00e9es modes op\u00e9ratoires ou fiches d&#8217;instructions, sont des documents essentiels dans toute d\u00e9marche qualit\u00e9 et d&#8217;Excellence Op\u00e9rationnelle. Elles sont le niveau de documentation le plus granulaire, directement utilis\u00e9 par les op\u00e9rateurs sur le lieu de l&#8217;action (Gemba).<\/p>","protected":false},"author":1,"featured_media":0,"parent":12324,"menu_order":0,"comment_status":"closed","ping_status":"closed","template":"","meta":{"_sitemap_exclude":false,"_sitemap_priority":"","_sitemap_frequency":"","footnotes":""},"definition":[99],"class_list":["post-12379","page","type-page","status-publish","hentry","definition-definition"],"jetpack_sharing_enabled":true,"_links":{"self":[{"href":"https:\/\/sxe-consulting.com\/de\/wp-json\/wp\/v2\/pages\/12379","targetHints":{"allow":["GET"]}}],"collection":[{"href":"https:\/\/sxe-consulting.com\/de\/wp-json\/wp\/v2\/pages"}],"about":[{"href":"https:\/\/sxe-consulting.com\/de\/wp-json\/wp\/v2\/types\/page"}],"author":[{"embeddable":true,"href":"https:\/\/sxe-consulting.com\/de\/wp-json\/wp\/v2\/users\/1"}],"replies":[{"embeddable":true,"href":"https:\/\/sxe-consulting.com\/de\/wp-json\/wp\/v2\/comments?post=12379"}],"version-history":[{"count":0,"href":"https:\/\/sxe-consulting.com\/de\/wp-json\/wp\/v2\/pages\/12379\/revisions"}],"up":[{"embeddable":true,"href":"https:\/\/sxe-consulting.com\/de\/wp-json\/wp\/v2\/pages\/12324"}],"wp:attachment":[{"href":"https:\/\/sxe-consulting.com\/de\/wp-json\/wp\/v2\/media?parent=12379"}],"wp:term":[{"taxonomy":"definition","embeddable":true,"href":"https:\/\/sxe-consulting.com\/de\/wp-json\/wp\/v2\/definition?post=12379"}],"curies":[{"name":"wp","href":"https:\/\/api.w.org\/{rel}","templated":true}]}}