{"id":12378,"date":"2025-10-06T21:32:14","date_gmt":"2025-10-06T19:32:14","guid":{"rendered":"https:\/\/sxe-consulting.com\/?page_id=12378"},"modified":"2025-10-06T21:32:14","modified_gmt":"2025-10-06T19:32:14","slug":"industrieller-genie-definition","status":"publish","type":"page","link":"https:\/\/sxe-consulting.com\/de\/glossaire-industriel\/genie-industriel-definition\/","title":{"rendered":"Industrial Engineering Definition"},"content":{"rendered":"<p>Die <strong>Industrial Engineering (IE)<\/strong> ist eine Ingenieurdisziplin, die sich nicht auf das Design physischer Produkte konzentriert (wie Maschinenbau oder Elektrotechnik), sondern auf die\u2019<strong>Optimierung der Komplexit\u00e4t von Systemen<\/strong>, Die Optimierung von Prozessen und Organisationen. Es ist die Kunst, Menschen, Materialien, Informationen, Ger\u00e4te und Energie auf koh\u00e4rente Weise zu integrieren, um effiziente und effektive Produktions- oder Dienstleistungssysteme zu entwerfen, zu verbessern und zu verwalten.<\/p>\n<p><!--more--><\/p>\n<p><strong>Vertiefte Definition :<\/strong> Industrial Engineering ist die Anwendung wissenschaftlicher Prinzipien, mathematischer Methoden und Managementtechniken (insbesondere das <strong>Lean Management<\/strong> und die <strong>Theory of Constraints<\/strong>), um die Effizienz, Produktivit\u00e4t und Rentabilit\u00e4t von Betriebsabl\u00e4ufen zu verbessern. Ihr Hauptziel ist die Maximierung der Wertsch\u00f6pfung f\u00fcr den Kunden bei gleichzeitiger Minimierung von Verschwendung (<em>Muda<\/em>), indem sie die Betriebskosten senken und die Qualit\u00e4t des Endprodukts gew\u00e4hrleisten. Ein Wirtschaftsingenieur ist ein Architekt der <strong>Operative Leistung<\/strong>, Sie m\u00fcssen in der Lage sein, komplexe Abl\u00e4ufe zu modellieren, zu simulieren und zu transformieren.<\/p>\n<h3><strong>Schl\u00fcsselbereiche der Industrietechnik<\/strong><\/h3>\n<p>Die IG deckt eine Reihe von Expertisen ab, die f\u00fcr die\u2019<strong>Operative Exzellenz<\/strong> von KMU, insbesondere von solchen, die ein <strong>Lean-Manufacturing-Berater<\/strong> Adresse:<\/p>\n<h3><strong>A. Optimierung von Prozessen und Abl\u00e4ufen<\/strong><\/h3>\n<p>Das ist das Kerngesch\u00e4ft. Dazu geh\u00f6ren:<\/p>\n<ul>\n<li><strong>Das Value Flow Mapping (VSM) :<\/strong> Um den gesamten Wertsch\u00f6pfungsprozess zu visualisieren und zu analysieren und Engp\u00e4sse zu identifizieren (<strong>Bottleneck<\/strong>).<\/li>\n<li><strong>Die Einrichtung von Arbeitspl\u00e4tzen und Fabriken :<\/strong> Gestaltung von <em>lay-outs<\/em> der Fabrik, um unn\u00f6tige Bewegungen (Transport, Bewegung) zu minimieren und flie\u00dfende <strong>Gezogene Feeds<\/strong>. Ziel ist es, sicherzustellen, dass die logischen Abl\u00e4ufe so optimiert sind, dass sie den <strong>Taktzeit<\/strong>.<\/li>\n<li><strong>Standardisierung :<\/strong> Definition der optimalen Arbeitsweisen (\u00fcber die <strong>Arbeitsanweisungen<\/strong> und der <strong>Herstellungsordner<\/strong>), um Reproduzierbarkeit und Qualit\u00e4t zu gew\u00e4hrleisten.<\/li>\n<\/ul>\n<h3><strong>B. Supply Chain Management und Logistik<\/strong><\/h3>\n<p>IM ist entscheidend f\u00fcr die Gestaltung und das Management widerstandsf\u00e4higer und effizienter Lieferketten :<\/p>\n<ul>\n<li><strong>Planung :<\/strong> Festlegung der Bestandspolitik, des Beschaffungsmanagements (<strong>MRP<\/strong>) und der Dimensionierung der Partien (\u00dcbergang vom <strong>Pushed Flow<\/strong> unter <strong>Gezogener Fluss<\/strong> wenn es relevant ist).<\/li>\n<li><strong>Lagerung :<\/strong> Optimierung der Lagerhaltung, der internen Abl\u00e4ufe und der Kommissionierungsstrategien (<em>picking<\/em>).<\/li>\n<\/ul>\n<h3><strong>C. Leistungsmessung und Qualit\u00e4tskontrolle<\/strong><\/h3>\n<p>Der Wirtschaftsingenieur ist besessen vom Messen und Analysieren :<\/p>\n<ul>\n<li><strong>KPIs :<\/strong> Einsatz und \u00dcberwachung von Schl\u00fcsselindikatoren wie <strong>TRS (Synthetische Ertragsrate)<\/strong>, Die Anzahl der Mitarbeiter, die in einem Unternehmen besch\u00e4ftigt sind, wird durch die Anzahl der Mitarbeiter, die in einem Unternehmen besch\u00e4ftigt sind, bestimmt.<\/li>\n<li><strong>Kontinuierliche Verbesserung (KAIZEN) :<\/strong> Verwendung von Methoden wie <strong>Six Sigma<\/strong> und <strong>DMAIC<\/strong> zur Verringerung der Variabilit\u00e4t (Qualit\u00e4tsverbesserung) und die Anwendung der <strong>Root Cause Analysis (RCA)<\/strong> um Probleme dauerhaft zu l\u00f6sen.<\/li>\n<\/ul>\n<h3><strong>D. Industrialisierung und Systemtechnik<\/strong><\/h3>\n<ul>\n<li><strong>Gestaltung von Produktionssystemen :<\/strong> Von der F&amp;E-Phase bis zur <strong>Serienproduktion<\/strong>, Der IM stellt sicher, dass das Produkt so gestaltet ist, dass es effizient hergestellt werden kann (<em>Design for Manufacturing and Assembly - DFMA<\/em>). Er ist verantwortlich f\u00fcr die Umwandlung der Spezifikationen des <strong>Technisches Pflichtenheft (CCT)<\/strong> in einen machbaren Prozess umwandeln.<\/li>\n<li><strong>Technologische Integration :<\/strong> Er spielt eine wesentliche Rolle in der <strong>Industrielle Digitalisierung<\/strong>, die Integration von Informationstechnologien in die Gesellschaft.\u2019<strong>Industrie 4.0<\/strong> (IoT, MES), um eine intelligente und vernetzte Fabrik zu schaffen.<\/li>\n<\/ul>\n<h3><strong>Wirtschaftsingenieurwesen und die Herausforderungen von Industrie 4.0<\/strong><\/h3>\n<p>Das Aufkommen der\u2019<strong>Industrie 4.0<\/strong> hat die Rolle des Industrial Engineering auf eine strategische Ebene gehoben. Der moderne Wirtschaftsingenieur verwaltet nicht mehr nur die physische Werkstatt, sondern auch deren <strong>Digitaler Zwilling<\/strong> (Digital Twin).<\/p>\n<ul>\n<li><strong>Umgang mit Komplexit\u00e4t :<\/strong> Die Explosion der Daten (<em>Big Data<\/em>) aus den Sensoren <strong>IoT<\/strong> erfordert F\u00e4higkeiten in der Datenanalyse (<strong>Machine Learning<\/strong>, <strong>IA<\/strong>), um verwertbare Informationen zu extrahieren und in Echtzeit Entscheidungen zu treffen, die das System optimieren.<\/li>\n<li><strong>Cybersicherheit und Systeme :<\/strong> Durch die Vernetzung von Systemen (ERP, MES, SCADA) ist das Unternehmen neuen Risiken ausgesetzt. Der IM sorgt daf\u00fcr, dass die Effizienz nicht durch die Anf\u00e4lligkeit der digitalen Systeme beeintr\u00e4chtigt wird.<\/li>\n<li><strong>Flexibilit\u00e4t und Personalisierung :<\/strong> Die Nachfrage nach extrem personalisierten Produkten erfordert viel flexiblere Produktionssysteme, die in der Lage sind, eine gro\u00dfe Vielfalt an Artikeln in kleinen Chargen zu verarbeiten (was die Notwendigkeit des <strong>Gezogener Fluss<\/strong>).<\/li>\n<\/ul>\n<p>Abschlie\u00dfend <strong>Wirtschaftsingenieurwesen<\/strong> ist die Disziplin, die den Fertigungsunternehmen ihren Wettbewerbsvorteil verschafft, indem sie es ihnen erm\u00f6glicht, besser, schneller und billiger zu produzieren. Sie ist das wissenschaftliche Fundament, auf dem die Strategie f\u00fcr nachhaltiges Wachstum und die\u2019<strong>Operative Exzellenz<\/strong> jedes industriellen KMUs.<\/p>\n<p><!-- notionvc: 5fe9bc89-ee9f-46cc-a528-867bbd8cc6a1 --><\/p>\n<p data-start=\"3483\" data-end=\"3654\"><!-- notionvc: 55748b84-6bc7-48d1-980a-8210c919df08 --><\/p>","protected":false},"excerpt":{"rendered":"<p>Le G\u00e9nie Industriel (GI) est une discipline d&#8217;ing\u00e9nierie qui se concentre non pas sur la conception de produits physiques (comme le g\u00e9nie m\u00e9canique ou \u00e9lectrique), mais sur l&#8217;optimisation de la complexit\u00e9 des syst\u00e8mes, l\u2019optimisation des processus et des organisations. C&#8217;est l&#8217;art d&#8217;int\u00e9grer les personnes, les mat\u00e9riaux, l&#8217;information, l&#8217;\u00e9quipement et l&#8217;\u00e9nergie de mani\u00e8re coh\u00e9rente pour concevoir, [&hellip;]<\/p>\n","protected":false},"author":1,"featured_media":0,"parent":12324,"menu_order":0,"comment_status":"closed","ping_status":"closed","template":"","meta":{"_sitemap_exclude":false,"_sitemap_priority":"","_sitemap_frequency":"","footnotes":""},"definition":[99],"class_list":["post-12378","page","type-page","status-publish","hentry","definition-definition"],"jetpack_sharing_enabled":true,"_links":{"self":[{"href":"https:\/\/sxe-consulting.com\/de\/wp-json\/wp\/v2\/pages\/12378","targetHints":{"allow":["GET"]}}],"collection":[{"href":"https:\/\/sxe-consulting.com\/de\/wp-json\/wp\/v2\/pages"}],"about":[{"href":"https:\/\/sxe-consulting.com\/de\/wp-json\/wp\/v2\/types\/page"}],"author":[{"embeddable":true,"href":"https:\/\/sxe-consulting.com\/de\/wp-json\/wp\/v2\/users\/1"}],"replies":[{"embeddable":true,"href":"https:\/\/sxe-consulting.com\/de\/wp-json\/wp\/v2\/comments?post=12378"}],"version-history":[{"count":0,"href":"https:\/\/sxe-consulting.com\/de\/wp-json\/wp\/v2\/pages\/12378\/revisions"}],"up":[{"embeddable":true,"href":"https:\/\/sxe-consulting.com\/de\/wp-json\/wp\/v2\/pages\/12324"}],"wp:attachment":[{"href":"https:\/\/sxe-consulting.com\/de\/wp-json\/wp\/v2\/media?parent=12378"}],"wp:term":[{"taxonomy":"definition","embeddable":true,"href":"https:\/\/sxe-consulting.com\/de\/wp-json\/wp\/v2\/definition?post=12378"}],"curies":[{"name":"wp","href":"https:\/\/api.w.org\/{rel}","templated":true}]}}