{"id":12377,"date":"2025-10-06T21:28:45","date_gmt":"2025-10-06T19:28:45","guid":{"rendered":"https:\/\/sxe-consulting.com\/?page_id=12377"},"modified":"2025-10-06T21:28:45","modified_gmt":"2025-10-06T19:28:45","slug":"drosselhals-bottleneck","status":"publish","type":"page","link":"https:\/\/sxe-consulting.com\/de\/glossaire-industriel\/goulot-detranglement-bottleneck\/","title":{"rendered":"Erdrosselungshals (Bottleneck)."},"content":{"rendered":"<p>Das Konzept von <strong>Erdrosselungshals (Bottleneck)<\/strong> ist grundlegend f\u00fcr die Analyse von Produktions- und Dienstleistungssystemen. Er bezeichnet die Ressource (eine Maschine, ein Arbeitsplatz, ein Bediener oder auch ein Validierungsschritt), deren Kapazit\u00e4t <strong>niedriger als die Nachfrage<\/strong> die ihm unterworfen ist. Er ist der Zwang, der das Tempo des gesamten Systems vorgibt.<\/p>\n<p><!--more--><\/p>\n<p><strong>Vertiefte Definition :<\/strong> Ein Flaschenhals ist das langsamste oder eingeschr\u00e4nkteste Glied in einer Prozesskette. Er erzeugt einen Stau oder eine Warteschlange (<strong>Pufferlager<\/strong>) im vorgelagerten Bereich und verlangsamt den gesamten Produktionsfluss im nachgelagerten Bereich. Nach der <strong>Theory of Constraints (TOC)<\/strong> die von Eliyahu Goldratt entwickelt wurde, wird die Gesamtleistung eines Unternehmens durch die Leistung dieses Flaschenhalses begrenzt. Erkennen und effektives Management des <em>Bottleneck<\/em> ist daher die oberste Priorit\u00e4t jeder\u2019<strong>Operative Exzellenz<\/strong> und von <strong>Wirtschaftsingenieurwesen<\/strong>.<\/p>\n<h3><strong>Negative Auswirkungen auf die betriebliche Leistung<\/strong><\/h3>\n<p>Ein nicht beherrschter Flaschenhals hat direkte und kostspielige Auswirkungen auf die <strong>KPI<\/strong> des Unternehmens :<\/p>\n<ol>\n<li><strong>Verringerung des Durchsatzes (Throughput) :<\/strong> Der Flaschenhals diktiert die <strong>maximale Kadenz<\/strong> der gesamten Linie zu erreichen. Unabh\u00e4ngig von der Geschwindigkeit der anderen Schritte kann die endg\u00fcltige Produktion die Kapazit\u00e4t dieses eingeschr\u00e4nkten Schritts nicht \u00fcberschreiten. Dies begrenzt die <strong>TRS (Synthetische Ertragsrate)<\/strong> global der Fabrik.<\/li>\n<li><strong>Erh\u00f6hung der Best\u00e4nde und Kosten (Muda) :<\/strong> Der Bereich oberhalb des Flaschenhalses sammelt <strong>Vorr\u00e4te in Arbeit (WIP)<\/strong>, Der Grund daf\u00fcr ist, dass die vorherigen Stufen schneller produzieren, als der Flaschenhals verbrauchen kann. Diese Vorr\u00e4te binden Kapital (BFR), erh\u00f6hen das Risiko der Veralterung und verl\u00e4ngern die Laufzeit erheblich. <strong>\u00dcberfahrtszeit (<em>Lead Time<\/em>)<\/strong>.<\/li>\n<li><strong>Nichteinhaltung der Taktzeit :<\/strong> Der Flaschenhals verhindert, dass sich die Fabrik an den Rhythmus der Kundennachfrage anpasst (<strong>Taktzeit<\/strong>), gef\u00e4hrdet die Einrichtung eines <strong>Pull-Fluss (Pull System)<\/strong>.<\/li>\n<li><strong>Operativer Stress :<\/strong> Die Teams vor dem Flaschenhals f\u00fchlen sich unter Druck gesetzt, die Produktion zu \u201cpushen\u201d, w\u00e4hrend der Bediener des Flaschenhalses unter dem st\u00e4ndigen Druck steht, nie aufzuh\u00f6ren, was zu einer ineffizienten und stressigen Arbeitsumgebung f\u00fchrt.<\/li>\n<\/ol>\n<h3><strong>Methoden zur Identifizierung und Verwaltung von Einschr\u00e4nkungen (TOC)<\/strong><\/h3>\n<p>Der Ansatz von <strong>SXE Consulting<\/strong> st\u00fctzt sich auf die <strong>Theory of Constraints (TOC)<\/strong> um den Engpass in f\u00fcnf Schl\u00fcsselschritten zu bew\u00e4ltigen:<\/p>\n<h3><strong>1. Identifizieren Sie die Einschr\u00e4nkung<\/strong><\/h3>\n<p>In einem komplexen System kann der Flaschenhals beweglich sein oder durch Vorr\u00e4te verdeckt werden. Die <strong>digitale Transformation Industrie<\/strong> (\u00fcber den <strong>MEINE<\/strong> und die\u2019<strong>IoT<\/strong>) ist daf\u00fcr entscheidend geworden, indem es genaue Zykluszeit- und Nutzungsdaten in Echtzeit liefert. Die Abbildung von Wertstr\u00f6men (<strong>Value Stream Mapping - VSM<\/strong>) erm\u00f6glicht auch die Visualisierung von Bestandsanh\u00e4ufungen, die einen <em>Bottleneck<\/em>.<\/p>\n<h3><strong>2. Den Zwang ausnutzen<\/strong><\/h3>\n<p>Einmal identifiziert, ist die goldene Regel, dass der Flaschenhals <strong>ist nie arbeitslos<\/strong>.<\/p>\n<ul>\n<li>Ausf\u00e4lle vermeiden (verst\u00e4rkte vorbeugende Wartung).<\/li>\n<li>Sicherstellung der Versorgung mit Rohstoffen und <strong>Fertigungsunterlagen<\/strong> vollst\u00e4ndig.<\/li>\n<li>Lassen Sie ihn nur gepr\u00fcfte und konforme Teile bearbeiten (verst\u00e4rkte Qualit\u00e4tskontrolle im Vorfeld).<\/li>\n<li>Entlasten Sie den Flaschenhalsbediener von Nebenaufgaben (z. B. Reinigung, Versorgung).<\/li>\n<\/ul>\n<h3><strong>3. Ordnen Sie alle anderen Ressourcen der Einschr\u00e4nkung unter.<\/strong><\/h3>\n<p>Alle Schritte, die nicht der Flaschenhals sind, m\u00fcssen ihr Tempo anpassen, um <strong>den Flaschenhals in seinem genauen Rhythmus f\u00fcttern<\/strong>, ohne zu \u00fcberproduzieren. Es ist nicht n\u00f6tig, dass die vorgelagerte Station mehr produziert, als der Flaschenhals aufnehmen kann. Dadurch werden unn\u00f6tige laufende Best\u00e4nde abgebaut.<\/p>\n<h3><strong>4. Erh\u00f6hen Sie die Kapazit\u00e4t der Belastung<\/strong><\/h3>\n<p>Erst wenn man die Einschr\u00e4nkung optimiert und ausgenutzt hat, sollte man investieren, um <strong>seine Kapazit\u00e4t erh\u00f6hen<\/strong>. Zu den Aktionen k\u00f6nnen geh\u00f6ren :<\/p>\n<ul>\n<li>Verbesserung der Arbeitsmethoden (Verk\u00fcrzung der Einrichtungszeiten -. <strong>SMED<\/strong>).<\/li>\n<li>Investition in eine schnellere Maschine oder ein besseres Werkzeug.<\/li>\n<li>Hinzuf\u00fcgen von menschlichen Ressourcen oder Automatisierung.<\/li>\n<\/ul>\n<h3><strong>5. Tr\u00e4gheit nicht zulassen<\/strong><\/h3>\n<p>Wenn die Kapazit\u00e4t des Flaschenhalses hoch ist, wird sich die Spannung wahrscheinlich an eine andere Stelle verlagern. Der Prozess muss von vorne begonnen werden (<strong>Kontinuierliche Verbesserung - KAIZEN<\/strong>), um die <strong>neue<\/strong> Zwang und nutzt ihn seinerseits aus.<\/p>\n<h3><strong>Die Herausforderung des Flaschenhalses in der Industrietechnik<\/strong><\/h3>\n<p>Der Flaschenhals ist der st\u00e4rkste Hebelpunkt f\u00fcr ein Fertigungsunternehmen. Verwalten eines <em>Bottleneck<\/em> strategisch zu nutzen, steigert nicht nur die Produktivit\u00e4t, sondern auch die <strong>die Betriebskosten senken<\/strong> und die Verbesserung der <strong>Flexibilit\u00e4t<\/strong>. Wenn man sich auf diesen einen Punkt konzentriert, kann man schnell bedeutende Ergebnisse erzielen, die den Einsatz eines Experten voll und ganz rechtfertigen in <strong>Industrielle Leistung<\/strong>.<\/p>\n<p><!-- notionvc: d593a06c-430a-4d3d-8d34-2f0096cb42be --><\/p>\n<p data-start=\"3483\" data-end=\"3654\"><!-- notionvc: 55748b84-6bc7-48d1-980a-8210c919df08 --><\/p>","protected":false},"excerpt":{"rendered":"<p>Le concept de Goulot d\u2019\u00c9tranglement (Bottleneck) est fondamental dans l&#8217;analyse des syst\u00e8mes de production et de services. Il d\u00e9signe la ressource (une machine, un poste de travail, un op\u00e9rateur, ou m\u00eame une \u00e9tape de validation) dont la capacit\u00e9 est inf\u00e9rieure \u00e0 la demande qui lui est soumise. Il est la contrainte qui dicte le rythme [&hellip;]<\/p>\n","protected":false},"author":1,"featured_media":0,"parent":12324,"menu_order":0,"comment_status":"closed","ping_status":"closed","template":"","meta":{"_sitemap_exclude":false,"_sitemap_priority":"","_sitemap_frequency":"","footnotes":""},"definition":[99],"class_list":["post-12377","page","type-page","status-publish","hentry","definition-definition"],"jetpack_sharing_enabled":true,"_links":{"self":[{"href":"https:\/\/sxe-consulting.com\/de\/wp-json\/wp\/v2\/pages\/12377","targetHints":{"allow":["GET"]}}],"collection":[{"href":"https:\/\/sxe-consulting.com\/de\/wp-json\/wp\/v2\/pages"}],"about":[{"href":"https:\/\/sxe-consulting.com\/de\/wp-json\/wp\/v2\/types\/page"}],"author":[{"embeddable":true,"href":"https:\/\/sxe-consulting.com\/de\/wp-json\/wp\/v2\/users\/1"}],"replies":[{"embeddable":true,"href":"https:\/\/sxe-consulting.com\/de\/wp-json\/wp\/v2\/comments?post=12377"}],"version-history":[{"count":0,"href":"https:\/\/sxe-consulting.com\/de\/wp-json\/wp\/v2\/pages\/12377\/revisions"}],"up":[{"embeddable":true,"href":"https:\/\/sxe-consulting.com\/de\/wp-json\/wp\/v2\/pages\/12324"}],"wp:attachment":[{"href":"https:\/\/sxe-consulting.com\/de\/wp-json\/wp\/v2\/media?parent=12377"}],"wp:term":[{"taxonomy":"definition","embeddable":true,"href":"https:\/\/sxe-consulting.com\/de\/wp-json\/wp\/v2\/definition?post=12377"}],"curies":[{"name":"wp","href":"https:\/\/api.w.org\/{rel}","templated":true}]}}