{"id":12376,"date":"2025-10-06T21:43:48","date_gmt":"2025-10-06T19:43:48","guid":{"rendered":"https:\/\/sxe-consulting.com\/?page_id=12376"},"modified":"2025-10-06T21:43:48","modified_gmt":"2025-10-06T19:43:48","slug":"digital-twin-definition","status":"publish","type":"page","link":"https:\/\/sxe-consulting.com\/de\/glossaire-industriel\/digital-twin-definition\/","title":{"rendered":"Digitaler Zwilling (Digital Twin) - Definition"},"content":{"rendered":"<p>Die <strong>Digitaler Zwilling (Digital Twin)<\/strong> ist eine der strategischsten Innovationen der\u2019<strong>Industrie 4.0<\/strong>. Es stellt eine dynamische, virtuelle Echtzeit-Replik einer physischen Einheit dar (Produkt, Ausr\u00fcstung, Produktionslinie, komplette Fabrik oder sogar ein System von <strong>Lieferkette<\/strong>).<\/p>\n<p><!--more--><\/p>\n<p><strong>Vertiefte Definition :<\/strong> Ein Digitaler Zwilling ist ein hochentwickeltes Computermodell, das <strong>durchgehend verbunden<\/strong> zu seinem physischen Gegenst\u00fcck dank der Daten, die von der\u2019<strong>IoT (Internet der Dinge)<\/strong>. Es handelt sich nicht einfach um ein statisches 3D-Modell, sondern um ein intelligentes System, das in der Lage ist <strong>das Verhalten, den Zustand und die Leistung simulieren<\/strong> des realen Objekts. Durch die Verarbeitung von Echtzeitdaten (Vibrationen, Temperatur, Zykluszeiten usw.) kann der Digitale Zwilling Probleme vorhersagen, die Auswirkungen von \u00c4nderungen bewerten und Abl\u00e4ufe optimieren, ohne jemals das physische System zu st\u00f6ren.<\/p>\n<h3><strong>Die drei S\u00e4ulen der Digital Twin-Architektur<\/strong><\/h3>\n<p>Die Einrichtung eines Digitalen Zwillings beruht auf der Verbindung von drei Hauptkomponenten:<\/p>\n<ol>\n<li><strong>Die Physische Einheit :<\/strong> Das tats\u00e4chliche Produkt, der Verm\u00f6genswert oder der Prozess, den man modellieren und optimieren m\u00f6chte. Es ist die Datenquelle.<\/li>\n<li><strong>Die Verbindung (IoT und Big Data) :<\/strong> Die Infrastruktur (Sensoren <strong>IoT<\/strong>, Industrie-Netzwerke, Plattformen <strong>Big Data<\/strong>), das die bidirektionale Daten\u00fcbertragung in Echtzeit zwischen dem physischen Objekt und seinem virtuellen Modell sicherstellt. Diese Verbindung ist f\u00fcr die Genauigkeit und Relevanz des Zwillings von entscheidender Bedeutung.<\/li>\n<li><strong>Das virtuelle Modell (Software und KI) :<\/strong> Die digitale Nachbildung, die Algorithmen zur Simulation, physikalischen Modellierung und\u2019<strong>K\u00fcnstliche Intelligenz (KI)<\/strong> um Daten zu verarbeiten, Vorhersagen zu treffen und verwertbare Informationen zu liefern.<\/li>\n<\/ol>\n<h3><strong>Strategische Anwendungen f\u00fcr betriebliche Exzellenz<\/strong><\/h3>\n<p>F\u00fcr <strong>SXE Consulting<\/strong>, Die Integration der Digitalen Zwillinge erm\u00f6glicht es kleinen und mittleren Unternehmen (KMU), eine neue Stufe der Wettbewerbsf\u00e4higkeit zu erreichen.\u2019<strong>Operative Exzellenz<\/strong> :<\/p>\n<h3><strong>A. Beschleunigte Konzeption und Industrialisierung<\/strong><\/h3>\n<ul>\n<li><strong>Virtuelle Validierung :<\/strong> Vor dem kostspieligen Schritt der\u2019<strong>Industrialisierung<\/strong>, Ein Digitaler Zwilling des neuen Produkts und seiner Produktionslinie erm\u00f6glicht es den Ingenieuren des Unternehmens, das Produkt zu entwickeln. <strong>Wirtschaftsingenieurwesen<\/strong> Millionen von Produktionsszenarien zu simulieren. Dies erm\u00f6glicht die Validierung des <strong>Herstellungsordner<\/strong>, Sie k\u00f6nnen die Risiken der Nicht-Qualit\u00e4t identifizieren, die Qualit\u00e4t des Produkts optimieren und die Qualit\u00e4t des Produkts verbessern. <em>layout<\/em> zu erreichen und sicherzustellen, dass der <strong>Taktzeit<\/strong> erforderlich.<\/li>\n<li><strong>Risikoreduzierung :<\/strong> Teure und zeitaufw\u00e4ndige Tests an physischen Prototypen werden minimiert, wodurch sich die <em>Time-to-Market<\/em> und die Kosten f\u00fcr die Einf\u00fchrung neuer Produkte.<\/li>\n<\/ul>\n<h3><strong>B. Leistungsoptimierung und Vorhersage<\/strong><\/h3>\n<ul>\n<li><strong>Advanced Predictive Maintenance :<\/strong> Der Digitale Zwilling ist die fortschrittlichste Form der vorausschauenden Wartung. Er kann nicht nur den Ausfall vorhersagen, sondern auch die Auswirkungen eines Ausfalls auf die gesamte Linie (Ausbreitung des Fehlers) oder die Wirksamkeit verschiedener Reparaturstrategien simulieren. Es hilft bei der Identifizierung und dynamischen Verwaltung von <strong>Erdrosselnde Flaschenh\u00e4lse (Bottleneck)<\/strong>.<\/li>\n<li><strong>Echtzeit-Optimierung :<\/strong> Sie erm\u00f6glicht es, \u00c4nderungen der Betriebsparameter (Geschwindigkeit, Temperatur, Zusammensetzung) virtuell zu testen und die beste Einstellung auf das physische Aktivum anzuwenden, um die <strong>TRS (Synthetische Ertragsrate)<\/strong> ohne ein Risiko f\u00fcr die tats\u00e4chliche Produktion einzugehen.<\/li>\n<\/ul>\n<h3><strong>C. Ausbildung und Ver\u00e4nderungsmanagement<\/strong><\/h3>\n<ul>\n<li><strong>Immersive Training :<\/strong> Der Digitale Zwilling kann als realistischer Trainingssimulator f\u00fcr die Bediener dienen. Sie k\u00f6nnen komplexe Verfahren oder Notfallsituationen ohne jegliche Gefahr und ohne Mobilisierung der echten Produktionsmaschine \u00fcben.<\/li>\n<li><strong>Vorbereitung auf Ver\u00e4nderungen :<\/strong> Wenn eine \u00c4nderung an einem Prozess erforderlich ist (verbunden mit der\u2019<strong>Kontinuierliche Verbesserung - KAIZEN<\/strong>), wird sie zun\u00e4chst auf dem Digitalen Zwilling getestet und validiert, wodurch die Ausfallzeit der Produktionslinie minimiert wird.<\/li>\n<\/ul>\n<h3><strong>Der Digitale Zwilling als strategisches Instrument zur Steigerung der Wettbewerbsf\u00e4higkeit<\/strong><\/h3>\n<p>Der Digitale Zwilling ist mehr als ein Simulationswerkzeug; er ist ein strategisches Asset, das dem Unternehmen einen wichtigen Wettbewerbsvorteil verschafft: die F\u00e4higkeit, optimale Entscheidungen nicht allein auf der Grundlage von Intuition oder historischen Daten zu treffen, sondern auf der Grundlage einer <strong>nahezu perfekte Vorhersage<\/strong> der Zukunft ihres physischen Systems. Es ist von entscheidender Bedeutung f\u00fcr Unternehmen, die ihr Modell von <strong>Pushed Flow<\/strong> zu einem <strong>Gezogener Fluss<\/strong> komplex und hochgradig reaktionsf\u00e4hig.<\/p>\n<p><!-- notionvc: cd590e83-d77f-40e6-931f-b0226132e324 --><\/p>","protected":false},"excerpt":{"rendered":"<p>Le Jumeau Num\u00e9rique (Digital Twin) est l&#8217;une des innovations les plus strat\u00e9giques de l&#8217;Industrie 4.0. Il repr\u00e9sente une r\u00e9plique virtuelle dynamique et en temps r\u00e9el d&#8217;une entit\u00e9 physique (produit, \u00e9quipement, ligne de production, usine compl\u00e8te, ou m\u00eame un syst\u00e8me de Supply Chain).<\/p>","protected":false},"author":1,"featured_media":0,"parent":12324,"menu_order":0,"comment_status":"closed","ping_status":"closed","template":"","meta":{"_sitemap_exclude":false,"_sitemap_priority":"","_sitemap_frequency":"","footnotes":""},"definition":[99],"class_list":["post-12376","page","type-page","status-publish","hentry","definition-definition"],"jetpack_sharing_enabled":true,"_links":{"self":[{"href":"https:\/\/sxe-consulting.com\/de\/wp-json\/wp\/v2\/pages\/12376","targetHints":{"allow":["GET"]}}],"collection":[{"href":"https:\/\/sxe-consulting.com\/de\/wp-json\/wp\/v2\/pages"}],"about":[{"href":"https:\/\/sxe-consulting.com\/de\/wp-json\/wp\/v2\/types\/page"}],"author":[{"embeddable":true,"href":"https:\/\/sxe-consulting.com\/de\/wp-json\/wp\/v2\/users\/1"}],"replies":[{"embeddable":true,"href":"https:\/\/sxe-consulting.com\/de\/wp-json\/wp\/v2\/comments?post=12376"}],"version-history":[{"count":0,"href":"https:\/\/sxe-consulting.com\/de\/wp-json\/wp\/v2\/pages\/12376\/revisions"}],"up":[{"embeddable":true,"href":"https:\/\/sxe-consulting.com\/de\/wp-json\/wp\/v2\/pages\/12324"}],"wp:attachment":[{"href":"https:\/\/sxe-consulting.com\/de\/wp-json\/wp\/v2\/media?parent=12376"}],"wp:term":[{"taxonomy":"definition","embeddable":true,"href":"https:\/\/sxe-consulting.com\/de\/wp-json\/wp\/v2\/definition?post=12376"}],"curies":[{"name":"wp","href":"https:\/\/api.w.org\/{rel}","templated":true}]}}