{"id":12368,"date":"2025-10-06T15:56:02","date_gmt":"2025-10-06T13:56:02","guid":{"rendered":"https:\/\/sxe-consulting.com\/?page_id=12368"},"modified":"2025-10-06T15:56:02","modified_gmt":"2025-10-06T13:56:02","slug":"operative-exzellenz","status":"publish","type":"page","link":"https:\/\/sxe-consulting.com\/de\/glossaire-industriel\/excellence-operationnelle\/","title":{"rendered":"Operative Exzellenz"},"content":{"rendered":"<p>L\u2019<strong>Operative Exzellenz (OE)<\/strong> ist nicht einfach ein Werkzeugkasten, sondern eine strategische Managementphilosophie, die darauf abzielt, die Gesamtleistung einer Organisation nachhaltig zu verbessern. Sie umfasst eine Reihe von Prinzipien, Methoden und Managementsystemen, die zusammenarbeiten, um den gr\u00f6\u00dftm\u00f6glichen Kundennutzen zu den geringsten Kosten und mit den wenigsten Ressourcen zu erzielen.<\/p>\n<p><!--more--><\/p>\n<p><strong>Vertiefte Definition :<\/strong> Operative Exzellenz ist ein systemischer Ansatz, der Perfektion in der t\u00e4glichen Ausf\u00fchrung aller Unternehmensprozesse anstrebt. Durch eine starke Anlehnung an die Prinzipien des <strong>Lean Management<\/strong>, von <strong>Six Sigma<\/strong>, und der <strong>Change Management<\/strong>, Sie zielt darauf ab <strong>alle Verschwendungen beseitigen<\/strong> (<em>Muda<\/em>), \u00e0 <strong>die Variabilit\u00e4t verringern<\/strong> von Prozessen, und zu <strong>den Fluss der Str\u00f6me verbessern<\/strong> Wertsch\u00f6pfungskette, von der Kundenbestellung bis zur Lieferung und zum Kundendienst. Sie konzentriert sich auf das Engagement jedes einzelnen Mitarbeiters in einer Kultur der\u2019<strong>Kontinuierliche Verbesserung (KAIZEN)<\/strong>.<\/p>\n<h3><strong>Die drei grundlegenden S\u00e4ulen der operativen Exzellenz<\/strong><\/h3>\n<p>Um eine nachhaltige Leistung zu erreichen, beruht EO auf drei untrennbaren S\u00e4ulen, n\u00e4mlich <strong>SXE Consulting<\/strong> hilft seinen Klienten bei der Umsetzung :<\/p>\n<h3><strong>A. Die Optimierung von Prozessen (Lean und Six Sigma)<\/strong><\/h3>\n<ul>\n<li><strong>Lean Management :<\/strong> Konzentriert sich auf die <strong>flie\u00dfende Abl\u00e4ufe<\/strong> und die\u2019<strong>Beseitigung von Verschwendung<\/strong> (\u00dcberproduktion, Wartezeiten, unn\u00f6tige Transporte, Lagerbest\u00e4nde, Bewegungen, Fehler, \u00dcberbearbeitung). Zu den Schl\u00fcsselwerkzeugen geh\u00f6ren das <strong>Value Stream Mapping (VSM)<\/strong> um Wertstr\u00f6me und Baustellen zu kartografieren <strong>5S<\/strong> f\u00fcr die Organisation des Arbeitsbereichs.<\/li>\n<li><strong>Six Sigma :<\/strong> Fokussiert auf die <strong>Verringerung der Variabilit\u00e4t<\/strong> der Prozesse zu verbessern. Ziel ist es, ein Qualit\u00e4tsniveau anzustreben, bei dem Fehler extrem selten sind (3,4 Fehler pro Million Gelegenheiten). Die Methodik <strong>DMAIC<\/strong> (Definieren, Messen, Analysieren, Innovieren, Kontrollieren) ist das R\u00fcckgrat dieses Ansatzes. EO verschmilzt diese beiden Ans\u00e4tze oft zu einer Produktion, die sowohl <strong>schnell (Lean)<\/strong> und <strong>zuverl\u00e4ssig (Six Sigma)<\/strong>.<\/li>\n<\/ul>\n<h3><strong>B. Visuelles Management und Standardisierung<\/strong><\/h3>\n<ul>\n<li><strong>Standardisierung :<\/strong> Schaffung und rigorose Anwendung von bew\u00e4hrten Arbeitsmethoden, die h\u00e4ufig formalisiert werden im <strong>Herstellungsordner<\/strong> und die <strong>Arbeitsanweisungen<\/strong>. Die Standardisierung ist die Grundlage f\u00fcr Verbesserungen, denn nur was standardisiert ist, kann verbessert werden. Sie ist der Garant f\u00fcr die <strong>Qualit\u00e4t<\/strong> und der <strong>Wiederholbarkeit<\/strong> der <strong>Serienproduktion<\/strong>.<\/li>\n<li><strong>Visuelles Management :<\/strong> Berichten Sie \u00fcber den Stand der Operationen und der Leistung (die <strong>KPI<\/strong> wie der <strong>TRS<\/strong>) sofort f\u00fcr alle sichtbar, am Arbeitsplatz (<em>Gemba<\/em>). Dies erm\u00f6glicht es den Teams, schnell auf Anomalien und Abweichungen vom Standard zu reagieren, und st\u00e4rkt so die\u2019<strong>Autonomie des Operators<\/strong>.<\/li>\n<\/ul>\n<h3><strong>C. Kompetenzentwicklung und kulturelles Engagement<\/strong><\/h3>\n<ul>\n<li><strong>KAIZEN-Kultur :<\/strong> EO ist in erster Linie eine menschliche Angelegenheit. Sie erfordert eine Kultur, in der jeder Mitarbeiter, vom Gesch\u00e4ftsf\u00fchrer bis zum Anlagenbediener, darin geschult ist, Probleme zu erkennen und L\u00f6sungen vorzuschlagen (die\u2019<strong>Kontinuierliche Verbesserung<\/strong>).<\/li>\n<li><strong>Probleml\u00f6sung :<\/strong> Verwendung strukturierter Methoden wie <strong>PDCA<\/strong> (Plan-Do-Check-Act) und die <strong>Root Cause Analysis (RCA)<\/strong> um die eigentlichen Ursachen der Probleme zu bek\u00e4mpfen und nicht nur die Symptome.<\/li>\n<li><strong>Leadership :<\/strong> Notwendigkeit einer F\u00fchrung, die die Eigeninitiative und das Verantwortungsbewusstsein der Teams aktiv unterst\u00fctzt und f\u00f6rdert.<\/li>\n<\/ul>\n<h3><strong>Die entscheidende Verbindung zur industriellen Digitalisierung<\/strong><\/h3>\n<p>Im Zusammenhang mit der\u2019<strong>Industrie 4.0<\/strong>, <strong>die digitale Transformation von Unternehmen<\/strong> wird zu einem m\u00e4chtigen Beschleuniger der betrieblichen Exzellenz.<\/p>\n<ol>\n<li><strong>Pr\u00e4zise Messung :<\/strong> L\u2019<strong>IoT<\/strong> erm\u00f6glicht die Erfassung von Leistungsdaten (Zykluszeiten, Ausfallzeiten usw.) in Echtzeit und bietet damit eine Messung der <strong>KPI<\/strong> (wie das <strong>TRS<\/strong>) viel genauer als manuelle Methoden. Diese Daten sind der Treibstoff f\u00fcr die EO.<\/li>\n<li><strong>Vorausschauende Wartung :<\/strong> L\u2019<strong>IA<\/strong> und der <strong>Machine Learning<\/strong> erm\u00f6glichen den \u00dcbergang von einer vorbeugenden (zeitbasierten) Wartung zu einer <strong>vorausschauende Wartung<\/strong> (zustandsbasiert), reduziert ungeplante Ausfallzeiten und steigert die Effizienz des <strong>Wirtschaftsingenieurwesen<\/strong>.<\/li>\n<li><strong>Optimierte Pull-Feeds :<\/strong> Die Systeme <strong>MEINE<\/strong> (Manufacturing Execution System) erm\u00f6glichen die Verwaltung von Fertigungsauftr\u00e4gen in Echtzeit und erleichtern so die Einrichtung und Aufrechterhaltung einer Produktion in Echtzeit. <strong>Gezogener Fluss<\/strong>, Dies f\u00fchrt zu einer Minimierung der Lagerbest\u00e4nde.<\/li>\n<\/ol>\n<h3><strong>Operative Exzellenz und Wettbewerbsvorteile<\/strong><\/h3>\n<p>Letztendlich verleiht die Operative Exzellenz einen wichtigen Wettbewerbsvorteil :<\/p>\n<ul>\n<li><strong>Reaktivit\u00e4t Kunde :<\/strong> Die F\u00e4higkeit, schnell und qualitativ hochwertig auf Marktanforderungen zu reagieren.<\/li>\n<li><strong>Kosten senken :<\/strong> Die Kostensenkungen, die sich aus der Beseitigung von Verschwendung und der Verbesserung der Effizienz ergeben, k\u00f6nnen 15 bis 30 % der Produktionskosten betragen.<\/li>\n<li><strong>Wertsch\u00f6pfung :<\/strong> Sie erm\u00f6glicht es dem Unternehmen, sich auf das zu konzentrieren, was der Kunde tats\u00e4chlich zu zahlen bereit ist, und garantiert so die Nachhaltigkeit und das Wachstum des Gesch\u00e4fts.<\/li>\n<\/ul>\n<p data-start=\"3483\" data-end=\"3654\"><!-- notionvc: 9fe346ef-5cba-4711-9371-f0bf836aaa7f --><\/p>","protected":false},"excerpt":{"rendered":"<p>L&#8217;Excellence Op\u00e9rationnelle (EO) n&#8217;est pas une simple bo\u00eete \u00e0 outils, mais une philosophie de gestion strat\u00e9gique visant \u00e0 am\u00e9liorer durablement la performance globale d&#8217;une organisation. Elle englobe un ensemble de principes, de m\u00e9thodologies et de syst\u00e8mes de gestion qui travaillent ensemble pour offrir la plus grande valeur possible au client, au co\u00fbt le plus faible [&hellip;]<\/p>\n","protected":false},"author":1,"featured_media":0,"parent":12324,"menu_order":0,"comment_status":"closed","ping_status":"closed","template":"","meta":{"_sitemap_exclude":false,"_sitemap_priority":"","_sitemap_frequency":"","footnotes":""},"definition":[99],"class_list":["post-12368","page","type-page","status-publish","hentry","definition-definition"],"jetpack_sharing_enabled":true,"_links":{"self":[{"href":"https:\/\/sxe-consulting.com\/de\/wp-json\/wp\/v2\/pages\/12368","targetHints":{"allow":["GET"]}}],"collection":[{"href":"https:\/\/sxe-consulting.com\/de\/wp-json\/wp\/v2\/pages"}],"about":[{"href":"https:\/\/sxe-consulting.com\/de\/wp-json\/wp\/v2\/types\/page"}],"author":[{"embeddable":true,"href":"https:\/\/sxe-consulting.com\/de\/wp-json\/wp\/v2\/users\/1"}],"replies":[{"embeddable":true,"href":"https:\/\/sxe-consulting.com\/de\/wp-json\/wp\/v2\/comments?post=12368"}],"version-history":[{"count":0,"href":"https:\/\/sxe-consulting.com\/de\/wp-json\/wp\/v2\/pages\/12368\/revisions"}],"up":[{"embeddable":true,"href":"https:\/\/sxe-consulting.com\/de\/wp-json\/wp\/v2\/pages\/12324"}],"wp:attachment":[{"href":"https:\/\/sxe-consulting.com\/de\/wp-json\/wp\/v2\/media?parent=12368"}],"wp:term":[{"taxonomy":"definition","embeddable":true,"href":"https:\/\/sxe-consulting.com\/de\/wp-json\/wp\/v2\/definition?post=12368"}],"curies":[{"name":"wp","href":"https:\/\/api.w.org\/{rel}","templated":true}]}}