{"id":12366,"date":"2025-10-06T15:58:37","date_gmt":"2025-10-06T13:58:37","guid":{"rendered":"https:\/\/sxe-consulting.com\/?page_id=12366"},"modified":"2025-10-06T15:58:37","modified_gmt":"2025-10-06T13:58:37","slug":"pull-system","status":"publish","type":"page","link":"https:\/\/sxe-consulting.com\/de\/glossaire-industriel\/pull-system\/","title":{"rendered":"Pull-Fluss (Pull System)"},"content":{"rendered":"<p>Die <strong>Pull-Fluss (Pull System)<\/strong> ist das Organisationsmodell f\u00fcr Produktion und Logistik, das diametral entgegengesetzt zum <strong>Pushed Flow<\/strong>. Er ist einer der Eckpfeiler des <strong>Lean Management<\/strong> und des Toyota-Produktionssystems (<strong>TPS<\/strong>), die auf die Produktion abzielt <strong>Just-in-Time (JIT)<\/strong>.<\/p>\n<p><!--more--><\/p>\n<p><strong>Vertiefte Definition :<\/strong> In einem Pull-System wird die Produktion eines Produkts oder einer Komponente erst durch einen <strong>tats\u00e4chliches Verbrauchssignal<\/strong> die von der nachgeschalteten Arbeitsstation oder von einem verbindlichen Kundenauftrag ausgegeben wird. Mit anderen Worten: Nichts wird hergestellt, bevor es gebraucht wird und wo es gebraucht wird. Dieses System legt den Schwerpunkt auf die <strong>Reaktionsf\u00e4higkeit<\/strong>, Die <strong>Flexibilit\u00e4t<\/strong> und vor allem die <strong>drastische Reduzierung von Verschwendung<\/strong> die mit Lagerbest\u00e4nden und \u00dcberproduktion verbunden sind. Es ist der (interne oder externe) Kunde, der den Wertstrom \u00abzieht\u00bb.<\/p>\n<h3><strong>Die operativen Mechanismen des Pull-Flusses<\/strong><\/h3>\n<p>Die Umsetzung eines Pull-Systems erfordert operative Disziplin und den Einsatz spezieller Werkzeuge, die ein Berater f\u00fcr digitale Transformation in seine Vorgehensweise einbezieht. <strong>Lean Manufacturing<\/strong> :<\/p>\n<h3><strong>A. Kanban: Das Herzst\u00fcck des Ziehungssignals<\/strong><\/h3>\n<p>Die <strong>Kanban<\/strong> (japanisches Wort f\u00fcr \u201cEtikett\u201d oder \u201cvisuelles Signal\u201d) ist das symboltr\u00e4chtigste Werkzeug des Flux Tir\u00e9. Es dient als Kommunikationssystem zwischen den Stationen:<\/p>\n<ol>\n<li>Die Vorw\u00e4rtsstation verbraucht Teile aus dem Pufferlager.<\/li>\n<li>Das Etikett (oder das elektronische Signal in der <strong>Industrielle Digitalisierung<\/strong>) wird entnommen und an die vorgelagerte Station gesendet.<\/li>\n<li>Dieses Signal erlaubt der vorgelagerten Station, nur die verbrauchte Menge zu produzieren. Kanban h\u00e4lt also den Lagerbestand zwischen zwei Stationen auf einem vorher festgelegten Minimum und verhindert, dass sich unn\u00f6tige Teile ansammeln.<\/li>\n<\/ol>\n<h3><strong>B. Die Nivellierte Produktion (Heijunka)<\/strong><\/h3>\n<p>Um sicherzustellen, dass der Gezogene Fluss keine Belastungsspitzen f\u00fcr die vorgelagerte Stelle erzeugt, verlangt das Lean-System eine <strong>nivellierte Produktion (Heijunka)<\/strong>. Dies bedeutet, dass die Produktion gegl\u00e4ttet wird, indem die Modelle (oder Referenzen) auf der Linie in kleinen Chargen gemischt werden, anstatt gro\u00dfe Chargen einer einzigen Referenz zu produzieren. Diese Nivellierung sorgt f\u00fcr eine stabile Arbeitsauslastung, die f\u00fcr das Erreichen des <strong>Taktzeit<\/strong>.<\/p>\n<h3><strong>C. Taktzeit: Der Kundenrhythmus<\/strong><\/h3>\n<p>Die <strong>Taktzeit<\/strong> ist die Geschwindigkeit, mit der ein Produkt hergestellt werden muss, um die Kundennachfrage zu befriedigen. Sie wird berechnet, indem die verf\u00fcgbare Arbeitszeit durch die Kundennachfrage dividiert wird. In einem Pull-Flow-System sind alle Prozesse so dimensioniert und getaktet, dass sie diese Taktzeit einhalten, wodurch sichergestellt wird, dass die Produktion perfekt mit dem Verkauf synchronisiert ist.<\/p>\n<h3><strong>Strategische Vorteile des Pull-Flusses f\u00fcr die industrielle Leistung<\/strong><\/h3>\n<p>Die Einf\u00fchrung des Pull-Flusses ver\u00e4ndert den Wettbewerbsvorteil eines Unternehmens radikal :<\/p>\n<ul>\n<li><strong>Reduzierung der Lagerbest\u00e4nde (Muda) :<\/strong> Das wichtigste Ziel. Indem nur das produziert wird, was auch verbraucht wird, werden die laufenden Best\u00e4nde minimiert (<em>WIP<\/em>) und die Best\u00e4nde an fertigen Produkten. Dadurch werden Kapital (Verringerung des Working Capital) und Platz frei.<\/li>\n<li><strong>Qualit\u00e4tsverbesserung :<\/strong> Die Reduzierung der <strong>Vorr\u00e4te Stempel<\/strong> legt Qualit\u00e4tsprobleme oder Fehlfunktionen von Maschinen sofort offen (die <strong>Erdrosselnde Flaschenh\u00e4lse<\/strong>). Wenn der Bestand niedrig ist, bringt jeder Fehler oder Ausfall die Kette schnell zum Stillstand. Dieser positive Druck zwingt das Team, Probleme an der Quelle zu l\u00f6sen (<strong>Root Cause Analysis - RCA<\/strong>) \u00fcber die\u2019<strong>Kontinuierliche Verbesserung (KAIZEN)<\/strong>. Der Pull-Feed macht Probleme sichtbar.<\/li>\n<li><strong>Reduzierung der Lead Time (\u00dcberfahrtszeit) :<\/strong> Das Produkt verbringt weniger Zeit damit, in den Pufferlagern zu warten. Die Zeit zwischen Bestellung und Lieferung wird verk\u00fcrzt, was die Kundenzufriedenheit erh\u00f6ht und die Reaktionsf\u00e4higkeit auf den Markt verbessert.<\/li>\n<li><strong>Hohe Flexibilit\u00e4t :<\/strong> Das Arbeiten in kleinen Losen (durch die Reduzierung der Werkzeugwechselzeiten, <strong>SMED<\/strong>) erm\u00f6glicht eine schnellere Anpassung der Produktionslinie an die Vielfalt der nachgefragten Produkte, im Gegensatz zum Modell von <strong>Pushed Flow<\/strong>.<\/li>\n<\/ul>\n<h3><strong>Herausforderungen und die Rolle des Industrial Engineering<\/strong><\/h3>\n<p>Der \u00dcbergang zum Pull-Feed ist komplex und erfordert eine gr\u00fcndliche Vorbereitung :<\/p>\n<ol>\n<li><strong>Verl\u00e4sslichkeit des Prozesses :<\/strong> Der Pull-Fluss toleriert keine ungeplanten Maschinenstopps. Er erfordert eine hervorragende <strong>Vorbeugende Instandhaltung<\/strong> oder <strong>Pr\u00e4diktiv<\/strong> (oft unterst\u00fctzt durch die <strong>digitale Transformation<\/strong>) und eine hohe Qualit\u00e4t gleich beim ersten Mal (<em>First Time Right<\/em>).<\/li>\n<li><strong>Beherrschung der Nachfrage :<\/strong> Eine extrem unbest\u00e4ndige Kundennachfrage kann den gesamten Flow Tir schwierig machen. Der Berater in <strong>Wirtschaftsingenieurwesen<\/strong> soll helfen, den <strong>Entkupplungspunkt<\/strong> ideal (der Punkt der <strong>Lieferkette<\/strong> bei dem der Fluss von gedr\u00fcckt zu gezogen wechselt) und die Sicherheitsbest\u00e4nde zu dimensionieren, die notwendig sind, um die Upstream-Variabilit\u00e4t aufzufangen.<\/li>\n<li><strong>Standardisierung :<\/strong> Die Prozesse m\u00fcssen perfekt standardisiert sein (\u00fcber den <strong>Herstellungsordner<\/strong>), damit das System ohne menschliche Fehler funktioniert.<\/li>\n<\/ol>\n<p>Letztendlich ist der Gezogene Fluss Ausdruck der <strong>Operative Leistung<\/strong>. Es erm\u00f6glicht dem Unternehmen, genau das zu produzieren, was der Kunde will, wann er es will, mit der h\u00f6chstm\u00f6glichen Qualit\u00e4t und bei minimalen Kapitalkosten.<\/p>\n<p data-start=\"3483\" data-end=\"3654\"><!-- notionvc: bb91c974-99a5-49da-9290-69c65578dc1e --><\/p>","protected":false},"excerpt":{"rendered":"<p>Le Flux Tir\u00e9 (Pull System) est le mod\u00e8le d&#8217;organisation de la production et de la logistique diam\u00e9tralement oppos\u00e9 au Flux Pouss\u00e9. Il constitue l&#8217;une des pierres angulaires du Lean Management et du syst\u00e8me de production Toyota (TPS), visant la production Juste-\u00e0-Temps (JIT).<\/p>","protected":false},"author":1,"featured_media":0,"parent":12324,"menu_order":0,"comment_status":"closed","ping_status":"closed","template":"","meta":{"_sitemap_exclude":false,"_sitemap_priority":"","_sitemap_frequency":"","footnotes":""},"definition":[99],"class_list":["post-12366","page","type-page","status-publish","hentry","definition-definition"],"jetpack_sharing_enabled":true,"_links":{"self":[{"href":"https:\/\/sxe-consulting.com\/de\/wp-json\/wp\/v2\/pages\/12366","targetHints":{"allow":["GET"]}}],"collection":[{"href":"https:\/\/sxe-consulting.com\/de\/wp-json\/wp\/v2\/pages"}],"about":[{"href":"https:\/\/sxe-consulting.com\/de\/wp-json\/wp\/v2\/types\/page"}],"author":[{"embeddable":true,"href":"https:\/\/sxe-consulting.com\/de\/wp-json\/wp\/v2\/users\/1"}],"replies":[{"embeddable":true,"href":"https:\/\/sxe-consulting.com\/de\/wp-json\/wp\/v2\/comments?post=12366"}],"version-history":[{"count":0,"href":"https:\/\/sxe-consulting.com\/de\/wp-json\/wp\/v2\/pages\/12366\/revisions"}],"up":[{"embeddable":true,"href":"https:\/\/sxe-consulting.com\/de\/wp-json\/wp\/v2\/pages\/12324"}],"wp:attachment":[{"href":"https:\/\/sxe-consulting.com\/de\/wp-json\/wp\/v2\/media?parent=12366"}],"wp:term":[{"taxonomy":"definition","embeddable":true,"href":"https:\/\/sxe-consulting.com\/de\/wp-json\/wp\/v2\/definition?post=12366"}],"curies":[{"name":"wp","href":"https:\/\/api.w.org\/{rel}","templated":true}]}}