{"id":12364,"date":"2025-10-06T15:52:29","date_gmt":"2025-10-06T13:52:29","guid":{"rendered":"https:\/\/sxe-consulting.com\/?page_id=12364"},"modified":"2025-10-06T15:53:59","modified_gmt":"2025-10-06T13:53:59","slug":"fertigungsunterlagen","status":"publish","type":"page","link":"https:\/\/sxe-consulting.com\/de\/glossaire-industriel\/dossier-de-fabrication\/","title":{"rendered":"Herstellungsordner"},"content":{"rendered":"<p>Die <strong>Fertigungsunterlagen (DF)<\/strong>, Die meisten von ihnen werden auch als <strong>Produktionsordner<\/strong> oder <strong>Industrie-Dossier<\/strong>, ist das wesentliche Instrument, das den erfolgreichen \u00dcbergang von der theoretischen Konzeption eines Produkts (F&amp;E) zu seiner physischen und standardisierten Herstellung in der Werkstatt sicherstellt. Sie ist der greifbare Beweis f\u00fcr die\u2019<strong>Industrialisierung<\/strong> erfolgreich.<\/p>\n<p><!--more--><\/p>\n<p><strong>Vertiefte Definition :<\/strong> Die Fertigungsakte ist eine strukturierte und umfassende Sammlung von technischen, administrativen und Qualit\u00e4tsdokumenten, die alle Informationen enth\u00e4lt, die zur Herstellung eines konformen, reproduzierbaren und kostenoptimalen Produkts erforderlich sind. Sie standardisiert den Produktionsprozess und gew\u00e4hrleistet so die <strong>R\u00fcckverfolgbarkeit<\/strong>, Die <strong>Qualit\u00e4t<\/strong>, und die Wirksamkeit der <strong>Serienproduktion<\/strong>. Dieses Dokument dient als einheitliche Referenz f\u00fcr alle Beteiligten in der Werkstatt, von den Maschinenbedienern \u00fcber die Qualit\u00e4tskontrolleure bis hin zu den Wartungstechnikern.<\/p>\n<h3><strong>Die unverzichtbaren Komponenten einer optimierten Fertigungsakte<\/strong><\/h3>\n<p>Eine vollst\u00e4ndige Fertigungsakte ist das Ergebnis einer rigorosen Verfahrenstechnik. Ihre Hauptkomponenten sind die Hebel der\u2019<strong>Operative Effizienz<\/strong> :<\/p>\n<h3><strong>A. Die Nomenklatur (Bill of Materials - BOM)<\/strong><\/h3>\n<ul>\n<li><strong>Rolle :<\/strong> Vollst\u00e4ndige Liste aller Bauteile, Rohstoffe und Unterbaugruppen, die zur Herstellung des Endprodukts ben\u00f6tigt werden.<\/li>\n<li><strong>SEO-\/Industrielle Optimierung :<\/strong> Die BOM steht in direktem Zusammenhang mit dem System <strong>ERP<\/strong> und dem Prozess der <strong>Materialbedarfsplanung (MRP)<\/strong>. Eine genaue BOM hilft, Fehlbest\u00e4nde, \u00fcberh\u00f6hte Einkaufskosten und Verz\u00f6gerungen in der Produktionskette zu vermeiden - kritische Elemente f\u00fcr einen Berater in <strong>Lieferkette<\/strong>.<\/li>\n<\/ul>\n<h3><strong>B. Pl\u00e4ne und technische Zeichnungen<\/strong><\/h3>\n<ul>\n<li><strong>Rolle :<\/strong> Detaillierte grafische Darstellungen (2D\/3D) des Produkts und seiner Komponenten. Sie beinhalten kritische Toleranzen, Ma\u00dfangaben und Anforderungen an die Endbearbeitung.<\/li>\n<li><strong>SEO-\/Industrielle Optimierung :<\/strong> Diese Dokumente sind die Referenz f\u00fcr die Qualit\u00e4tskontrolle. Die Integration der <strong>Industrielle Digitalisierung<\/strong> erm\u00f6glicht heute die Verwendung von <strong>Digitale Zwillinge<\/strong> (Digital Twins) des Produkts, wodurch eine perfekte \u00dcbereinstimmung zwischen dem Entwurf (CAD) und der Herstellung (CAM) gew\u00e4hrleistet wird.<\/li>\n<\/ul>\n<h3><strong>C. Der Prozessablauf (Process Flow)<\/strong><\/h3>\n<ul>\n<li><strong>Rolle :<\/strong> Eine sequenzielle und chronologische Beschreibung aller Arbeitsschritte, die durchgef\u00fchrt werden m\u00fcssen, um einen Rohstoff in ein Endprodukt zu verwandeln. Sie gibt die Reihenfolge der Schritte, die ben\u00f6tigten Maschinen oder Ausr\u00fcstungen und die f\u00fcr jede Aufgabe zugewiesene Zeit (Zykluszeit) an.<\/li>\n<li><strong>Optimierung von Prozessen :<\/strong> Das Sortiment ist das Herzst\u00fcck des <strong>Wirtschaftsingenieurwesen<\/strong>. Hier werden die Standards festgelegt, um das <strong>Taktzeit<\/strong> und die Leerlaufzeiten minimieren. Sie ist die Grundlage f\u00fcr jede Analyse von <strong>Value Stream Mapping (VSM)<\/strong> um Verschwendung zu identifizieren (<em>Muda<\/em>).<\/li>\n<\/ul>\n<h3><strong>D. Die Arbeitsanweisungen (Work Instructions)<\/strong><\/h3>\n<ul>\n<li><strong>Rolle :<\/strong> \u00dcberaus detaillierte, oft visuelle Dokumente (Fotos, Videos), die dem Bediener Schritt f\u00fcr Schritt erkl\u00e4ren, wie er einen bestimmten Vorgang auszuf\u00fchren hat.<\/li>\n<li><strong>Industrielle Optimierung :<\/strong> Diese Anweisungen garantieren die <strong>Standardisierung<\/strong> der Methoden (Vermeidung von Variabilit\u00e4t zwischen den Operateuren) und sind entscheidend f\u00fcr die Ausbildung und die <strong>Qualit\u00e4t<\/strong>. In einer modernen Fabrik sind diese Anweisungen oft <strong>digitalisiert<\/strong> und in Echtzeit \u00fcber den <strong>MEINE<\/strong> (Manufacturing Execution System).<\/li>\n<\/ul>\n<h3><strong>E. Die Karteikarten f\u00fcr Selbstkontrolle und Qualit\u00e4tssicherung<\/strong><\/h3>\n<ul>\n<li><strong>Rolle :<\/strong> Dokumente, die kritische Kontrollpunkte auflisten (<strong>PQC<\/strong> - Kritische Qualit\u00e4tspunkte), die zu verwendenden Messinstrumente und die zu f\u00fchrenden Aufzeichnungen, um die R\u00fcckverfolgbarkeit der Qualit\u00e4t zu gew\u00e4hrleisten.<\/li>\n<li><strong>Optimierung von Industrieprozessen :<\/strong> DF ist das Hauptinstrument zur Einhaltung von Standards <strong>ISO 9001<\/strong>. Es erm\u00f6glicht den Nachweis, dass die hergestellten Produkte <strong>automatisierte Produktionslinie<\/strong> die urspr\u00fcnglichen Spezifikationen des <strong>Technisches Pflichtenheft (CCT)<\/strong>.<\/li>\n<\/ul>\n<h3><strong>DF als Werkzeug f\u00fcr betriebliche Leistung und kontinuierliche Verbesserung<\/strong><\/h3>\n<p>F\u00fcr eine Beratungsfirma f\u00fcr betriebliche Leistung ist die Fertigungsakte ein wichtiger Hebel:<\/p>\n<ol>\n<li><strong>Reduzierung der Nicht-Qualit\u00e4t :<\/strong> Eine klare und pr\u00e4zise DF minimiert Bedienerfehler und die Notwendigkeit von Nacharbeit oder Ausschuss (nicht wertsch\u00f6pfend). Die Verwendung von Schemata <strong>Poka-Yoke<\/strong> (Anti-Fehler) kann darin integriert werden.<\/li>\n<li><strong>Erleichterte Pr\u00fcfung und Nachvollziehbarkeit :<\/strong> Bei Qualit\u00e4tsproblemen vor Ort erm\u00f6glicht der DF die R\u00fcckf\u00fchrung der <strong>R\u00fcckverfolgbarkeit<\/strong> der defekten Einheit, den Bediener, die Maschine und die Charge des verwendeten Rohmaterials zu identifizieren. Diese F\u00e4higkeit ist von entscheidender Bedeutung f\u00fcr die <strong>Root Cause Analysis (RCA)<\/strong>.<\/li>\n<li><strong>Kontinuierliche Verbesserung (KAIZEN) :<\/strong> Der DF ist ein lebendiges Dokument. Jede Prozessverbesserung (aus einer Baustelle heraus <strong>Lean<\/strong>) muss sich sofort in der Herstellungsdokumentation niederschlagen und validiert werden. Die st\u00e4ndige Aktualisierung der DF stellt sicher, dass die besten Praktiken standardisiert angewendet werden.<\/li>\n<li><strong>Kostenoptimierung :<\/strong> Die Analyse der im Arbeitsplan festgelegten Arbeitszeiten erm\u00f6glicht es, Investitionen in die Automatisierung oder das Ausbalancieren von Linien zu rechtfertigen, was dazu beitr\u00e4gt, die St\u00fcckkosten zu senken und die Produktivit\u00e4t zu steigern. <strong>operative Marge<\/strong>.<\/li>\n<\/ol>\n<p>Zusammenfassend l\u00e4sst sich sagen, dass die Fertigungsakte die Bibel der Werkstatt ist. Ihre Strenge, ihre Vollst\u00e4ndigkeit und ihre st\u00e4ndige Aktualisierung sind die Garanten f\u00fcr die <strong>Industrielle Leistung<\/strong>, Die meisten Unternehmen sind in der Lage, die Qualit\u00e4t ihrer Produkte, die Zuverl\u00e4ssigkeit des Produkts und die Wettbewerbsf\u00e4higkeit des Unternehmens auf dem Markt zu beurteilen.<\/p>\n<p><!-- notionvc: d220341c-0aeb-461e-b9fc-4fcf0416e016 --><\/p>","protected":false},"excerpt":{"rendered":"<p>Le Dossier de Fabrication (DF), souvent d\u00e9sign\u00e9 aussi sous le nom de Dossier de Production ou Dossier Industriel, est l&#8217;outil essentiel qui assure la transition r\u00e9ussie entre la conception th\u00e9orique d&#8217;un produit (R&amp;D) et sa r\u00e9alisation physique et standardis\u00e9e en atelier. Il est la preuve tangible de l&#8217;Industrialisation r\u00e9ussie.<\/p>","protected":false},"author":1,"featured_media":0,"parent":12324,"menu_order":0,"comment_status":"closed","ping_status":"closed","template":"","meta":{"_sitemap_exclude":false,"_sitemap_priority":"","_sitemap_frequency":"","footnotes":""},"definition":[99],"class_list":["post-12364","page","type-page","status-publish","hentry","definition-definition"],"jetpack_sharing_enabled":true,"_links":{"self":[{"href":"https:\/\/sxe-consulting.com\/de\/wp-json\/wp\/v2\/pages\/12364","targetHints":{"allow":["GET"]}}],"collection":[{"href":"https:\/\/sxe-consulting.com\/de\/wp-json\/wp\/v2\/pages"}],"about":[{"href":"https:\/\/sxe-consulting.com\/de\/wp-json\/wp\/v2\/types\/page"}],"author":[{"embeddable":true,"href":"https:\/\/sxe-consulting.com\/de\/wp-json\/wp\/v2\/users\/1"}],"replies":[{"embeddable":true,"href":"https:\/\/sxe-consulting.com\/de\/wp-json\/wp\/v2\/comments?post=12364"}],"version-history":[{"count":0,"href":"https:\/\/sxe-consulting.com\/de\/wp-json\/wp\/v2\/pages\/12364\/revisions"}],"up":[{"embeddable":true,"href":"https:\/\/sxe-consulting.com\/de\/wp-json\/wp\/v2\/pages\/12324"}],"wp:attachment":[{"href":"https:\/\/sxe-consulting.com\/de\/wp-json\/wp\/v2\/media?parent=12364"}],"wp:term":[{"taxonomy":"definition","embeddable":true,"href":"https:\/\/sxe-consulting.com\/de\/wp-json\/wp\/v2\/definition?post=12364"}],"curies":[{"name":"wp","href":"https:\/\/api.w.org\/{rel}","templated":true}]}}