{"id":12363,"date":"2025-10-06T15:49:08","date_gmt":"2025-10-06T13:49:08","guid":{"rendered":"https:\/\/sxe-consulting.com\/?page_id=12363"},"modified":"2025-10-06T15:50:24","modified_gmt":"2025-10-06T13:50:24","slug":"technisches-lastenheft-cct","status":"publish","type":"page","link":"https:\/\/sxe-consulting.com\/de\/glossaire-industriel\/cahier-des-charges-technique-cct\/","title":{"rendered":"Technisches Pflichtenheft (CCT)"},"content":{"rendered":"<p>Die <strong>Technisches Pflichtenheft (CCT)<\/strong> ist weit mehr als nur ein Verwaltungsdokument: Er ist die DNA und der detaillierte Fahrplan f\u00fcr jedes Projekt, das die Schaffung, \u00c4nderung oder Industrialisierung eines Produkts, Systems oder Prozesses beinhaltet. In der Welt der <strong>industrielles Projektmanagement<\/strong>, In der Regel ist es eine formelle und umfassende Vereinbarung dar\u00fcber, was getan werden soll, wie es funktionieren soll und unter welchen Einschr\u00e4nkungen.<\/p>\n<p><!--more--><\/p>\n<p><strong>Vertiefte Definition :<\/strong> Die GFK ist ein grundlegendes Dokument, das umfassend die <strong>technische Spezifikationen<\/strong>, Die <strong>regulatorische Beschr\u00e4nkungen<\/strong>, und die <strong>funktionale und nicht-funktionale Anforderungen<\/strong> die das endg\u00fcltige Produkt oder der industrielle Prozess zwingend erf\u00fcllen muss. Es dient als einheitliche Referenz w\u00e4hrend des gesamten Projektlebenszyklus, von der anf\u00e4nglichen Konzeption bis zur Phase der\u2019<strong>Industrialisierung<\/strong> und von <strong>Serienproduktion<\/strong>.<\/p>\n<h3><strong>Warum CCT f\u00fcr die betriebliche Exzellenz entscheidend ist<\/strong><\/h3>\n<p>In einem\u2019<strong>Verbesserung der betrieblichen Effizienz<\/strong>, Eine schlecht definierte CCT ist die Hauptursache f\u00fcr Verschwendung (oder <em>Muda<\/em>, Nach dem <strong>Lean Management<\/strong>). Umgekehrt garantiert ein strenger CCT :<\/p>\n<ol>\n<li><strong>Ausrichtung und Klarheit (Projektmanagement) :<\/strong> Er \u00fcbersetzt die im \"Cahier des Charges Fonctionnels\" (CDCF) ausgedr\u00fcckten Gesch\u00e4ftsanforderungen in konkrete technische L\u00f6sungen. Er beseitigt Unklarheiten zwischen den Teams f\u00fcr Forschung und Entwicklung, Produktion, Einkauf und Lieferanten.<\/li>\n<li><strong>Risiko- und Kostenkontrolle :<\/strong> Indem er die technischen Anforderungen im Vorfeld festschreibt, minimiert er das Risiko von Abweichungen (oder <em>Scope Creep<\/em>), kostspielige \u00c4nderungen im Laufe des Projekts und Lieferverz\u00f6gerungen. Es erm\u00f6glicht pr\u00e4zise Budgetsch\u00e4tzungen und Planungen (Gantt, PERT).<\/li>\n<li><strong>Qualit\u00e4t und Konformit\u00e4t :<\/strong> Er legt die Abnahmekriterien, die einzuhaltenden Qualit\u00e4tsstandards (ISO 9001 usw.) und die Test- und Validierungsverfahren fest. Er ist der Garant daf\u00fcr, dass das Endprodukt oder -system den Erwartungen des Kunden und den Marktregulierungen entspricht.<\/li>\n<\/ol>\n<h3><strong>Die wichtigsten Komponenten einer SEO-freundlichen CCT<\/strong><\/h3>\n<p>Um effektiv zu sein und als Grundlage f\u00fcr eine klare Kommunikation (auch f\u00fcr technisches SEO) zu dienen, sollte ein GTC um Schl\u00fcsselabschnitte herum strukturiert sein:<\/p>\n<h3><strong>A. Projektvorstellung und Hintergrund<\/strong><\/h3>\n<ul>\n<li><strong>Strategische Ziele :<\/strong> Verkn\u00fcpfen Sie das Projekt mit den \u00fcbergeordneten Zielen des Unternehmens (z. B. Erh\u00f6hung der <strong>Operative Leistung<\/strong>, Kostensenkung, Produkteinf\u00fchrung <strong>Industrie 4.0<\/strong>).<\/li>\n<li><strong>Umkreis (Scope) :<\/strong> Grenzen Sie klar ab, was in das Projekt einbezogen und vor allem, was davon ausgeschlossen wird, um Verwirrung zu vermeiden.<\/li>\n<\/ul>\n<h3><strong>B. Funktionale Anforderungen (Was tun?) und nicht-funktionale Anforderungen (Wie tun?)<\/strong><\/h3>\n<ul>\n<li><strong>Funktional :<\/strong> Beschreiben die Aktionen und erwarteten Ergebnisse des Systems (z. B. \u201cDas System soll 500 Einheiten\/Stunde herstellen\u201d).<\/li>\n<li><strong>Nicht-funktionale (technische Zw\u00e4nge) :<\/strong> Sie sind im Ingenieurwesen von entscheidender Bedeutung:\n<ul>\n<li><strong>Leistung :<\/strong> Zyklusgeschwindigkeit, <strong>TRS (Synthetische Ertragsrate)<\/strong> oder <strong>GRR (Global Return Rate)<\/strong> Minimum.<\/li>\n<li><strong>Sicherheit und Ergonomie :<\/strong> Normen f\u00fcr Maschinensicherheit, einfache Wartung.<\/li>\n<li><strong>Integration :<\/strong> Kompatibilit\u00e4t mit dem\u2019<strong>ERP<\/strong>, am <strong>MEINE<\/strong> oder das System <strong>SCADA<\/strong> vorhanden.<\/li>\n<li><strong>Nachhaltigkeit :<\/strong> Erwartete Lebensdauer, Umweltauflagen.<\/li>\n<\/ul>\n<\/li>\n<\/ul>\n<h3><strong>C. Detaillierte technische Spezifikationen (Der Ingenieurstoff)<\/strong><\/h3>\n<p>Dieser Abschnitt ist das technische Herzst\u00fcck und beschreibt :<\/p>\n<ul>\n<li><strong>Materialien:<\/strong> Arten von Materialien, die verwendet werden sollen (z. B. Verwendung von <strong>oxidische feuerfeste Materialien<\/strong> oder Nicht-Oxide f\u00fcr einen Industrieofen).<\/li>\n<li><strong>Architektur :<\/strong> Prinzipskizzen, Pl\u00e4ne und elektrische\/fluidische Schemata.<\/li>\n<li><strong>Schnittstellen:<\/strong> Beschreibung der Interaktion mit anderen Systemen oder Maschinen (APIs, IoT-Kommunikationsprotokolle).<\/li>\n<\/ul>\n<h3><strong>D. Validierung, Tests und Akzeptanzkriterien<\/strong><\/h3>\n<ul>\n<li>Der TCC muss genau festlegen, wie die Lieferbarkeit getestet wird: Abnahmeprotokolle (FAT, SAT), Messungen der <strong>KPI<\/strong> (Key Performance Indicator) und Analysemethoden (z. B. \u00dcberpr\u00fcfung der <strong>Root Cause Analysis (RCA)<\/strong> bei Nichtkonformit\u00e4t).<\/li>\n<\/ul>\n<h3><strong>Das Schreiben des CCT: Ein kollaborativer Prozess f\u00fcr die Industrialisierung<\/strong><\/h3>\n<p>Ein GAV wird nie allein geschrieben. Er ist das Ergebnis einer intensiven Zusammenarbeit, oft gesteuert von einem <strong>Berater f\u00fcr Industrietechnik<\/strong> oder einen Projektmanager, der :<\/p>\n<ol>\n<li><strong>Das Bauherren-Team (MOA) :<\/strong> Um zu best\u00e4tigen, dass die technischen L\u00f6sungen den gesch\u00e4ftlichen Anforderungen entsprechen.<\/li>\n<li><strong>Das Bauherren-Team (MOE) :<\/strong> Um die technische und budget\u00e4re Machbarkeit sicherzustellen.<\/li>\n<li><strong>Der Ingenieurberater :<\/strong> Zur Bereitstellung von Spezialwissen (z. B. Experten f\u00fcr <strong>industrielle Feuerfeststoffe<\/strong> oder in der Automatisierung).<\/li>\n<\/ol>\n<p>Ein guter CCT erm\u00f6glicht den \u00dcbergang von der Entwurfsphase zu einer <strong>Industrialisierung<\/strong> fl\u00fcssig, unter Vermeidung von\u2019<strong>over-engineering<\/strong> (unn\u00f6tige \u00dcberqualit\u00e4t) und indem sichergestellt wird, dass der Weg zur <strong>Serienproduktion<\/strong> ist klar und unzweideutig. Es ist das unverzichtbare Werkzeug, um den Erfolg eines Projekts zu steuern, die <strong>Push-Feeds<\/strong> oder <strong>Gezogene Feeds<\/strong>, und den <strong>Taktzeit<\/strong> die von der Kundenanfrage gefordert wird.<\/p>\n<p data-start=\"3483\" data-end=\"3654\"><!-- notionvc: 55748b84-6bc7-48d1-980a-8210c919df08 --><\/p>","protected":false},"excerpt":{"rendered":"<p>Le Cahier des Charges Technique (CCT) est bien plus qu&#8217;un simple document administratif : il est l&#8217;ADN et la feuille de route d\u00e9taill\u00e9e de tout projet impliquant la cr\u00e9ation, la modification ou l&#8217;industrialisation d&#8217;un produit, d&#8217;un syst\u00e8me ou d&#8217;un processus. Dans le monde de la gestion de projet industriel, il constitue l&#8217;accord formel et exhaustif [&hellip;]<\/p>\n","protected":false},"author":1,"featured_media":0,"parent":12324,"menu_order":0,"comment_status":"closed","ping_status":"closed","template":"","meta":{"_sitemap_exclude":false,"_sitemap_priority":"","_sitemap_frequency":"","footnotes":""},"definition":[99],"class_list":["post-12363","page","type-page","status-publish","hentry","definition-definition"],"jetpack_sharing_enabled":true,"_links":{"self":[{"href":"https:\/\/sxe-consulting.com\/de\/wp-json\/wp\/v2\/pages\/12363","targetHints":{"allow":["GET"]}}],"collection":[{"href":"https:\/\/sxe-consulting.com\/de\/wp-json\/wp\/v2\/pages"}],"about":[{"href":"https:\/\/sxe-consulting.com\/de\/wp-json\/wp\/v2\/types\/page"}],"author":[{"embeddable":true,"href":"https:\/\/sxe-consulting.com\/de\/wp-json\/wp\/v2\/users\/1"}],"replies":[{"embeddable":true,"href":"https:\/\/sxe-consulting.com\/de\/wp-json\/wp\/v2\/comments?post=12363"}],"version-history":[{"count":0,"href":"https:\/\/sxe-consulting.com\/de\/wp-json\/wp\/v2\/pages\/12363\/revisions"}],"up":[{"embeddable":true,"href":"https:\/\/sxe-consulting.com\/de\/wp-json\/wp\/v2\/pages\/12324"}],"wp:attachment":[{"href":"https:\/\/sxe-consulting.com\/de\/wp-json\/wp\/v2\/media?parent=12363"}],"wp:term":[{"taxonomy":"definition","embeddable":true,"href":"https:\/\/sxe-consulting.com\/de\/wp-json\/wp\/v2\/definition?post=12363"}],"curies":[{"name":"wp","href":"https:\/\/api.w.org\/{rel}","templated":true}]}}