{"id":12344,"date":"2025-09-30T17:17:12","date_gmt":"2025-09-30T15:17:12","guid":{"rendered":"https:\/\/sxe-consulting.com\/?page_id=12344"},"modified":"2025-09-30T17:20:21","modified_gmt":"2025-09-30T15:20:21","slug":"quest-ce-que-la-fonte","status":"publish","type":"page","link":"https:\/\/sxe-consulting.com\/de\/glossaire-industriel\/quest-ce-que-la-fonte\/","title":{"rendered":"Was ist Gusseisen?"},"content":{"rendered":"<p data-start=\"2485\" data-end=\"2650\">Gusseisen ist eine Legierung aus Eisen und Kohlenstoff, die einen h\u00f6heren Kohlenstoffgehalt als Stahl aufweist und wegen ihrer Festigkeit, Gie\u00dfbarkeit und Verschlei\u00dffestigkeit verwendet wird.<\/p>\n<p data-start=\"2652\" data-end=\"2687\"><!--more--><\/p>\n<div style=\"text-align: justify;\">\n<h2>Definition von Gusseisen<\/h2>\n<p>Die <strong>Gusseisen<\/strong> ist eine Eisenlegierung, die zwischen 2 % und 6 % Kohlenstoff enth\u00e4lt. Durch den hohen Kohlenstoffgehalt ist sie hart, spr\u00f6de, aber leicht formbar.<\/p>\n<h2>Schriftarten<\/h2>\n<ul>\n<li><strong>Grauguss<\/strong> : Graphitreich, gute Zerspanbarkeit.<\/li>\n<li><strong>Wei\u00dfes Gusseisen<\/strong> : hart und verschlei\u00dffest.<\/li>\n<li><strong>Duktiles Gusseisen<\/strong> : Zusatz von Magnesium, z\u00e4her.<\/li>\n<li><strong>Verformbares Gusseisen<\/strong> : erhitzt, um die mechanische Festigkeit zu verbessern.<\/li>\n<\/ul>\n<h2>Industrielle Anwendungen<\/h2>\n<ul>\n<li><strong>Aufbau<\/strong> : Rohre, Stra\u00dfenschilder.<\/li>\n<li><strong>Mechanik<\/strong> : Motorbl\u00f6cke, Gussteile.<\/li>\n<li><strong>Schwerindustrie<\/strong> : Maschinenteile, Grundlagen von Strukturen.<\/li>\n<\/ul>\n<\/div>","protected":false},"excerpt":{"rendered":"<p>Gusseisen ist eine Legierung aus Eisen und Kohlenstoff, die einen h\u00f6heren Kohlenstoffgehalt als Stahl aufweist und wegen ihrer Festigkeit, Gie\u00dfbarkeit und Verschlei\u00dffestigkeit verwendet wird.<\/p>","protected":false},"author":1,"featured_media":0,"parent":12324,"menu_order":0,"comment_status":"closed","ping_status":"closed","template":"","meta":{"_sitemap_exclude":false,"_sitemap_priority":"","_sitemap_frequency":"","footnotes":""},"definition":[99],"class_list":["post-12344","page","type-page","status-publish","hentry","definition-definition"],"jetpack_sharing_enabled":true,"_links":{"self":[{"href":"https:\/\/sxe-consulting.com\/de\/wp-json\/wp\/v2\/pages\/12344","targetHints":{"allow":["GET"]}}],"collection":[{"href":"https:\/\/sxe-consulting.com\/de\/wp-json\/wp\/v2\/pages"}],"about":[{"href":"https:\/\/sxe-consulting.com\/de\/wp-json\/wp\/v2\/types\/page"}],"author":[{"embeddable":true,"href":"https:\/\/sxe-consulting.com\/de\/wp-json\/wp\/v2\/users\/1"}],"replies":[{"embeddable":true,"href":"https:\/\/sxe-consulting.com\/de\/wp-json\/wp\/v2\/comments?post=12344"}],"version-history":[{"count":0,"href":"https:\/\/sxe-consulting.com\/de\/wp-json\/wp\/v2\/pages\/12344\/revisions"}],"up":[{"embeddable":true,"href":"https:\/\/sxe-consulting.com\/de\/wp-json\/wp\/v2\/pages\/12324"}],"wp:attachment":[{"href":"https:\/\/sxe-consulting.com\/de\/wp-json\/wp\/v2\/media?parent=12344"}],"wp:term":[{"taxonomy":"definition","embeddable":true,"href":"https:\/\/sxe-consulting.com\/de\/wp-json\/wp\/v2\/definition?post=12344"}],"curies":[{"name":"wp","href":"https:\/\/api.w.org\/{rel}","templated":true}]}}