{"id":12341,"date":"2025-09-30T17:09:28","date_gmt":"2025-09-30T15:09:28","guid":{"rendered":"https:\/\/sxe-consulting.com\/?page_id=12341"},"modified":"2025-09-30T17:09:28","modified_gmt":"2025-09-30T15:09:28","slug":"was-ist-lacier","status":"publish","type":"page","link":"https:\/\/sxe-consulting.com\/de\/glossaire-industriel\/quest-ce-que-lacier\/","title":{"rendered":"Was ist Stahl?"},"content":{"rendered":"<p data-start=\"520\" data-end=\"678\">Stahl ist eine Legierung aus Eisen und Kohlenstoff und wird aufgrund seiner mechanischen Eigenschaften, seiner Festigkeit und seiner Vielseitigkeit in der Industrie h\u00e4ufig verwendet.<\/p>\n<p data-start=\"680\" data-end=\"714\"><!--more--><\/p>\n<div style=\"text-align: justify;\">\n<h2>Definition von Stahl<\/h2>\n<p>L\u2019<strong>Stahl<\/strong> ist eine Metalllegierung, die haupts\u00e4chlich aus Eisen und Kohlenstoff (weniger als 2 %) besteht. Dieser Zusatz von Kohlenstoff verbessert die mechanische Festigkeit und H\u00e4rte im Vergleich zu reinem Eisen erheblich.<\/p>\n<h2>Arten von Stahl<\/h2>\n<ul>\n<li><strong>Weiche St\u00e4hle<\/strong> : geringer Kohlenstoffgehalt, leicht zu schwei\u00dfen und zu verarbeiten.<\/li>\n<li><strong>Legierte St\u00e4hle<\/strong> : Zusatz von Elementen wie Chrom, Nickel oder Mangan.<\/li>\n<li><strong>Rostfreie St\u00e4hle<\/strong> : korrosionsbest\u00e4ndig dank Chrom.<\/li>\n<li><strong>Spezialst\u00e4hle<\/strong> : hitzebest\u00e4ndige St\u00e4hle, Werkzeugst\u00e4hle oder hochfeste St\u00e4hle.<\/li>\n<\/ul>\n<h2>Eigenschaften<\/h2>\n<ul>\n<li><strong>Mechanische Best\u00e4ndigkeit<\/strong> hoch.<\/li>\n<li><strong>Duktilit\u00e4t<\/strong> und Formbarkeit.<\/li>\n<li><strong>L\u00f6tbarkeit<\/strong> variiert je nach Zusammensetzung.<\/li>\n<li><strong>Nachhaltigkeit<\/strong> wichtig in kontrollierten Umgebungen.<\/li>\n<\/ul>\n<h2>Industrielle Anwendungen<\/h2>\n<p>Stahl ist in der Industrie allgegenw\u00e4rtig :<\/p>\n<ul>\n<li><strong>Geb\u00e4ude<\/strong> : Strukturen, Metallger\u00fcste.<\/li>\n<li><strong>Transport<\/strong> : Automobile, Schiffe, Flugzeuge.<\/li>\n<li><strong>Energie<\/strong> : Pipelines, Turbinen, Kraftwerke.<\/li>\n<li><strong>Werkzeuge<\/strong> : Maschinen, Formen, Schneidwerkzeuge.<\/li>\n<\/ul>\n<\/div>","protected":false},"excerpt":{"rendered":"<p>Stahl ist eine Legierung aus Eisen und Kohlenstoff und wird aufgrund seiner mechanischen Eigenschaften, seiner Festigkeit und seiner Vielseitigkeit in der Industrie h\u00e4ufig verwendet.<\/p>","protected":false},"author":1,"featured_media":0,"parent":12324,"menu_order":0,"comment_status":"closed","ping_status":"closed","template":"","meta":{"_sitemap_exclude":false,"_sitemap_priority":"","_sitemap_frequency":"","footnotes":""},"definition":[99],"class_list":["post-12341","page","type-page","status-publish","hentry","definition-definition"],"jetpack_sharing_enabled":true,"_links":{"self":[{"href":"https:\/\/sxe-consulting.com\/de\/wp-json\/wp\/v2\/pages\/12341","targetHints":{"allow":["GET"]}}],"collection":[{"href":"https:\/\/sxe-consulting.com\/de\/wp-json\/wp\/v2\/pages"}],"about":[{"href":"https:\/\/sxe-consulting.com\/de\/wp-json\/wp\/v2\/types\/page"}],"author":[{"embeddable":true,"href":"https:\/\/sxe-consulting.com\/de\/wp-json\/wp\/v2\/users\/1"}],"replies":[{"embeddable":true,"href":"https:\/\/sxe-consulting.com\/de\/wp-json\/wp\/v2\/comments?post=12341"}],"version-history":[{"count":0,"href":"https:\/\/sxe-consulting.com\/de\/wp-json\/wp\/v2\/pages\/12341\/revisions"}],"up":[{"embeddable":true,"href":"https:\/\/sxe-consulting.com\/de\/wp-json\/wp\/v2\/pages\/12324"}],"wp:attachment":[{"href":"https:\/\/sxe-consulting.com\/de\/wp-json\/wp\/v2\/media?parent=12341"}],"wp:term":[{"taxonomy":"definition","embeddable":true,"href":"https:\/\/sxe-consulting.com\/de\/wp-json\/wp\/v2\/definition?post=12341"}],"curies":[{"name":"wp","href":"https:\/\/api.w.org\/{rel}","templated":true}]}}