{"id":12339,"date":"2025-09-30T17:07:39","date_gmt":"2025-09-30T15:07:39","guid":{"rendered":"https:\/\/sxe-consulting.com\/?page_id=12339"},"modified":"2025-09-30T17:08:24","modified_gmt":"2025-09-30T15:08:24","slug":"was-ist-feuerfestes-material","status":"publish","type":"page","link":"https:\/\/sxe-consulting.com\/de\/glossaire-industriel\/quest-ce-quun-materiau-refractaire\/","title":{"rendered":"Was ist ein feuerfestes Material?"},"content":{"rendered":"<p data-start=\"3483\" data-end=\"3654\">Ein feuerfestes Material ist ein Produkt, das sehr hohen Temperaturen standhalten kann, ohne sich zu verformen oder seine mechanischen und chemischen Eigenschaften zu verlieren.<\/p>\n<p data-start=\"3656\" data-end=\"3705\"><!--more--><\/p>\n<div style=\"text-align: justify;\">\n<h2>Definition eines feuerfesten Materials<\/h2>\n<p>Eine <strong>feuerfest<\/strong> ist ein Material, das entwickelt wurde, um Temperaturen von \u00fcber 1500 \u00b0C standzuhalten. Es beh\u00e4lt seine mechanischen und chemischen Eigenschaften auch in extremen Umgebungen bei und ist daher ein wichtiger Bestandteil vieler Hochtemperaturindustrien.<\/p>\n<h2>Wichtigste Eigenschaften<\/h2>\n<ul>\n<li><strong>Thermischer Widerstand<\/strong> : Stabilit\u00e4t \u00fcber 1 500 \u00b0C hinaus.<\/li>\n<li><strong>Mechanische Best\u00e4ndigkeit<\/strong> : Beibehaltung der Steifigkeit unter Belastung.<\/li>\n<li><strong>Chemische Best\u00e4ndigkeit<\/strong> : Unempfindlichkeit gegen Korrosion durch Schlacke, Gas oder geschmolzene Metalle.<\/li>\n<li><strong>Nachhaltigkeit<\/strong> : Geringer Verschlei\u00df trotz thermischer Zyklen.<\/li>\n<\/ul>\n<h2>Arten von feuerfesten Materialien<\/h2>\n<ul>\n<li><strong>Saure Refrakt\u00e4re<\/strong> (auf der Basis von Siliziumdioxid, Aluminiumoxid).<\/li>\n<li><strong>Basische Feuerfeststoffe<\/strong> (Magnesia, Dolomit).<\/li>\n<li><strong>Neutrale Feuerfeststoffe<\/strong> (Kohlenstoff, Chromit).<\/li>\n<li><strong>Isolierende Feuerfeststoffe<\/strong> : werden zur Begrenzung des W\u00e4rmeverlusts verwendet.<\/li>\n<\/ul>\n<h2>Industrielle Anwendungen<\/h2>\n<p>Feuerfeste Materialien sind unverzichtbar in :<\/p>\n<ul>\n<li><strong>Metallurgie<\/strong> : \u00d6fen f\u00fcr Stahl, Aluminium, Gusseisen.<\/li>\n<li><strong>Glas<\/strong> : Schmelzwannen und Regeneratoren.<\/li>\n<li><strong>Keramik<\/strong> : Back\u00f6fen.<\/li>\n<li><strong>Energie<\/strong> : Heizkessel, W\u00e4rmekraftwerke.<\/li>\n<\/ul>\n<h2>Schlussfolgerung<\/h2>\n<p>Feuerfeste Materialien sind die Grundlage f\u00fcr alle Hochtemperaturindustrien. Ihre Rolle ist entscheidend f\u00fcr die Gew\u00e4hrleistung der <strong>Sicherheit<\/strong>, Die <strong>Nachhaltigkeit<\/strong> und die <strong>Leistung<\/strong> von Industrieanlagen.<\/p>\n<\/div>","protected":false},"excerpt":{"rendered":"<p>Ein feuerfestes Material ist ein Produkt, das sehr hohen Temperaturen standhalten kann, ohne sich zu verformen oder seine mechanischen und chemischen Eigenschaften zu verlieren.<\/p>","protected":false},"author":1,"featured_media":0,"parent":12324,"menu_order":0,"comment_status":"closed","ping_status":"closed","template":"","meta":{"_sitemap_exclude":false,"_sitemap_priority":"","_sitemap_frequency":"","footnotes":""},"definition":[99],"class_list":["post-12339","page","type-page","status-publish","hentry","definition-definition"],"jetpack_sharing_enabled":true,"_links":{"self":[{"href":"https:\/\/sxe-consulting.com\/de\/wp-json\/wp\/v2\/pages\/12339","targetHints":{"allow":["GET"]}}],"collection":[{"href":"https:\/\/sxe-consulting.com\/de\/wp-json\/wp\/v2\/pages"}],"about":[{"href":"https:\/\/sxe-consulting.com\/de\/wp-json\/wp\/v2\/types\/page"}],"author":[{"embeddable":true,"href":"https:\/\/sxe-consulting.com\/de\/wp-json\/wp\/v2\/users\/1"}],"replies":[{"embeddable":true,"href":"https:\/\/sxe-consulting.com\/de\/wp-json\/wp\/v2\/comments?post=12339"}],"version-history":[{"count":0,"href":"https:\/\/sxe-consulting.com\/de\/wp-json\/wp\/v2\/pages\/12339\/revisions"}],"up":[{"embeddable":true,"href":"https:\/\/sxe-consulting.com\/de\/wp-json\/wp\/v2\/pages\/12324"}],"wp:attachment":[{"href":"https:\/\/sxe-consulting.com\/de\/wp-json\/wp\/v2\/media?parent=12339"}],"wp:term":[{"taxonomy":"definition","embeddable":true,"href":"https:\/\/sxe-consulting.com\/de\/wp-json\/wp\/v2\/definition?post=12339"}],"curies":[{"name":"wp","href":"https:\/\/api.w.org\/{rel}","templated":true}]}}