{"id":10848,"date":"2022-06-22T12:14:21","date_gmt":"2022-06-22T10:14:21","guid":{"rendered":"https:\/\/sxe-consulting.com\/?page_id=10848"},"modified":"2022-06-22T12:22:38","modified_gmt":"2022-06-22T10:22:38","slug":"rechtliche-hinweise","status":"publish","type":"page","link":"https:\/\/sxe-consulting.com\/de\/mentions-legales\/","title":{"rendered":"Rechtliche Hinweise"},"content":{"rendered":"<div data-elementor-type=\"wp-page\" data-elementor-id=\"10848\" class=\"elementor elementor-10848\" data-elementor-post-type=\"page\">\n\t\t\t\t\t\t<section class=\"elementor-section elementor-top-section elementor-element elementor-element-7268cc3 elementor-section-boxed elementor-section-height-default elementor-section-height-default\" data-id=\"7268cc3\" data-element_type=\"section\" data-e-type=\"section\">\n\t\t\t\t\t\t<div class=\"elementor-container elementor-column-gap-default\">\n\t\t\t\t\t<div class=\"elementor-column elementor-col-100 elementor-top-column elementor-element elementor-element-7e2df78\" data-id=\"7e2df78\" data-element_type=\"column\" data-e-type=\"column\">\n\t\t\t<div class=\"elementor-widget-wrap elementor-element-populated\">\n\t\t\t\t\t\t<div class=\"elementor-element elementor-element-887c670 elementor-widget elementor-widget-heading\" data-id=\"887c670\" data-element_type=\"widget\" data-e-type=\"widget\" data-widget_type=\"heading.default\">\n\t\t\t\t<div class=\"elementor-widget-container\">\n\t\t\t\t\t<h2 class=\"elementor-heading-title elementor-size-default\">Rechtliche Hinweise<\/h2>\t\t\t\t<\/div>\n\t\t\t\t<\/div>\n\t\t\t\t\t<\/div>\n\t\t<\/div>\n\t\t\t\t\t<\/div>\n\t\t<\/section>\n\t\t\t\t<section class=\"elementor-section elementor-top-section elementor-element elementor-element-888081f elementor-section-boxed elementor-section-height-default elementor-section-height-default\" data-id=\"888081f\" data-element_type=\"section\" data-e-type=\"section\">\n\t\t\t\t\t\t<div class=\"elementor-container elementor-column-gap-default\">\n\t\t\t\t\t<div class=\"elementor-column elementor-col-100 elementor-top-column elementor-element elementor-element-40103dd\" data-id=\"40103dd\" data-element_type=\"column\" data-e-type=\"column\">\n\t\t\t<div class=\"elementor-widget-wrap elementor-element-populated\">\n\t\t\t\t\t\t<div class=\"elementor-element elementor-element-55ab2d3 elementor-widget elementor-widget-text-editor\" data-id=\"55ab2d3\" data-element_type=\"widget\" data-e-type=\"widget\" data-widget_type=\"text-editor.default\">\n\t\t\t\t<div class=\"elementor-widget-container\">\n\t\t\t\t\t\t\t\t\t<p>Bitte lesen Sie die verschiedenen Nutzungsbedingungen dieser Website aufmerksam durch, bevor Sie sich auf den Seiten umsehen. Wenn Sie sich auf dieser Website einloggen, akzeptieren Sie die vorliegenden Bedingungen vorbehaltlos. Gem\u00e4\u00df Artikel 6 des Gesetzes Nr. 2004-575 vom 21. Juni 2004 \u00fcber das Vertrauen in die digitale Wirtschaft sind die Verantwortlichen f\u00fcr diese Website wie folgt verpflichtet <a href=\"https:\/\/sxe-consulting.com\/de\/\">www.sxe-consulting.com<\/a>&nbsp;sind:<\/p>\n<p><strong>Herausgeber der Website :<\/strong><\/p>\n<p>SXE Consulting<br>Redaktioneller Verantwortlicher: SXE Consulting<br>E-Mail: contact@sxe-consulting.com<br>Website : <a href=\"https:\/\/sxe-consulting.com\/de\/\">www.sxe-consulting.com<\/a><\/p>\n<p><strong>Unterbringung :<\/strong>&nbsp;OVH<br>2 Rue Kellermann, 59100 Roubaix<br>Website :&nbsp;<a href=\"http:\/\/https\/\/www.ovh.com\/fr\/mail\/\" target=\"_blank\" rel=\"noreferrer noopener\">https:\/\/www.ovh.com\/fr\/mail\/<\/a><\/p>\n<p><strong>Entwicklung :<\/strong><\/p>\n<p>SXE Consulting<br>Website :&nbsp; <a href=\"https:\/\/sxe-consulting.com\/de\/\">www.sxe-consulting.com<\/a><\/p>\n<p><strong>Nutzungsbedingungen : <\/strong>Diese Seite ( <a href=\"https:\/\/sxe-consulting.com\/de\/\">www.sxe-consulting.com<\/a> )wird in verschiedenen Websprachen (HTML, HTML5, Javascript, CSS, usw.) angeboten. F\u00fcr einen besseren Benutzerkomfort und eine ansprechendere Grafik empfehlen wir Ihnen, moderne Browser wie Internet explorer, Safari, Firefox, Google Chrome, usw. zu verwenden.<\/p>\n<p>SXE Consulting setzt alle ihr zur Verf\u00fcgung stehenden Mittel ein, um zuverl\u00e4ssige Informationen und eine zuverl\u00e4ssige Aktualisierung ihrer Websites zu gew\u00e4hrleisten. Dennoch kann es zu Fehlern oder Auslassungen kommen. Der Internetnutzer sollte daher die Richtigkeit der Informationen bei , \u00fcberpr\u00fcfen und alle \u00c4nderungen an der Website melden, die er f\u00fcr n\u00fctzlich h\u00e4lt. SXE Consulting haftet in keinem Fall f\u00fcr die Nutzung dieser Informationen und alle direkten oder indirekten Sch\u00e4den, die sich daraus ergeben k\u00f6nnen.<\/p>\n<p><strong>Cookies<\/strong> : Die Seite&nbsp; <a href=\"https:\/\/sxe-consulting.com\/de\/\">www.sxe-consulting.com<\/a> kann es sein, dass Sie gebeten werden, Cookies f\u00fcr statistische Zwecke und zur Anzeige zu akzeptieren. Ein Cookie ist eine Information, die vom Server der Website, die Sie besuchen, auf Ihrer Festplatte abgelegt wird. Es enth\u00e4lt mehrere Daten, die auf Ihrem Computer in einer einfachen Textdatei gespeichert werden, auf die ein Server zugreift, um Informationen zu lesen und zu speichern. Einige Teile dieser Website sind ohne die Annahme von Cookies nicht funktionsf\u00e4hig.<br>Einzelheiten zu Cookies und unserer Datenschutzrichtlinie finden Sie unter&nbsp;<a href=\"https:\/\/sxe-consulting.com\/de\/cookies-privacy-policy\/\">diese Seite.<\/a><\/p>\n<p><strong>Hyperlinks :<\/strong> Die Webseiten k\u00f6nnen Links zu anderen Webseiten oder anderen im Internet verf\u00fcgbaren Ressourcen anbieten. SXE Consulting verf\u00fcgt \u00fcber keine Mittel, um die mit ihren Websites verbundenen Websites zu kontrollieren. SXE Consulting haftet nicht f\u00fcr die Verf\u00fcgbarkeit solcher Websites und externen Quellen und garantiert diese auch nicht. Sie kann nicht f\u00fcr Sch\u00e4den jeglicher Art haftbar gemacht werden, die sich aus dem Inhalt dieser Websites oder externen Quellen ergeben, insbesondere nicht f\u00fcr Informationen, Produkte oder Dienstleistungen, die dort angeboten werden, oder f\u00fcr jegliche Nutzung, die von diesen Elementen ausgehen kann. Die mit dieser Nutzung verbundenen Risiken liegen vollst\u00e4ndig beim Internetnutzer, der sich an deren Nutzungsbedingungen halten muss.<\/p>\n<p>Nutzer, Abonnenten und Besucher der Websites d\u00fcrfen ohne die ausdr\u00fcckliche und vorherige Genehmigung von SXE Consulting keinen Hyperlink zu dieser Website einrichten.<\/p>\n<p>Wenn ein Benutzer oder Besucher einen Hyperlink zu einer der Websites von SXE Consulting einrichten m\u00f6chte, muss er eine auf der Website zug\u00e4ngliche E-Mail senden, um seinen Antrag auf Einrichtung eines Hyperlinks zu formulieren. SXE Consulting beh\u00e4lt sich das Recht vor, einen Hyperlink ohne Angabe von Gr\u00fcnden zu akzeptieren oder abzulehnen.<\/p>\n<p><strong>Erbrachte Dienstleistungen : <\/strong>Die gesamten Aktivit\u00e4ten des Unternehmens sowie seine Informationen sind auf unserer Website dargestellt&nbsp; <a href=\"https:\/\/sxe-consulting.com\/de\/\">www.sxe-consulting.com<\/a>. SXE Consulting bem\u00fcht sich, auf der Seite <a href=\"https:\/\/sxe-consulting.com\/de\/\">www.sxe-consulting.com<\/a> so genaue Informationen wie m\u00f6glich. die Informationen auf der Website <a href=\"https:\/\/sxe-consulting.com\/de\/\">www.sxe-consulting.com<\/a> sind nicht ersch\u00f6pfend und die Fotos sind nicht vertraglich bindend. Sie werden unter Vorbehalt von \u00c4nderungen gegeben, die seit ihrer Online-Ver\u00f6ffentlichung vorgenommen wurden. Dar\u00fcber hinaus sind alle Informationen auf der Website <a href=\"https:\/\/sxe-consulting.com\/de\/\">www.sxe-consulting.com<\/a>&nbsp;sind unverbindlich und k\u00f6nnen sich ohne Vorank\u00fcndigung \u00e4ndern oder weiterentwickeln.<\/p>\n<p><strong>Vertragliche Beschr\u00e4nkungen der Daten :<\/strong>Die Informationen auf dieser Website sind so genau wie m\u00f6glich und die Website wird zu verschiedenen Zeiten des Jahres aktualisiert, kann aber dennoch Ungenauigkeiten oder Auslassungen enthalten. Wenn Sie eine L\u00fccke, einen Fehler oder eine scheinbare Fehlfunktion feststellen, melden Sie dies bitte per E-Mail an contact@sxe-consulting.com und beschreiben Sie das Problem so genau wie m\u00f6glich (Seite, auf der das Problem auftritt, Art des verwendeten Computers und Browsers, ...).<\/p>\n<p>Das Herunterladen von Inhalten erfolgt auf Risiko des Nutzers und unter seiner alleinigen Verantwortung. Folglich kann die Website nicht f\u00fcr Sch\u00e4den am Computer des Nutzers oder f\u00fcr Datenverluste infolge des Downloads haftbar gemacht werden. Dar\u00fcber hinaus verpflichtet sich der Nutzer der Website, auf die Website mit einer aktuellen Hardware zuzugreifen, die keine Viren enth\u00e4lt, und mit einem Browser der neuesten Generation, der auf dem neuesten Stand ist.<\/p>\n<p>SXE Consulting haftet nicht f\u00fcr Hypertext-Links, die im Rahmen dieser Website zu anderen Ressourcen im Internet eingerichtet wurden.<\/p>\n<p><strong>Geistiges Eigentum : <\/strong>Alle Inhalte des auf der Seite <a href=\"https:\/\/sxe-consulting.com\/de\/\">www.sxe-consulting.com<\/a>, Die gesamte Website, einschlie\u00dflich, aber nicht beschr\u00e4nkt auf, Grafiken, Bilder, Texte, Videos, Animationen, Sounds, Logos, Gifs und Icons sowie ihre Formatierung sind das ausschlie\u00dfliche Eigentum des Unternehmens, mit Ausnahme von Marken, Logos oder Inhalten, die anderen Partnerunternehmen oder Autoren geh\u00f6ren.<\/p>\n<p>Jede auch nur teilweise Vervielf\u00e4ltigung, Verbreitung, \u00c4nderung, Anpassung, Weiterleitung oder Ver\u00f6ffentlichung dieser verschiedenen Elemente ist ohne die ausdr\u00fcckliche schriftliche Genehmigung von SXE Consulting strengstens untersagt. Diese Darstellung oder Vervielf\u00e4ltigung, durch welches Verfahren auch immer, stellt eine F\u00e4lschung dar, die durch die Artikel L.335-2 ff. des Gesetzes \u00fcber geistiges Eigentum sanktioniert wird. Die Nichtbeachtung dieses Verbots stellt eine F\u00e4lschung dar, f\u00fcr die der F\u00e4lscher zivil- und strafrechtlich haftbar gemacht werden kann. Dar\u00fcber hinaus k\u00f6nnten die Eigent\u00fcmer der kopierten Inhalte rechtliche Schritte gegen Sie einleiten.<\/p>\n<p><strong>Anmeldung bei der CNIL :<\/strong>&nbsp;Gem\u00e4\u00df dem Gesetz 78-17 vom 6. Januar 1978 (ge\u00e4ndert durch das Gesetz 2004-801 vom 6. August 2004 \u00fcber den Schutz nat\u00fcrlicher Personen bei der Verarbeitung personenbezogener Daten) \u00fcber Informatik, Dateien und Freiheiten wurde diese Website nicht bei der franz\u00f6sischen Datenschutzbeh\u00f6rde Commission nationale de l'informatique et des libert\u00e9s (<a href=\"http:\/\/www.cnil.fr\/\" target=\"_blank\" rel=\"noreferrer noopener\">www.cnil.fr<\/a>).<\/p>\n<p><strong>Rechtsstreitigkeiten :<br><\/strong>Diese Website-Bedingungen <a href=\"https:\/\/sxe-consulting.com\/de\/\">www.sxe-consulting.com<\/a>&nbsp;unterliegen den franz\u00f6sischen Gesetzen und alle Streitigkeiten, die sich aus der Auslegung oder Ausf\u00fchrung dieser Bedingungen ergeben k\u00f6nnten, unterliegen der ausschlie\u00dflichen Zust\u00e4ndigkeit der Gerichte, die f\u00fcr den Sitz des Unternehmens zust\u00e4ndig sind. Die Referenzsprache f\u00fcr die Beilegung eventueller Streitigkeiten ist Franz\u00f6sisch.<\/p>\n<p><strong>Pers\u00f6nliche Daten : <\/strong><\/p>\n<p>Im Allgemeinen sind Sie nicht verpflichtet, uns Ihre pers\u00f6nlichen Daten mitzuteilen, wenn Sie unsere Website besuchen. <a href=\"https:\/\/sxe-consulting.com\/de\/\">www.sxe-consulting.com<\/a>.<br>Allerdings gibt es zu diesem Prinzip einige Ausnahmen. Bei bestimmten Dienstleistungen, die auf unserer Website angeboten werden, kann es sein, dass Sie uns bestimmte Daten mitteilen m\u00fcssen, z. B. Ihren Namen, Ihre Funktion, den Namen Ihres Unternehmens, Ihre E-Mail-Adresse und Ihre Telefonnummer. Dies ist der Fall, wenn Sie das Formular ausf\u00fcllen, das Ihnen online unter der Rubrik \u00abKontakt\u00bb angeboten wird. In jedem Fall k\u00f6nnen Sie die Angabe Ihrer pers\u00f6nlichen Daten verweigern. In diesem Fall k\u00f6nnen Sie die Dienste der Website nicht nutzen, insbesondere nicht die M\u00f6glichkeit, Informationen \u00fcber unser Unternehmen anzufordern oder Newsletter zu erhalten.<\/p>\n<p>Schlie\u00dflich k\u00f6nnen wir automatisch bestimmte Informationen \u00fcber Sie sammeln, wenn Sie einfach auf unserer Website surfen, insbesondere: Informationen \u00fcber die Nutzung unserer Website, z. B. die Bereiche, die Sie besuchen, und die Dienste, auf die Sie zugreifen, Ihre IP-Adresse, den Typ Ihres Browsers, Ihre Zugriffszeiten. Solche Informationen werden ausschlie\u00dflich f\u00fcr interne statistische Zwecke verwendet, um die Qualit\u00e4t der Ihnen angebotenen Dienstleistungen zu verbessern. Die Datenbanken sind durch die Bestimmungen des Gesetzes vom 1. Juli 1998 zur Umsetzung der Richtlinie 96\/9 vom 11. M\u00e4rz 1996 \u00fcber den rechtlichen Schutz von Datenbanken gesch\u00fctzt.<\/p>\t\t\t\t\t\t\t\t<\/div>\n\t\t\t\t<\/div>\n\t\t\t\t\t<\/div>\n\t\t<\/div>\n\t\t\t\t\t<\/div>\n\t\t<\/section>\n\t\t\t\t<\/div>","protected":false},"excerpt":{"rendered":"<p>Mentions L\u00e9gales Merci de lire avec attention les diff\u00e9rentes modalit\u00e9s d\u2019utilisation du pr\u00e9sent site avant d\u2019y parcourir ses pages. En vous connectant sur ce site, vous acceptez sans r\u00e9serves les pr\u00e9sentes modalit\u00e9s. Aussi, conform\u00e9ment \u00e0 l\u2019article n\u00b06 de la Loi n\u00b02004-575 du 21 Juin 2004 pour la confiance dans l\u2019\u00e9conomie num\u00e9rique, les responsables du pr\u00e9sent [&hellip;]<\/p>\n","protected":false},"author":1,"featured_media":0,"parent":0,"menu_order":0,"comment_status":"closed","ping_status":"closed","template":"elementor_header_footer","meta":{"_sitemap_exclude":false,"_sitemap_priority":"","_sitemap_frequency":"","footnotes":""},"definition":[],"class_list":["post-10848","page","type-page","status-publish","hentry"],"jetpack_sharing_enabled":true,"_links":{"self":[{"href":"https:\/\/sxe-consulting.com\/de\/wp-json\/wp\/v2\/pages\/10848","targetHints":{"allow":["GET"]}}],"collection":[{"href":"https:\/\/sxe-consulting.com\/de\/wp-json\/wp\/v2\/pages"}],"about":[{"href":"https:\/\/sxe-consulting.com\/de\/wp-json\/wp\/v2\/types\/page"}],"author":[{"embeddable":true,"href":"https:\/\/sxe-consulting.com\/de\/wp-json\/wp\/v2\/users\/1"}],"replies":[{"embeddable":true,"href":"https:\/\/sxe-consulting.com\/de\/wp-json\/wp\/v2\/comments?post=10848"}],"version-history":[{"count":0,"href":"https:\/\/sxe-consulting.com\/de\/wp-json\/wp\/v2\/pages\/10848\/revisions"}],"wp:attachment":[{"href":"https:\/\/sxe-consulting.com\/de\/wp-json\/wp\/v2\/media?parent=10848"}],"wp:term":[{"taxonomy":"definition","embeddable":true,"href":"https:\/\/sxe-consulting.com\/de\/wp-json\/wp\/v2\/definition?post=10848"}],"curies":[{"name":"wp","href":"https:\/\/api.w.org\/{rel}","templated":true}]}}